{"id":833,"date":"2026-04-21T22:23:36","date_gmt":"2026-04-22T01:53:36","guid":{"rendered":"https:\/\/libreriabonilla.com.mx\/?post_type=product&#038;p=833"},"modified":"2026-04-22T16:37:15","modified_gmt":"2026-04-22T20:07:15","slug":"el-culturalismo-estadounidense","status":"publish","type":"product","link":"https:\/\/libreriabonilla.com.mx\/index.php\/producto\/el-culturalismo-estadounidense\/","title":{"rendered":"El culturalismo Estadounidense"},"content":{"rendered":"<p>\u00bfEn serio cree que el pay de manzana es un asunto global? Culturalismo es hacer creer que un problema particular es el de todos. En este libro, el autor demuestra con hechos y mediante una minuciosa historia de las ideas, c\u00f3mo algunos t\u00f3picos de boga, tales como el multiculturalismo, los derechos de las minor\u00edas \u00e9tnicas y raciales, el feminismo duro, las cr\u00edticas al eurocentrismo, el avance del pragmatismo y la vulgarizaci\u00f3n del psicoan\u00e1lisis, responden a problemas espec\u00edficos de la sociedad estadounidense, por lo menos desde los a\u00f1os veinte del siglo pasado. Creyendo globalizarnos, los latinoamericanos no tenemos por qu\u00e9 adoptar un credo que no es el nuestro.<\/p>\n","protected":false},"excerpt":{"rendered":"<p>Cueva Perus, Marcos<\/p>\n","protected":false},"featured_media":1023,"comment_status":"closed","ping_status":"closed","template":"","meta":[],"product_brand":[],"product_cat":[689],"product_tag":[692,690,691],"class_list":{"0":"post-833","1":"product","2":"type-product","3":"status-publish","4":"has-post-thumbnail","6":"product_cat-globalizacion","7":"product_tag-cultura","8":"product_tag-estados-unidos","9":"product_tag-globalizacion","11":"first","12":"instock","13":"shipping-taxable","14":"purchasable","15":"product-type-simple"},"jetpack_sharing_enabled":true,"_links":{"self":[{"href":"https:\/\/libreriabonilla.com.mx\/index.php\/wp-json\/wp\/v2\/product\/833","targetHints":{"allow":["GET"]}}],"collection":[{"href":"https:\/\/libreriabonilla.com.mx\/index.php\/wp-json\/wp\/v2\/product"}],"about":[{"href":"https:\/\/libreriabonilla.com.mx\/index.php\/wp-json\/wp\/v2\/types\/product"}],"replies":[{"embeddable":true,"href":"https:\/\/libreriabonilla.com.mx\/index.php\/wp-json\/wp\/v2\/comments?post=833"}],"wp:featuredmedia":[{"embeddable":true,"href":"https:\/\/libreriabonilla.com.mx\/index.php\/wp-json\/wp\/v2\/media\/1023"}],"wp:attachment":[{"href":"https:\/\/libreriabonilla.com.mx\/index.php\/wp-json\/wp\/v2\/media?parent=833"}],"wp:term":[{"taxonomy":"product_brand","embeddable":true,"href":"https:\/\/libreriabonilla.com.mx\/index.php\/wp-json\/wp\/v2\/product_brand?post=833"},{"taxonomy":"product_cat","embeddable":true,"href":"https:\/\/libreriabonilla.com.mx\/index.php\/wp-json\/wp\/v2\/product_cat?post=833"},{"taxonomy":"product_tag","embeddable":true,"href":"https:\/\/libreriabonilla.com.mx\/index.php\/wp-json\/wp\/v2\/product_tag?post=833"}],"curies":[{"name":"wp","href":"https:\/\/api.w.org\/{rel}","templated":true}]}}