{"id":831,"date":"2026-04-21T22:23:36","date_gmt":"2026-04-22T01:53:36","guid":{"rendered":"https:\/\/libreriabonilla.com.mx\/?post_type=product&#038;p=831"},"modified":"2026-04-22T16:33:58","modified_gmt":"2026-04-22T20:03:58","slug":"viaje-a-mexico-ensayos-cronicas-y-retratos","status":"publish","type":"product","link":"https:\/\/libreriabonilla.com.mx\/index.php\/producto\/viaje-a-mexico-ensayos-cronicas-y-retratos\/","title":{"rendered":"Viaje a M\u00e9xico. Ensayos, cr\u00f3nicas y retratos"},"content":{"rendered":"<p>Viaje a M\u00e9xico ensambla una cadena de ensayos, papeles, cr\u00f3nicas y textos diversos cuyo com\u00fan denominador es la entidad imaginaria llamada M\u00e9xico. Es obra de alguien que mide el terreno, lo explora y lo va interrogando en sus ra\u00edces simb\u00f3licas, hist\u00f3ricas, literarias, po\u00e9ticas, ret\u00f3ricas y mitol\u00f3gicas. Adem\u00e1s de escrutar espacios como los de las ruinas mayas o diversas comarcas regionales, Viaje a M\u00e9xico sugiere el camino conflictivo del peregrino que busca una patria desvanecida entre las artes, las letras y la pol\u00edtica. M\u00e1s que una serie de tesis, Viaje a M\u00e9xico propone en su tren de ondas una cadena de par\u00e9ntesis, una red de movimientos, preguntas y perplejidades a trav\u00e9s de las obras de autores como Juan Jos\u00e9 Arreola, Salvador Elizondo, Carlos Fuentes, Juan Garc\u00eda Ponce, Andr\u00e9s Henestrosa, Antonio Mediz Bolio, Carlos Monsiv\u00e1is, Octavio Paz, Juan Rulfo o Gabriel Zaid, entre otros, cuyas voces abren el horizonte viajero para los peregrinos furtivos de las peque\u00f1as capillas cosmopolitas.<\/p>\n<p>ADOLFO CASTA\u00d1\u00d3N (M\u00e9xico, 1952) empez\u00f3 escribiendo versos y ha seguido public\u00e1ndolos a lo largo del tiempo. Adem\u00e1s, ha editado numerosas obras de ensayo y de cr\u00edtica literaria. Se ha distinguido como poeta, ensayista, traductor y editor. Form\u00f3 parte de la redacci\u00f3n de la Revista Plural dirigida por Octavio Paz. Es miembro de la Academia Mexicana de la Lengua desde 2004 y se desempe\u00f1a como investigador de El Colegio de M\u00e9xico.<br \/>\n\u00cdndice<br \/>\nVENAS ENCONTRADAS. El viaje a M\u00e9xico. Guadalupe. Cinco veces Yucat\u00e1n. Viaje a Chiapas. Vida cotidiana. Ciudad de M\u00e9xico 1850-1910. La Primera Comuni\u00f3n. Jes\u00fas Casta\u00f1\u00f3n Rodr\u00edguez y su biblioteca. En el d\u00eda de la bandera. Oraci\u00f3n c\u00edvica. Bernardo Reyes y el libro de honor mexicano. El exilio. Un relato de familia. Beve relaci\u00f3n de caf\u00e9s literarios. Octavio Paz: un premio para Estocolmo. La vida comienza a los 50. M\u00c9XICO Y SUS ESCRITORES. Una presentaci\u00f3n de la literatura mexicana para la Nouvelle Revue ran\u00e7aise (2000). La vida montaraz de Manuel Jos\u00e9 Oth\u00f3n. Trazos para una biograf\u00eda po\u00e9tica. Alfonso Reyes: Visi\u00f3n de An\u00e1huac. Aristas de Jorge Cuesta. Andr\u00e9s Henestrosa: el hombre que dispers\u00f3 su sombra. Pluma de fais\u00e1n, sombra de venado Antonio Mediz Bolio (1884-1957). Leopoldo Zea (1912-2004). Octavio Paz: fragmentos de un itinerario luminoso. Juan Rulfo: al filo del agua quemada. Imperio y presencia de Jos\u00e9 Luis Mart\u00ednez (recuerdos de un aprendizaje). Fernando del Paso: los cristeros en la literatura mexicana<br \/>\no de una inconclusa y sangrienta evangelizaci\u00f3n. La feria de Juan Jos\u00e9 Arreola en los Apuntes de Vicente Preciado Zacar\u00edas. Restituci\u00f3n del estoicismo: Manrique en Sabines. Carlos Fuentes y la edad de oro de la devastaci\u00f3n. Salvador Elizondo: idea del hombre que se hizo prosa. Juan Garc\u00eda Ponce: del hero\u00edsmo literario o del arte como una ceremonia. Traves\u00edas de Jos\u00e9 de la Colina. Gabriel Zaid o de la inteligencia encrucijada. Jos\u00e9 Emilio Pacheco: de la conciencia considerada como una de las bellas artes De Monsiv\u00e1is a Novo: la periferia como eje. Jorge Ibarg\u00fcengoitia y Carlos Montemayor: dos novelas mexicanas. Jaime Reyes: del ogro y su testamento. La aurora perdurable de Elsa Cross. Viaje al pa\u00eds de los centauros<\/p>\n","protected":false},"excerpt":{"rendered":"<p>Casta\u00f1on, Aldolfo<\/p>\n","protected":false},"featured_media":855,"comment_status":"closed","ping_status":"closed","template":"","meta":[],"product_brand":[],"product_cat":[31,398,131],"product_tag":[316,605,307],"class_list":{"0":"post-831","1":"product","2":"type-product","3":"status-publish","4":"has-post-thumbnail","6":"product_cat-ensayo","7":"product_cat-ensayo-literario","8":"product_cat-ensayos","9":"product_tag-adolfo-castanon","10":"product_tag-literatura","11":"product_tag-mexico","13":"first","14":"instock","15":"shipping-taxable","16":"purchasable","17":"product-type-simple"},"jetpack_sharing_enabled":true,"_links":{"self":[{"href":"https:\/\/libreriabonilla.com.mx\/index.php\/wp-json\/wp\/v2\/product\/831","targetHints":{"allow":["GET"]}}],"collection":[{"href":"https:\/\/libreriabonilla.com.mx\/index.php\/wp-json\/wp\/v2\/product"}],"about":[{"href":"https:\/\/libreriabonilla.com.mx\/index.php\/wp-json\/wp\/v2\/types\/product"}],"replies":[{"embeddable":true,"href":"https:\/\/libreriabonilla.com.mx\/index.php\/wp-json\/wp\/v2\/comments?post=831"}],"wp:featuredmedia":[{"embeddable":true,"href":"https:\/\/libreriabonilla.com.mx\/index.php\/wp-json\/wp\/v2\/media\/855"}],"wp:attachment":[{"href":"https:\/\/libreriabonilla.com.mx\/index.php\/wp-json\/wp\/v2\/media?parent=831"}],"wp:term":[{"taxonomy":"product_brand","embeddable":true,"href":"https:\/\/libreriabonilla.com.mx\/index.php\/wp-json\/wp\/v2\/product_brand?post=831"},{"taxonomy":"product_cat","embeddable":true,"href":"https:\/\/libreriabonilla.com.mx\/index.php\/wp-json\/wp\/v2\/product_cat?post=831"},{"taxonomy":"product_tag","embeddable":true,"href":"https:\/\/libreriabonilla.com.mx\/index.php\/wp-json\/wp\/v2\/product_tag?post=831"}],"curies":[{"name":"wp","href":"https:\/\/api.w.org\/{rel}","templated":true}]}}