{"id":830,"date":"2026-04-21T22:23:36","date_gmt":"2026-04-22T01:53:36","guid":{"rendered":"https:\/\/libreriabonilla.com.mx\/?post_type=product&#038;p=830"},"modified":"2026-04-22T16:33:11","modified_gmt":"2026-04-22T20:03:11","slug":"banco-mundial-modelo-de-desarrollo-y-propuesta-educativa-1980-2006","status":"publish","type":"product","link":"https:\/\/libreriabonilla.com.mx\/index.php\/producto\/banco-mundial-modelo-de-desarrollo-y-propuesta-educativa-1980-2006\/","title":{"rendered":"Banco mundial. Modelo de desarrollo y propuesta educativa (1980-2006)"},"content":{"rendered":"<p>Partiendo del hecho irrefutable de que el mundo de que en el mundo de hoy todos tenemos una idea preconcebida (aunque no necesariamente informada) del Banco Mundial, en este libro Bertha Lerner elabora un an\u00e1lisis del modelo de desarrollo y de la propuestas en materia educativa impulsadas por esta pol\u00e9mica instituci\u00f3n. Para hacerlo presenta un recorrido hist\u00f3rico por las principales ideas que han regido dicha instituci\u00f3n, as\u00ed como por las transformaciones conceptuales que ha habido en su seno al entrar en contacto con sus teor\u00edas con la realidad.<br \/>\nOtro hallazgo del libreo devela que el BM no es un banco t\u00edpico, tanto por la influencia que tiene entre los gobiernos del mundo como por sus intereses y objetivos -los cuales van mucho m\u00e1s all\u00e1 de s\u00f3lo hacer pr\u00e9stamos monetarios y cobrarlos intereses-, al ser un organismo supranacional comprometido con la instauraci\u00f3n y mantenimiento del libre mercado a lo largo y ancho del planeta. Para lograra lo anterior, nos dice la autora, el Banco Mundial ha entendido que se debe intentar garantizar la educaci\u00f3n de todos los ciudadanos del mundo, lo cual requiere, de acuerdo a la autora, promover la educaci\u00f3n p\u00fablica y privada.<br \/>\nBanco Mundial: modelo de desarrollo y propuesta educativa (1980-2006) es una obra importante para tirar prejuicios, a la vez que proporciona elementos que permiten conocer mejor (de manera informada) el origen y desarrollo hist\u00f3rico de las pol\u00edticas educativas que en mayor o menor grado la mayor\u00eda de los gobiernos han puesto en marcha en sus pa\u00edses.<\/p>\n<p>Bertha Lerner<br \/>\nInvestigadora del Instituto de Investigaciones Sociales de la Universidad Nacional Aut\u00f3noma de M\u00e9xico, es tambi\u00e9n profesora y tutora del posgrado de la Facultad de Ciencias Pol\u00edticas y Sociales de la misma instituci\u00f3n.<br \/>\nEn sus diversos libros y art\u00edculos ha desarrollado varias l\u00edneas de investigaci\u00f3n. En teor\u00eda pol\u00edtica ha incursionado en el mensaje pol\u00edtico de Max Weber: tanto en su profec\u00eda del poder cada vez mayor que adquirir\u00edan las burocracias en el mundo contempor\u00e1neo como el importante potencial pol\u00edtico que descubre en los movimientos religiosos como detonantes de cambios.<br \/>\nAm\u00e9rica Latina ha sido otro de sus temas fundamentales de investigaci\u00f3n. En esta dimensi\u00f3n, realiz\u00f3 un diagn\u00f3stico de los debates que para mediados de los noventa surgieron en el continente sobre la pobreza, la desigualdad y las opciones para combatir tales fen\u00f3menos.<br \/>\nEl sistema pol\u00edtico mexicano y su evoluci\u00f3n han constituido, asimismo, un objeto de indagaci\u00f3n permanente en la trayectoria de la investigadora. En esta l\u00ednea, explic\u00f3 los cambios del Partido Revolucionario Institucional (PRI) en sus primeros 40 a\u00f1os de existencia; destac\u00f3 adem\u00e1s rasos b\u00e1sicos de la burocracia nacional, as\u00ed como su manera de manifestar pasivamente una protesta. Tambi\u00e9n ha arrojado luz acerca de c\u00f3mo se ha transformado el panorama institucional del pa\u00eds a ra\u00edz de la transici\u00f3n democr\u00e1tica; ello ha dado lugar a un sistema de paridos competitivo, a una nueva relaci\u00f3n entre poderes (por ejemplo, Ejecutivo-Legislativo) y una nueva vinculaci\u00f3n cento-periferia. Recientemente enfoc\u00f3 sus atenci\u00f3n a la gobernabilidad m\u00e1s compleja que el pa\u00eds ha tenido frente a s\u00ed.<\/p>\n","protected":false},"excerpt":{"rendered":"<p>Lerner Bertha<\/p>\n","protected":false},"featured_media":1025,"comment_status":"closed","ping_status":"closed","template":"","meta":[],"product_brand":[],"product_cat":[163,689],"product_tag":[693,682,691],"class_list":{"0":"post-830","1":"product","2":"type-product","3":"status-publish","4":"has-post-thumbnail","6":"product_cat-economia","7":"product_cat-globalizacion","8":"product_tag-banco-mundial","9":"product_tag-economia","10":"product_tag-globalizacion","12":"first","13":"instock","14":"shipping-taxable","15":"purchasable","16":"product-type-simple"},"jetpack_sharing_enabled":true,"_links":{"self":[{"href":"https:\/\/libreriabonilla.com.mx\/index.php\/wp-json\/wp\/v2\/product\/830","targetHints":{"allow":["GET"]}}],"collection":[{"href":"https:\/\/libreriabonilla.com.mx\/index.php\/wp-json\/wp\/v2\/product"}],"about":[{"href":"https:\/\/libreriabonilla.com.mx\/index.php\/wp-json\/wp\/v2\/types\/product"}],"replies":[{"embeddable":true,"href":"https:\/\/libreriabonilla.com.mx\/index.php\/wp-json\/wp\/v2\/comments?post=830"}],"wp:featuredmedia":[{"embeddable":true,"href":"https:\/\/libreriabonilla.com.mx\/index.php\/wp-json\/wp\/v2\/media\/1025"}],"wp:attachment":[{"href":"https:\/\/libreriabonilla.com.mx\/index.php\/wp-json\/wp\/v2\/media?parent=830"}],"wp:term":[{"taxonomy":"product_brand","embeddable":true,"href":"https:\/\/libreriabonilla.com.mx\/index.php\/wp-json\/wp\/v2\/product_brand?post=830"},{"taxonomy":"product_cat","embeddable":true,"href":"https:\/\/libreriabonilla.com.mx\/index.php\/wp-json\/wp\/v2\/product_cat?post=830"},{"taxonomy":"product_tag","embeddable":true,"href":"https:\/\/libreriabonilla.com.mx\/index.php\/wp-json\/wp\/v2\/product_tag?post=830"}],"curies":[{"name":"wp","href":"https:\/\/api.w.org\/{rel}","templated":true}]}}