{"id":829,"date":"2026-04-21T22:23:36","date_gmt":"2026-04-22T01:53:36","guid":{"rendered":"https:\/\/libreriabonilla.com.mx\/?post_type=product&#038;p=829"},"modified":"2026-04-22T16:29:43","modified_gmt":"2026-04-22T19:59:43","slug":"cancun-los-avatares-de-una-marca-turistica-global","status":"publish","type":"product","link":"https:\/\/libreriabonilla.com.mx\/index.php\/producto\/cancun-los-avatares-de-una-marca-turistica-global\/","title":{"rendered":"Canc\u00fan: Los avatares de una marca tur\u00edstica global"},"content":{"rendered":"<p>En este libro se presentan \u00f3pticas muy distintas -pero complementarias- sobre los avatares de Canc\u00fan: el centro tur\u00edstico cosmopolita dise\u00f1ado en los escritorios de funcionarios p\u00fablicos y banqueros, la joven ciudad con m\u00e1s de 400,000 habitantes y menos de cuatro d\u00e9cadas de historia, los contrastes entre el emplazamiento hotelero de cinco estrellas y las regiones marginales y ca\u00f3ticas populares, las respuestas de su poblaci\u00f3n ante los embates de los huracanes o las percepciones y enso\u00f1aciones de sus habitantes_ Pero no s\u00f3lo se mencionan y se\u00f1alan los distintos \u00e1mbitos en los que hay conflictos (tanto sociales como culturales y ecol\u00f3gicos), sino que se ofrecen explicaciones profundas e informadas y se proponen posibles formas de enfrentarlas. As\u00ed en Canc\u00fan: los avatares de una marca tur\u00edstica global el lector encontrar\u00e1 tanto la historia del turismo internacional como las tendencias m\u00e1s progresistas del viajero moderno como son el ecoturismo o el turismo cultural, desde los quehaceres y limitaciones de las distintas administraciones municipales hasta la manera en que se est\u00e1n agrupando y formando las nuevas redes sociales del siglo XXI.<br \/>\nCarlos Mac\u00edas Richard<br \/>\nDoctor en historia por El Colegio de M\u00e9xico. Fue profesor investigador de la Universidad de Quintana Roo de 1992 a 2005 y, actualmente, es investigador de CIESAS Peninsular, con sede en M\u00e9rida. Es miembro del Sistema Nacional de Investigadores y de la Academia Mexicana de Ciencias. Director fundador de la Revista Mexicana del Caribe. Autor de Vida y temperamento. Plutarco El\u00edas Calles, 1877-1920. M\u00e9xico: Fondo de Cultura Econ\u00f3mica\/FAPECyFT, 1995, 350 pp.; Nueva frontera mexicana. Milicia, burocracia y ocupaci\u00f3n territorial en Quintana Roo. M\u00e9xico: CONACYT\/Universidad de Quintana Roo, 1997, 347pp. y de Alborada del Caribe mexicano. La costa Yucat\u00e1n-Honduras bajo la conquista temprana del nuevo mundo. M\u00e9xico: Miguel \u00c1ngel Porr\u00faa, 2006.<\/p>\n","protected":false},"excerpt":{"rendered":"<p>Mac\u00edas Richard, Carlos<\/p>\n","protected":false},"featured_media":1092,"comment_status":"closed","ping_status":"closed","template":"","meta":[],"product_brand":[],"product_cat":[479,163,331,477],"product_tag":[687,682,688],"class_list":{"0":"post-829","1":"product","2":"type-product","3":"status-publish","4":"has-post-thumbnail","6":"product_cat-cambio-climatico","7":"product_cat-economia","8":"product_cat-historia-de-mexico","9":"product_cat-medio-ambiente","10":"product_tag-cancun","11":"product_tag-economia","12":"product_tag-turismo","14":"first","15":"instock","16":"shipping-taxable","17":"purchasable","18":"product-type-simple"},"jetpack_sharing_enabled":true,"_links":{"self":[{"href":"https:\/\/libreriabonilla.com.mx\/index.php\/wp-json\/wp\/v2\/product\/829","targetHints":{"allow":["GET"]}}],"collection":[{"href":"https:\/\/libreriabonilla.com.mx\/index.php\/wp-json\/wp\/v2\/product"}],"about":[{"href":"https:\/\/libreriabonilla.com.mx\/index.php\/wp-json\/wp\/v2\/types\/product"}],"replies":[{"embeddable":true,"href":"https:\/\/libreriabonilla.com.mx\/index.php\/wp-json\/wp\/v2\/comments?post=829"}],"wp:featuredmedia":[{"embeddable":true,"href":"https:\/\/libreriabonilla.com.mx\/index.php\/wp-json\/wp\/v2\/media\/1092"}],"wp:attachment":[{"href":"https:\/\/libreriabonilla.com.mx\/index.php\/wp-json\/wp\/v2\/media?parent=829"}],"wp:term":[{"taxonomy":"product_brand","embeddable":true,"href":"https:\/\/libreriabonilla.com.mx\/index.php\/wp-json\/wp\/v2\/product_brand?post=829"},{"taxonomy":"product_cat","embeddable":true,"href":"https:\/\/libreriabonilla.com.mx\/index.php\/wp-json\/wp\/v2\/product_cat?post=829"},{"taxonomy":"product_tag","embeddable":true,"href":"https:\/\/libreriabonilla.com.mx\/index.php\/wp-json\/wp\/v2\/product_tag?post=829"}],"curies":[{"name":"wp","href":"https:\/\/api.w.org\/{rel}","templated":true}]}}