{"id":828,"date":"2026-04-21T22:23:36","date_gmt":"2026-04-22T01:53:36","guid":{"rendered":"https:\/\/libreriabonilla.com.mx\/?post_type=product&#038;p=828"},"modified":"2026-04-22T16:31:31","modified_gmt":"2026-04-22T20:01:31","slug":"el-docente-y-los-programas-escolares","status":"publish","type":"product","link":"https:\/\/libreriabonilla.com.mx\/index.php\/producto\/el-docente-y-los-programas-escolares\/","title":{"rendered":"El docente y los programas escolares"},"content":{"rendered":"<p>El docente y los programas escolares aborda y analiza los problemas que enfrenta el docente en la tarea educativa; al hacerlo, cumple con dos objetivos centrales: posibilitar una reflexi\u00f3n sobre la responsabilidad que tienen los profesores en el aprendizaje de sus estudiantes y promover un mejor tratamiento de los contenidos que deben ser abordados en el sal\u00f3n de clases. Con esto, logra tambi\u00e9n recuperar la persona del docente y coadyuva al funcionamiento de un engranaje muy importante en la tarea de educar: que el docente perciba que su trabajo tiene sentido, que vuelva a experimentar la pasi\u00f3n por su profesi\u00f3n y transmitir esta pasi\u00f3n a sus estudiantes en la relaci\u00f3n pedag\u00f3gica. El libro es para docentes; por ello, rescata elementos de dos grandes educadores: Comenio y Freinet; constituye una invitaci\u00f3n a continuar por este sendero, una esperanza de poder lograr una mejor educaci\u00f3n.<\/p>\n","protected":false},"excerpt":{"rendered":"<p>D\u00edaz Barriga, \u00c1ngel<\/p>\n","protected":false},"featured_media":1124,"comment_status":"closed","ping_status":"closed","template":"","meta":[],"product_brand":[],"product_cat":[27],"product_tag":[684],"class_list":{"0":"post-828","1":"product","2":"type-product","3":"status-publish","4":"has-post-thumbnail","6":"product_cat-educacion","7":"product_tag-educacion","9":"first","10":"instock","11":"shipping-taxable","12":"purchasable","13":"product-type-simple"},"jetpack_sharing_enabled":true,"_links":{"self":[{"href":"https:\/\/libreriabonilla.com.mx\/index.php\/wp-json\/wp\/v2\/product\/828","targetHints":{"allow":["GET"]}}],"collection":[{"href":"https:\/\/libreriabonilla.com.mx\/index.php\/wp-json\/wp\/v2\/product"}],"about":[{"href":"https:\/\/libreriabonilla.com.mx\/index.php\/wp-json\/wp\/v2\/types\/product"}],"replies":[{"embeddable":true,"href":"https:\/\/libreriabonilla.com.mx\/index.php\/wp-json\/wp\/v2\/comments?post=828"}],"wp:featuredmedia":[{"embeddable":true,"href":"https:\/\/libreriabonilla.com.mx\/index.php\/wp-json\/wp\/v2\/media\/1124"}],"wp:attachment":[{"href":"https:\/\/libreriabonilla.com.mx\/index.php\/wp-json\/wp\/v2\/media?parent=828"}],"wp:term":[{"taxonomy":"product_brand","embeddable":true,"href":"https:\/\/libreriabonilla.com.mx\/index.php\/wp-json\/wp\/v2\/product_brand?post=828"},{"taxonomy":"product_cat","embeddable":true,"href":"https:\/\/libreriabonilla.com.mx\/index.php\/wp-json\/wp\/v2\/product_cat?post=828"},{"taxonomy":"product_tag","embeddable":true,"href":"https:\/\/libreriabonilla.com.mx\/index.php\/wp-json\/wp\/v2\/product_tag?post=828"}],"curies":[{"name":"wp","href":"https:\/\/api.w.org\/{rel}","templated":true}]}}