{"id":827,"date":"2026-04-21T22:23:36","date_gmt":"2026-04-22T01:53:36","guid":{"rendered":"https:\/\/libreriabonilla.com.mx\/?post_type=product&#038;p=827"},"modified":"2026-04-22T16:28:09","modified_gmt":"2026-04-22T19:58:09","slug":"fiesta-espectaculo-y-teatralidad-en-el-mexico-de-los-conquistadores","status":"publish","type":"product","link":"https:\/\/libreriabonilla.com.mx\/index.php\/producto\/fiesta-espectaculo-y-teatralidad-en-el-mexico-de-los-conquistadores\/","title":{"rendered":"Fiesta, espect\u00e1culo y teatralidad en el M\u00e9xico de los conquistadores"},"content":{"rendered":"<p>\u00bfC\u00f3mo y c\u00faando comenz\u00f3 la actividad teatral en la ciudad de M\u00e9xico? La respuesta no implica necesariamente indicar c\u00f3mo lleg\u00f3 la primera obra de teatro a la ciudad, ni qui\u00e9n fue el primer autor novohispano o cu\u00e1l la primera representaci\u00f3n. Seg\u00fan la perspectiva que propone este libro, la respuesta supone atender asuntos tales como la evoluci\u00f3n en el uso de espacios, vestuarios, decoraci\u00f3n y escenograf\u00eda en fiestas y espect\u00e1culos, con el fin de mostrar la manera en que ellos se transformaron y favorecieron el florecimiento de la actividad teatral. Esta obra pretende ir m\u00e1s all\u00e1 de las historias tradicionales sobre el teatro novohispano, alej\u00e1ndose del cat\u00e1logo de nombre y fechas e incorporando variables hasta ahora dejadas de lado, tales como la relaci\u00f3n entre liturgia, fiesta y espect\u00e1culo.<\/p>\n","protected":false},"excerpt":{"rendered":"<p>Hern\u00e1n Ram\u00edrez, Hugo<\/p>\n","protected":false},"featured_media":930,"comment_status":"closed","ping_status":"closed","template":"","meta":[],"product_brand":[],"product_cat":[570],"product_tag":[686],"class_list":{"0":"post-827","1":"product","2":"type-product","3":"status-publish","4":"has-post-thumbnail","6":"product_cat-teatro","7":"product_tag-teatro","9":"first","10":"instock","11":"shipping-taxable","12":"purchasable","13":"product-type-simple"},"jetpack_sharing_enabled":true,"_links":{"self":[{"href":"https:\/\/libreriabonilla.com.mx\/index.php\/wp-json\/wp\/v2\/product\/827","targetHints":{"allow":["GET"]}}],"collection":[{"href":"https:\/\/libreriabonilla.com.mx\/index.php\/wp-json\/wp\/v2\/product"}],"about":[{"href":"https:\/\/libreriabonilla.com.mx\/index.php\/wp-json\/wp\/v2\/types\/product"}],"replies":[{"embeddable":true,"href":"https:\/\/libreriabonilla.com.mx\/index.php\/wp-json\/wp\/v2\/comments?post=827"}],"wp:featuredmedia":[{"embeddable":true,"href":"https:\/\/libreriabonilla.com.mx\/index.php\/wp-json\/wp\/v2\/media\/930"}],"wp:attachment":[{"href":"https:\/\/libreriabonilla.com.mx\/index.php\/wp-json\/wp\/v2\/media?parent=827"}],"wp:term":[{"taxonomy":"product_brand","embeddable":true,"href":"https:\/\/libreriabonilla.com.mx\/index.php\/wp-json\/wp\/v2\/product_brand?post=827"},{"taxonomy":"product_cat","embeddable":true,"href":"https:\/\/libreriabonilla.com.mx\/index.php\/wp-json\/wp\/v2\/product_cat?post=827"},{"taxonomy":"product_tag","embeddable":true,"href":"https:\/\/libreriabonilla.com.mx\/index.php\/wp-json\/wp\/v2\/product_tag?post=827"}],"curies":[{"name":"wp","href":"https:\/\/api.w.org\/{rel}","templated":true}]}}