{"id":826,"date":"2026-04-21T22:23:36","date_gmt":"2026-04-22T01:53:36","guid":{"rendered":"https:\/\/libreriabonilla.com.mx\/?post_type=product&#038;p=826"},"modified":"2026-04-22T16:27:40","modified_gmt":"2026-04-22T19:57:40","slug":"la-idea-de-america-origen-y-evolucion","status":"publish","type":"product","link":"https:\/\/libreriabonilla.com.mx\/index.php\/producto\/la-idea-de-america-origen-y-evolucion\/","title":{"rendered":"La idea de Am\u00e9rica. Origen y evoluci\u00f3n"},"content":{"rendered":"<p>La idea de Am\u00e9rica, qu\u00e9 es, en qu\u00e9 consiste, c\u00f3mo se ha formado a trav\u00e9s del pensamiento que los hombres all\u00ed nacidos tuvieron y tienen de ella, aborda la profunda unidad hist\u00f3rica de Hispanoam\u00e9rica y el sentido universal de su cultura a partir del contraste entre la colonizaci\u00f3n ib\u00e9rica y anglosajona.<br \/>\nEl objetivo final es desarrollar minuciosamente la idea de esa construcci\u00f3n llamada \u00abAm\u00e9rica\u00bb en su devenir hist\u00f3rico, desde el descubrimiento hasta el presente, examinando las obras y teor\u00edas que al respecto elaboraron los grandes pol\u00edgrafos, pensadores y ensayistas latinoamericanos.<br \/>\nSegunda edici\u00f3n completamente revisada, actualizada y ampliada de la que el autor hizo en 1972, agotada desde hace a\u00f1os.<\/p>\n<p>Jos\u00e9 Luis Abell\u00e1n<br \/>\nEs doctor en Filosof\u00eda, diplomado en Psicolog\u00eda y profesor de Historia de la Filosof\u00eda Espa\u00f1ola de la Universidad Complutense de Madrid hasta el a\u00f1o 2003. Miembro del Consejo Ejecutivo de la Unesco (1983-1986) y presidente del Ateneo Cient\u00edfico, Literario y Art\u00edstico de Madrid (2001-2009).<\/p>\n","protected":false},"excerpt":{"rendered":"<p>Abell\u00e1n, Jos\u00e9 Luis<\/p>\n","protected":false},"featured_media":928,"comment_status":"closed","ping_status":"closed","template":"","meta":[],"product_brand":[],"product_cat":[272,39],"product_tag":[639,677,307],"class_list":{"0":"post-826","1":"product","2":"type-product","3":"status-publish","4":"has-post-thumbnail","6":"product_cat-america-latina","7":"product_cat-filosofia","8":"product_tag-america-latina","9":"product_tag-hispanoamerica","10":"product_tag-mexico","12":"first","13":"instock","14":"shipping-taxable","15":"purchasable","16":"product-type-simple"},"jetpack_sharing_enabled":true,"_links":{"self":[{"href":"https:\/\/libreriabonilla.com.mx\/index.php\/wp-json\/wp\/v2\/product\/826","targetHints":{"allow":["GET"]}}],"collection":[{"href":"https:\/\/libreriabonilla.com.mx\/index.php\/wp-json\/wp\/v2\/product"}],"about":[{"href":"https:\/\/libreriabonilla.com.mx\/index.php\/wp-json\/wp\/v2\/types\/product"}],"replies":[{"embeddable":true,"href":"https:\/\/libreriabonilla.com.mx\/index.php\/wp-json\/wp\/v2\/comments?post=826"}],"wp:featuredmedia":[{"embeddable":true,"href":"https:\/\/libreriabonilla.com.mx\/index.php\/wp-json\/wp\/v2\/media\/928"}],"wp:attachment":[{"href":"https:\/\/libreriabonilla.com.mx\/index.php\/wp-json\/wp\/v2\/media?parent=826"}],"wp:term":[{"taxonomy":"product_brand","embeddable":true,"href":"https:\/\/libreriabonilla.com.mx\/index.php\/wp-json\/wp\/v2\/product_brand?post=826"},{"taxonomy":"product_cat","embeddable":true,"href":"https:\/\/libreriabonilla.com.mx\/index.php\/wp-json\/wp\/v2\/product_cat?post=826"},{"taxonomy":"product_tag","embeddable":true,"href":"https:\/\/libreriabonilla.com.mx\/index.php\/wp-json\/wp\/v2\/product_tag?post=826"}],"curies":[{"name":"wp","href":"https:\/\/api.w.org\/{rel}","templated":true}]}}