{"id":824,"date":"2026-04-21T22:23:35","date_gmt":"2026-04-22T01:53:35","guid":{"rendered":"https:\/\/libreriabonilla.com.mx\/?post_type=product&#038;p=824"},"modified":"2026-04-22T16:39:29","modified_gmt":"2026-04-22T20:09:29","slug":"mito-pragmatismo-e-imperialismo","status":"publish","type":"product","link":"https:\/\/libreriabonilla.com.mx\/index.php\/producto\/mito-pragmatismo-e-imperialismo\/","title":{"rendered":"Mito, pragmatismo e imperialismo"},"content":{"rendered":"<p>La conceptualizaci\u00f3n de los nuevos contenidos cognitivos con que se toparon los indios mexicanos a la llegada de las huestes de Cort\u00e9s, se fue dando en medio de las coordenadas emotivas del asombro, el temor, y la incertidumbre. Las balas surcando los aires, el trueno y los rel\u00e1mpagos de los ca\u00f1ones, los caballos y sus jinetes -\u00bfmonstruos?, \u00bfcentauros?-, los barcos cual monta\u00f1as flotantes_ Todo ello deber\u00eda ser pens\u00e1ndolo d\u00e1ndole un espacio y un significado dentro del horizonte mesoamericano. La conquista de Tenochtitl\u00e1n supuso la confrontaci\u00f3n de dos civilizaciones dis\u00edmiles, caracterizadas por una conciencia colectiva muy diferente la una de la otra, lo que implica un contraste que alumbra y resalta con mayor nitidez tanto la conciencia propia de cada una de ellas, como la relevancia de tal diferencia para el desarrollo y el resultado de la confrontaci\u00f3n b\u00e9lica.<\/p>\n<p>Tzvi Medin<br \/>\nEs catedr\u00e1tico de la Universidad de Tel Aviv, donde dirige la C\u00e1tedra El\u00edas Souraski de Estudios Iberoamericanos. Autor, entre otras obras, de Ideolog\u00eda y praxis pol\u00edtica de L\u00e1zaro C\u00e1rdenas, El minimandato presidencial: historia pol\u00edtica del maximato (1928-1935), Ideolog\u00eda y conciencia social en la Revoluci\u00f3n Cubana, Ortega y Gasset en la cultura hispanoamericana, El sexenio alemanista: ideolog\u00eda y praxis pol\u00edtica de Miguel Alem\u00e1n y Leopoldo Zea: ideolog\u00eda, historia y filosof\u00eda de Am\u00e9rica Latina. Ha dedicado gran parte de su carrera a la historia intelectual de M\u00e9xico, lo que le ha valido ser galardonado con el \u00ab\u00c1guila azteca\u00bb.<\/p>\n","protected":false},"excerpt":{"rendered":"<p>Tzvi Medin<\/p>\n","protected":false},"featured_media":943,"comment_status":"closed","ping_status":"closed","template":"","meta":[],"product_brand":[],"product_cat":[272,183],"product_tag":[666,694],"class_list":{"0":"post-824","1":"product","2":"type-product","3":"status-publish","4":"has-post-thumbnail","6":"product_cat-america-latina","7":"product_cat-antropologia","8":"product_tag-imperio-azteca","9":"product_tag-la-conquista","11":"first","12":"instock","13":"shipping-taxable","14":"purchasable","15":"product-type-simple"},"jetpack_sharing_enabled":true,"_links":{"self":[{"href":"https:\/\/libreriabonilla.com.mx\/index.php\/wp-json\/wp\/v2\/product\/824","targetHints":{"allow":["GET"]}}],"collection":[{"href":"https:\/\/libreriabonilla.com.mx\/index.php\/wp-json\/wp\/v2\/product"}],"about":[{"href":"https:\/\/libreriabonilla.com.mx\/index.php\/wp-json\/wp\/v2\/types\/product"}],"replies":[{"embeddable":true,"href":"https:\/\/libreriabonilla.com.mx\/index.php\/wp-json\/wp\/v2\/comments?post=824"}],"wp:featuredmedia":[{"embeddable":true,"href":"https:\/\/libreriabonilla.com.mx\/index.php\/wp-json\/wp\/v2\/media\/943"}],"wp:attachment":[{"href":"https:\/\/libreriabonilla.com.mx\/index.php\/wp-json\/wp\/v2\/media?parent=824"}],"wp:term":[{"taxonomy":"product_brand","embeddable":true,"href":"https:\/\/libreriabonilla.com.mx\/index.php\/wp-json\/wp\/v2\/product_brand?post=824"},{"taxonomy":"product_cat","embeddable":true,"href":"https:\/\/libreriabonilla.com.mx\/index.php\/wp-json\/wp\/v2\/product_cat?post=824"},{"taxonomy":"product_tag","embeddable":true,"href":"https:\/\/libreriabonilla.com.mx\/index.php\/wp-json\/wp\/v2\/product_tag?post=824"}],"curies":[{"name":"wp","href":"https:\/\/api.w.org\/{rel}","templated":true}]}}