{"id":823,"date":"2026-04-21T22:23:35","date_gmt":"2026-04-22T01:53:35","guid":{"rendered":"https:\/\/libreriabonilla.com.mx\/?post_type=product&#038;p=823"},"modified":"2026-04-22T16:38:52","modified_gmt":"2026-04-22T20:08:52","slug":"relacion-del-festejo-que-a-los-marqueses-de-las-amarillas-les-hicieron-las-senoras-religiosas-del-convento-de-san-jeronimo-mexico-1756","status":"publish","type":"product","link":"https:\/\/libreriabonilla.com.mx\/index.php\/producto\/relacion-del-festejo-que-a-los-marqueses-de-las-amarillas-les-hicieron-las-senoras-religiosas-del-convento-de-san-jeronimo-mexico-1756\/","title":{"rendered":"Relaci\u00f3n del festejo que a los marqueses de las amarillas les hicieron las se\u00f1oras religiosas del convento de San Jeronimo M\u00e9xico, 1756"},"content":{"rendered":"<p>En agosto de 1756, las monjas del convento de San Jer\u00f3nimo en la ciudad de M\u00e9xico festejaron a los virreyes de Nueva Espa\u00f1a, los Marqueses de las Amarillas, con obras de teatro y piezas de m\u00fasica y baile. Esta edici\u00f3n incluye el texto completo del festejo, cuidadosamente anotado, con una introducci\u00f3n que ofrece contextualizaci\u00f3n y an\u00e1lisis. El festejo abre nuevas perspectivas sobre la cultura teatral y musical de los conventos novohispanos, y sobre las complejas relaciones entre los conventos y la corte virreinal.<\/p>\n<p>Frederick Luciani es profesor en el Departamento de Lenguas Rom\u00e1nicas de la Universidad de Colgate (Nueva York, Estados Unidos). Es autor de Literary Self-Fashioning in Sor Juana In\u00e9s de la Cruz (Lewisburg: Bucknell University Presses, 2004).<\/p>\n","protected":false},"excerpt":{"rendered":"<p>Barruchi, Joaqu\u00edn<\/p>\n","protected":false},"featured_media":1388,"comment_status":"closed","ping_status":"closed","template":"","meta":[],"product_brand":[],"product_cat":[272,183,149,70,331],"product_tag":[695],"class_list":{"0":"post-823","1":"product","2":"type-product","3":"status-publish","4":"has-post-thumbnail","6":"product_cat-america-latina","7":"product_cat-antropologia","8":"product_cat-antropologia-politica","9":"product_cat-historia","10":"product_cat-historia-de-mexico","11":"product_tag-virreynato","13":"first","14":"instock","15":"shipping-taxable","16":"purchasable","17":"product-type-simple"},"jetpack_sharing_enabled":true,"_links":{"self":[{"href":"https:\/\/libreriabonilla.com.mx\/index.php\/wp-json\/wp\/v2\/product\/823","targetHints":{"allow":["GET"]}}],"collection":[{"href":"https:\/\/libreriabonilla.com.mx\/index.php\/wp-json\/wp\/v2\/product"}],"about":[{"href":"https:\/\/libreriabonilla.com.mx\/index.php\/wp-json\/wp\/v2\/types\/product"}],"replies":[{"embeddable":true,"href":"https:\/\/libreriabonilla.com.mx\/index.php\/wp-json\/wp\/v2\/comments?post=823"}],"wp:featuredmedia":[{"embeddable":true,"href":"https:\/\/libreriabonilla.com.mx\/index.php\/wp-json\/wp\/v2\/media\/1388"}],"wp:attachment":[{"href":"https:\/\/libreriabonilla.com.mx\/index.php\/wp-json\/wp\/v2\/media?parent=823"}],"wp:term":[{"taxonomy":"product_brand","embeddable":true,"href":"https:\/\/libreriabonilla.com.mx\/index.php\/wp-json\/wp\/v2\/product_brand?post=823"},{"taxonomy":"product_cat","embeddable":true,"href":"https:\/\/libreriabonilla.com.mx\/index.php\/wp-json\/wp\/v2\/product_cat?post=823"},{"taxonomy":"product_tag","embeddable":true,"href":"https:\/\/libreriabonilla.com.mx\/index.php\/wp-json\/wp\/v2\/product_tag?post=823"}],"curies":[{"name":"wp","href":"https:\/\/api.w.org\/{rel}","templated":true}]}}