{"id":822,"date":"2026-04-21T22:23:35","date_gmt":"2026-04-22T01:53:35","guid":{"rendered":"https:\/\/libreriabonilla.com.mx\/?post_type=product&#038;p=822"},"modified":"2026-04-22T16:37:53","modified_gmt":"2026-04-22T20:07:53","slug":"tertulia-sociologica","status":"publish","type":"product","link":"https:\/\/libreriabonilla.com.mx\/index.php\/producto\/tertulia-sociologica\/","title":{"rendered":"Tertulia sociol\u00f3gica"},"content":{"rendered":"<p>Tertulia sociol\u00f3gica re\u00fane una serie de entrevistas realizadas en diferentes momentos a nueve soci\u00f3logos contempor\u00e1neos de distintas corrientes y nacionalidades. El texto pretende indagar en la trayectoria del investigador y en los principales temas abordados en el transcurso de su carrera. Se pone atenci\u00f3n en los conceptos utilizados y en su manera de resolver los problemas a los que se enfrent\u00f3.<br \/>\nLas p\u00e1ginas de este documento muestran la diversidad y vitalidad de la Sociolog\u00eda, disciplina que se renueva constantemente al confrontarse con la realidad y dinamizar la herencia te\u00f3rica de los cl\u00e1sicos. Conceptos como mutaci\u00f3n cultural, individuaci\u00f3n, cultura, estructura, pol\u00edtica -entre otros-, ense\u00f1an parte de las preocupaciones actuales y sus respuestas para comprender los procesos sociales.<br \/>\nEl libro invita a transitar por la \u00abcocina de la ciencia\u00bb del mundo sociol\u00f3gico, al presentar a los autores y su manera de ejercer esta disciplina contemplativa a la que dedican su vida.<br \/>\nHugo Jos\u00e9 Su\u00e1rez<br \/>\nEs doctor en Sociolog\u00eda por la Universidad Cat\u00f3lica de Lovaina, B\u00e9lgica. Investigador del Instituto de Investigaciones Sociales de la UNAM y miembro del Sistema Nacional de Investigadores. Trabaja temas de Sociolog\u00eda de la religi\u00f3n, metodolog\u00eda cualitativa, an\u00e1lisis de producciones culturales. Entre sus libros: \u00bfSer cristiano es ser de izquierda? (2003), Bolivia: pa\u00eds rebelde (2007), El sentido y el m\u00e9todo (2008), La fotograf\u00eda como fuente de sentidos (2008).<br \/>\n\u00cdndice<br \/>\n\u00cdndice. Introducci\u00f3n. PRIMERA PARTE. Mutaci\u00f3n cultural e individuaci\u00f3n. La mutaci\u00f3n cultural. Guy Bajoit Sociolog\u00eda, modernidad, individuo. Danilo Martuccelli Movimientos sociales e intervenci\u00f3n sociol\u00f3gica. (con Natasha Loayza) Michael Wieviorka. SEGUNDA PARTE. Cultura, estructura y acci\u00f3n. Por una sociolog\u00eda psicol\u00f3gica. Bernard Lahire. Identidad y cultura. Gilberto Gim\u00e9nez. An\u00e1lisis estructural y sistemas de sentido. Jean-Pierre Hiernaux. TERCERA PARTE. Sociolog\u00eda e intervenci\u00f3n. En b\u00fasqueda del sentido de la acci\u00f3n humana. Christian Lalive d&#8217;Epinay. Chile: pol\u00edtica y mercado. Tom\u00e1s Moulian. Sociolog\u00eda impertinente. Alejandro Portes.<\/p>\n","protected":false},"excerpt":{"rendered":"<p>Suarez, Hugo Jos\u00e9<\/p>\n","protected":false},"featured_media":1071,"comment_status":"closed","ping_status":"closed","template":"","meta":[],"product_brand":[],"product_cat":[422],"product_tag":[696],"class_list":{"0":"post-822","1":"product","2":"type-product","3":"status-publish","4":"has-post-thumbnail","6":"product_cat-sociologia","7":"product_tag-sociologia","9":"first","10":"instock","11":"shipping-taxable","12":"purchasable","13":"product-type-simple"},"jetpack_sharing_enabled":true,"_links":{"self":[{"href":"https:\/\/libreriabonilla.com.mx\/index.php\/wp-json\/wp\/v2\/product\/822","targetHints":{"allow":["GET"]}}],"collection":[{"href":"https:\/\/libreriabonilla.com.mx\/index.php\/wp-json\/wp\/v2\/product"}],"about":[{"href":"https:\/\/libreriabonilla.com.mx\/index.php\/wp-json\/wp\/v2\/types\/product"}],"replies":[{"embeddable":true,"href":"https:\/\/libreriabonilla.com.mx\/index.php\/wp-json\/wp\/v2\/comments?post=822"}],"wp:featuredmedia":[{"embeddable":true,"href":"https:\/\/libreriabonilla.com.mx\/index.php\/wp-json\/wp\/v2\/media\/1071"}],"wp:attachment":[{"href":"https:\/\/libreriabonilla.com.mx\/index.php\/wp-json\/wp\/v2\/media?parent=822"}],"wp:term":[{"taxonomy":"product_brand","embeddable":true,"href":"https:\/\/libreriabonilla.com.mx\/index.php\/wp-json\/wp\/v2\/product_brand?post=822"},{"taxonomy":"product_cat","embeddable":true,"href":"https:\/\/libreriabonilla.com.mx\/index.php\/wp-json\/wp\/v2\/product_cat?post=822"},{"taxonomy":"product_tag","embeddable":true,"href":"https:\/\/libreriabonilla.com.mx\/index.php\/wp-json\/wp\/v2\/product_tag?post=822"}],"curies":[{"name":"wp","href":"https:\/\/api.w.org\/{rel}","templated":true}]}}