{"id":821,"date":"2026-04-21T22:23:27","date_gmt":"2026-04-22T01:53:27","guid":{"rendered":"https:\/\/libreriabonilla.com.mx\/?post_type=product&#038;p=821"},"modified":"2026-04-22T16:43:17","modified_gmt":"2026-04-22T20:13:17","slug":"trayectorias-laborales-y-movilidad-ocupacional","status":"publish","type":"product","link":"https:\/\/libreriabonilla.com.mx\/index.php\/producto\/trayectorias-laborales-y-movilidad-ocupacional\/","title":{"rendered":"Trayectorias laborales y movilidad ocupacional"},"content":{"rendered":"<p>Dos temas son particularmente relevantes en este estudio. En primer t\u00e9rmino la sistematizaci\u00f3n que la autora hace de las principlaes tendencias que en este momento existen referidas a los estudios de Trayectorias Profesionales de Egresados Universitarios. Con mucho detalle la autora revisa las tendencias as\u00ed como los conceptos centrales con los que se han construido diversas investigaciones sobre el tema. Mientras que en segundo lugar este trabajo muestra los resultados de las Trayectorias Laborales de los Egresados de una licenciatura que se imparte en la Universidad Aut\u00f3noma de Tlaxcala, la licenciatura en Biolog\u00eda Agropecuaria. Se observa con claridad la din\u00e1mica laboral en los egresados de una licenciatura h\u00edbrida que tiene una estrecha relaci\u00f3n con temas vinculados con la producci\u00f3n agr\u00edcola, la oferta de empleo que existe en este sector en M\u00e9xico y la movilidad ocupacional, en particular en el estado de Tlaxcala. Las opciones de desarrollo profesional que tienen quienes se quedan con el nivel licenciatura o quienes pueden realizar estudios de posgrado; as\u00ed como la confluencia de otros factores que interactual en los trayectos laborales, como el periodo de egreso, el capital relacional, el primer empleo y el g\u00e9nero.<\/p>\n","protected":false},"excerpt":{"rendered":"<p>Jim\u00e9nez V\u00e1squez, Mariela<\/p>\n","protected":false},"featured_media":911,"comment_status":"closed","ping_status":"closed","template":"","meta":[],"product_brand":[],"product_cat":[52,27],"product_tag":[684,697],"class_list":{"0":"post-821","1":"product","2":"type-product","3":"status-publish","4":"has-post-thumbnail","6":"product_cat-ciencias-sociales","7":"product_cat-educacion","8":"product_tag-educacion","9":"product_tag-universidad-autonoma-de-tlaxcala","11":"first","12":"instock","13":"shipping-taxable","14":"purchasable","15":"product-type-simple"},"jetpack_sharing_enabled":true,"_links":{"self":[{"href":"https:\/\/libreriabonilla.com.mx\/index.php\/wp-json\/wp\/v2\/product\/821","targetHints":{"allow":["GET"]}}],"collection":[{"href":"https:\/\/libreriabonilla.com.mx\/index.php\/wp-json\/wp\/v2\/product"}],"about":[{"href":"https:\/\/libreriabonilla.com.mx\/index.php\/wp-json\/wp\/v2\/types\/product"}],"replies":[{"embeddable":true,"href":"https:\/\/libreriabonilla.com.mx\/index.php\/wp-json\/wp\/v2\/comments?post=821"}],"wp:featuredmedia":[{"embeddable":true,"href":"https:\/\/libreriabonilla.com.mx\/index.php\/wp-json\/wp\/v2\/media\/911"}],"wp:attachment":[{"href":"https:\/\/libreriabonilla.com.mx\/index.php\/wp-json\/wp\/v2\/media?parent=821"}],"wp:term":[{"taxonomy":"product_brand","embeddable":true,"href":"https:\/\/libreriabonilla.com.mx\/index.php\/wp-json\/wp\/v2\/product_brand?post=821"},{"taxonomy":"product_cat","embeddable":true,"href":"https:\/\/libreriabonilla.com.mx\/index.php\/wp-json\/wp\/v2\/product_cat?post=821"},{"taxonomy":"product_tag","embeddable":true,"href":"https:\/\/libreriabonilla.com.mx\/index.php\/wp-json\/wp\/v2\/product_tag?post=821"}],"curies":[{"name":"wp","href":"https:\/\/api.w.org\/{rel}","templated":true}]}}