{"id":820,"date":"2026-04-21T22:23:26","date_gmt":"2026-04-22T01:53:26","guid":{"rendered":"https:\/\/libreriabonilla.com.mx\/?post_type=product&#038;p=820"},"modified":"2026-04-22T16:15:09","modified_gmt":"2026-04-22T19:45:09","slug":"diseno-en-la-revista-de-la-universidad-de-mexico","status":"publish","type":"product","link":"https:\/\/libreriabonilla.com.mx\/index.php\/producto\/diseno-en-la-revista-de-la-universidad-de-mexico\/","title":{"rendered":"Dise\u00f1o en la revista de la Universidad de M\u00e9xico"},"content":{"rendered":"<p>En este libro hay una historia completa de la difusi\u00f3n cultural en este pa\u00eds, contada a trav\u00e9s de un arduo y completo an\u00e1lisis sobre el dise\u00f1o de la Revista de la Universidad de M\u00e9xico de 1946 a 2006, con el antecedente de su etapa fundamental: 1929 a 1939, a\u00f1os de la lucha y consolidaci\u00f3n de la autonom\u00eda universitaria.<br \/>\nLa autora hace una serie de consideraciones acerca de las publicaciones de las humanidades desde la UNAM -que, en esa materia, ocupa el tercer lugar en el \u00e1mbito mundial- y de las caracter\u00edsticas del dise\u00f1o de la revista de difusi\u00f3n de la cultura universitaria en espec\u00edfico, que completan el cap\u00edtulo central de esta obra, enmarcado por los aspectos generales de la comunicaci\u00f3n gr\u00e1fica, la semi\u00f3tica y la significaci\u00f3n.<br \/>\nEl estudio se vuelve especialmente minucioso cuando Lydia Elizalde detalla las caracter\u00edsticas del dise\u00f1o de esta revista y cuando entra en los terrenos de la historia, de los directores, editores y artistas gr\u00e1ficos que, en el transcurso de muchos a\u00f1os y con sus m\u00faltiples avatares, han sacado adelante la que es ya una de las m\u00e1s fundamentales publicaciones culturales de Latinoam\u00e9rica.<br \/>\nHugo Guti\u00e9rrez Vega<br \/>\nLydia Elizalde<br \/>\nDoctora en Historia del Arte, ha desarrollado su pr\u00e1ctica profecional en la Universidad Aut\u00f3noma del Estado de Morelos como investigadora nacional en donde realiza estudios sobre Semi\u00f3tica visual. Es autora de art\u00edculos especializados en teor\u00edas del arte y de la gr\u00e1fica, y de investiogaci\u00f3n hist\u00f3rica sobre el desarrollo editotrial en M\u00e9xico. Coordin\u00f3 la publicaci\u00f3n del libro Revistas culturales latinoamerianas 1920-1960, editado por Conaculta \/UIA\/UAEM,en 2008.<\/p>\n","protected":false},"excerpt":{"rendered":"<p>Pablo Castro Domingo; Ambar Varela Mattute; Luis Rodr\u00edguez Castillo<\/p>\n","protected":false},"featured_media":1117,"comment_status":"closed","ping_status":"closed","template":"","meta":[],"product_brand":[],"product_cat":[31,70,623],"product_tag":[698,699],"class_list":{"0":"post-820","1":"product","2":"type-product","3":"status-publish","4":"has-post-thumbnail","6":"product_cat-ensayo","7":"product_cat-historia","8":"product_cat-historia-de-la-educacion","9":"product_tag-revista-de-la-universidad-de-mexico","10":"product_tag-unam","12":"first","13":"instock","14":"shipping-taxable","15":"purchasable","16":"product-type-simple"},"jetpack_sharing_enabled":true,"_links":{"self":[{"href":"https:\/\/libreriabonilla.com.mx\/index.php\/wp-json\/wp\/v2\/product\/820","targetHints":{"allow":["GET"]}}],"collection":[{"href":"https:\/\/libreriabonilla.com.mx\/index.php\/wp-json\/wp\/v2\/product"}],"about":[{"href":"https:\/\/libreriabonilla.com.mx\/index.php\/wp-json\/wp\/v2\/types\/product"}],"replies":[{"embeddable":true,"href":"https:\/\/libreriabonilla.com.mx\/index.php\/wp-json\/wp\/v2\/comments?post=820"}],"wp:featuredmedia":[{"embeddable":true,"href":"https:\/\/libreriabonilla.com.mx\/index.php\/wp-json\/wp\/v2\/media\/1117"}],"wp:attachment":[{"href":"https:\/\/libreriabonilla.com.mx\/index.php\/wp-json\/wp\/v2\/media?parent=820"}],"wp:term":[{"taxonomy":"product_brand","embeddable":true,"href":"https:\/\/libreriabonilla.com.mx\/index.php\/wp-json\/wp\/v2\/product_brand?post=820"},{"taxonomy":"product_cat","embeddable":true,"href":"https:\/\/libreriabonilla.com.mx\/index.php\/wp-json\/wp\/v2\/product_cat?post=820"},{"taxonomy":"product_tag","embeddable":true,"href":"https:\/\/libreriabonilla.com.mx\/index.php\/wp-json\/wp\/v2\/product_tag?post=820"}],"curies":[{"name":"wp","href":"https:\/\/api.w.org\/{rel}","templated":true}]}}