{"id":818,"date":"2026-04-21T22:23:26","date_gmt":"2026-04-22T01:53:26","guid":{"rendered":"https:\/\/libreriabonilla.com.mx\/?post_type=product&#038;p=818"},"modified":"2026-04-22T16:51:18","modified_gmt":"2026-04-22T20:21:18","slug":"cuerpo-y-cultura-las-musicas-mulatas-y-la-subversion-del-baile","status":"publish","type":"product","link":"https:\/\/libreriabonilla.com.mx\/index.php\/producto\/cuerpo-y-cultura-las-musicas-mulatas-y-la-subversion-del-baile\/","title":{"rendered":"Cuerpo y cultura. Las m\u00fasicas \u00abmulatas\u00bb y la subversi\u00f3n del baile"},"content":{"rendered":"<p>El presente estudio examina el papel central del baile en la conformaci\u00f3n de las identidades sociales a trav\u00e9s de las cuales se configur\u00f3 el mundo civil en los pa\u00edses caribe\u00f1os. Analiza en detalle la musicalidad afroamericana, que facilit\u00f3 el reencuentro entre el canto y el baile que la separaci\u00f3n mente-cuerpo de la modernidad occidental hab\u00eda lanzado por rumbos opuestos. Y presenta, a su vez, una historia social abarcadora de las m\u00fasicas \u00abmulatas\u00bb bailables, desde las primeras contradanzas y habaneras del siglo XIX hasta el reggaet\u00f3n de comienzos del XXI.<\/p>\n<p>En palabras de An\u00edbal Quijano, \u00ab\u00c1ngel Quintero Rivera ha logrado ubicar en ese nudo que entrelaza todos los procesos, vertientes, caminos, herencias, utop\u00edas y proyectos, el origen y las peculiaridades musicales y danzantes de lo que llama las \u00abm\u00fasicas mulatas\u00bb, no s\u00f3lo sus conexiones sociales y pol\u00edticas visibles\u00bb.<\/p>\n<p>\u00c1ngel Quintero Rivera dirige proyectos sobre Sociolog\u00eda de la cultura en el Centro de Investigaciones Sociales de la Universidad de Puerto Rico. Ha publicado, entre otros t\u00edtulos, Patricios y plebeyos: burgueses, hacendados artesanos y obreros (1988), V\u00edrgenes, magos y escapularios, imaginer\u00eda, etnicidad y religiosidad popular (1998), Ponce: la capital alterna, sociedad civil y cultura urbana (2003) y \u00a1Salsa, sabor y control! Sociolog\u00eda de la m\u00fasica \u00abtropical\u00bb (Premio Casa de la Am\u00e9ricas 1998 y Premio Iberoamericano de LASA 2000).<\/p>\n","protected":false},"excerpt":{"rendered":"<p>Quintero Rivera, \u00c1ngel<\/p>\n","protected":false},"featured_media":969,"comment_status":"closed","ping_status":"closed","template":"","meta":[],"product_brand":[],"product_cat":[272,183],"product_tag":[703,661],"class_list":{"0":"post-818","1":"product","2":"type-product","3":"status-publish","4":"has-post-thumbnail","6":"product_cat-america-latina","7":"product_cat-antropologia","8":"product_tag-antropologia-social","9":"product_tag-mulatas-en-america-latina","11":"first","12":"instock","13":"shipping-taxable","14":"purchasable","15":"product-type-simple"},"jetpack_sharing_enabled":true,"_links":{"self":[{"href":"https:\/\/libreriabonilla.com.mx\/index.php\/wp-json\/wp\/v2\/product\/818","targetHints":{"allow":["GET"]}}],"collection":[{"href":"https:\/\/libreriabonilla.com.mx\/index.php\/wp-json\/wp\/v2\/product"}],"about":[{"href":"https:\/\/libreriabonilla.com.mx\/index.php\/wp-json\/wp\/v2\/types\/product"}],"replies":[{"embeddable":true,"href":"https:\/\/libreriabonilla.com.mx\/index.php\/wp-json\/wp\/v2\/comments?post=818"}],"wp:featuredmedia":[{"embeddable":true,"href":"https:\/\/libreriabonilla.com.mx\/index.php\/wp-json\/wp\/v2\/media\/969"}],"wp:attachment":[{"href":"https:\/\/libreriabonilla.com.mx\/index.php\/wp-json\/wp\/v2\/media?parent=818"}],"wp:term":[{"taxonomy":"product_brand","embeddable":true,"href":"https:\/\/libreriabonilla.com.mx\/index.php\/wp-json\/wp\/v2\/product_brand?post=818"},{"taxonomy":"product_cat","embeddable":true,"href":"https:\/\/libreriabonilla.com.mx\/index.php\/wp-json\/wp\/v2\/product_cat?post=818"},{"taxonomy":"product_tag","embeddable":true,"href":"https:\/\/libreriabonilla.com.mx\/index.php\/wp-json\/wp\/v2\/product_tag?post=818"}],"curies":[{"name":"wp","href":"https:\/\/api.w.org\/{rel}","templated":true}]}}