{"id":817,"date":"2026-04-21T22:23:26","date_gmt":"2026-04-22T01:53:26","guid":{"rendered":"https:\/\/libreriabonilla.com.mx\/?post_type=product&#038;p=817"},"modified":"2026-04-22T16:53:13","modified_gmt":"2026-04-22T20:23:13","slug":"a-veces-escribo-como-si-trazase-un-boceto","status":"publish","type":"product","link":"https:\/\/libreriabonilla.com.mx\/index.php\/producto\/a-veces-escribo-como-si-trazase-un-boceto\/","title":{"rendered":"A Veces escribo como si trazase un boceto"},"content":{"rendered":"<p>\u201cA veces escribo como si trazase un boceto\u201d: eso fue lo que respondi\u00f3 Remedios Varo cuando en una entrevista, le preguntaron si se consideraba escritora o pintora. Esta respuesta, que da t\u00edtulo al presente libro, puede servir de punto de partida para interpretar el significado que ten\u00eda la escritura en su universo creativo un ejercicio inacabado, privado y libre.<\/p>\n<p>El estudio propone una nueva manera de aproximarse a la obra art\u00edstica de Varo, tanto la pict\u00f3rica como la escrita, con el desarrollo de la noci\u00f3n de \u201cconstructo creativo\u201d, la cual muestra la silenciosa complementariedad entre los diversos lenguajes utilizados por la artista.<\/p>\n<p>Edici\u00f3n cr\u00edtica y gen\u00e9tica de los escritos de Remedios Varo (1908-1963) que muestra la sutil complementariedad entre los diversos lenguajes creativos usados por la artista espa\u00f1ola exiliada en M\u00e9xico.<\/p>\n","protected":false},"excerpt":{"rendered":"<p>Mendoza Bolio, Edith<\/p>\n","protected":false},"featured_media":961,"comment_status":"closed","ping_status":"closed","template":"","meta":[],"product_brand":[],"product_cat":[66,113],"product_tag":[704,705],"class_list":{"0":"post-817","1":"product","2":"type-product","3":"status-publish","4":"has-post-thumbnail","6":"product_cat-arte","7":"product_cat-biografia","8":"product_tag-arte","9":"product_tag-remedios-varo","11":"first","12":"instock","13":"shipping-taxable","14":"purchasable","15":"product-type-simple"},"jetpack_sharing_enabled":true,"_links":{"self":[{"href":"https:\/\/libreriabonilla.com.mx\/index.php\/wp-json\/wp\/v2\/product\/817","targetHints":{"allow":["GET"]}}],"collection":[{"href":"https:\/\/libreriabonilla.com.mx\/index.php\/wp-json\/wp\/v2\/product"}],"about":[{"href":"https:\/\/libreriabonilla.com.mx\/index.php\/wp-json\/wp\/v2\/types\/product"}],"replies":[{"embeddable":true,"href":"https:\/\/libreriabonilla.com.mx\/index.php\/wp-json\/wp\/v2\/comments?post=817"}],"wp:featuredmedia":[{"embeddable":true,"href":"https:\/\/libreriabonilla.com.mx\/index.php\/wp-json\/wp\/v2\/media\/961"}],"wp:attachment":[{"href":"https:\/\/libreriabonilla.com.mx\/index.php\/wp-json\/wp\/v2\/media?parent=817"}],"wp:term":[{"taxonomy":"product_brand","embeddable":true,"href":"https:\/\/libreriabonilla.com.mx\/index.php\/wp-json\/wp\/v2\/product_brand?post=817"},{"taxonomy":"product_cat","embeddable":true,"href":"https:\/\/libreriabonilla.com.mx\/index.php\/wp-json\/wp\/v2\/product_cat?post=817"},{"taxonomy":"product_tag","embeddable":true,"href":"https:\/\/libreriabonilla.com.mx\/index.php\/wp-json\/wp\/v2\/product_tag?post=817"}],"curies":[{"name":"wp","href":"https:\/\/api.w.org\/{rel}","templated":true}]}}