{"id":816,"date":"2026-04-21T22:23:26","date_gmt":"2026-04-22T01:53:26","guid":{"rendered":"https:\/\/libreriabonilla.com.mx\/?post_type=product&#038;p=816"},"modified":"2026-04-22T16:55:16","modified_gmt":"2026-04-22T20:25:16","slug":"companias-electricas-extranjeras-en-mexico-1880-1960","status":"publish","type":"product","link":"https:\/\/libreriabonilla.com.mx\/index.php\/producto\/companias-electricas-extranjeras-en-mexico-1880-1960\/","title":{"rendered":"Compa\u00f1\u00edas el\u00e9ctricas extranjeras en M\u00e9xico (1880-1960)"},"content":{"rendered":"<p>El presente volumen se dedica al estudio de las compa\u00f1ias electricas extranjeras que operan en mexico hasta que fueron nacionalizadas entre las decadas de 1940 y 1960 los articulos que lo conforman analizan los tipos y las organizaciones de las empresas extranjeras la razon de su establecimiento sus problemas y sus estrategias asi como vehiculos de la inversion externa.<\/p>\n","protected":false},"excerpt":{"rendered":"<p>Liehr Reinhard<\/p>\n","protected":false},"featured_media":1055,"comment_status":"closed","ping_status":"closed","template":"","meta":[],"product_brand":[],"product_cat":[163,31],"product_tag":[682],"class_list":{"0":"post-816","1":"product","2":"type-product","3":"status-publish","4":"has-post-thumbnail","6":"product_cat-economia","7":"product_cat-ensayo","8":"product_tag-economia","10":"first","11":"instock","12":"shipping-taxable","13":"purchasable","14":"product-type-simple"},"jetpack_sharing_enabled":true,"_links":{"self":[{"href":"https:\/\/libreriabonilla.com.mx\/index.php\/wp-json\/wp\/v2\/product\/816","targetHints":{"allow":["GET"]}}],"collection":[{"href":"https:\/\/libreriabonilla.com.mx\/index.php\/wp-json\/wp\/v2\/product"}],"about":[{"href":"https:\/\/libreriabonilla.com.mx\/index.php\/wp-json\/wp\/v2\/types\/product"}],"replies":[{"embeddable":true,"href":"https:\/\/libreriabonilla.com.mx\/index.php\/wp-json\/wp\/v2\/comments?post=816"}],"wp:featuredmedia":[{"embeddable":true,"href":"https:\/\/libreriabonilla.com.mx\/index.php\/wp-json\/wp\/v2\/media\/1055"}],"wp:attachment":[{"href":"https:\/\/libreriabonilla.com.mx\/index.php\/wp-json\/wp\/v2\/media?parent=816"}],"wp:term":[{"taxonomy":"product_brand","embeddable":true,"href":"https:\/\/libreriabonilla.com.mx\/index.php\/wp-json\/wp\/v2\/product_brand?post=816"},{"taxonomy":"product_cat","embeddable":true,"href":"https:\/\/libreriabonilla.com.mx\/index.php\/wp-json\/wp\/v2\/product_cat?post=816"},{"taxonomy":"product_tag","embeddable":true,"href":"https:\/\/libreriabonilla.com.mx\/index.php\/wp-json\/wp\/v2\/product_tag?post=816"}],"curies":[{"name":"wp","href":"https:\/\/api.w.org\/{rel}","templated":true}]}}