{"id":815,"date":"2026-04-21T22:23:26","date_gmt":"2026-04-22T01:53:26","guid":{"rendered":"https:\/\/libreriabonilla.com.mx\/?post_type=product&#038;p=815"},"modified":"2026-04-22T16:57:18","modified_gmt":"2026-04-22T20:27:18","slug":"cuerpos-disidentes-del-mexico-imaginado-cultura-genero-etnia-y-nacion-mas-alla-del-proyecto-posrevolucionario","status":"publish","type":"product","link":"https:\/\/libreriabonilla.com.mx\/index.php\/producto\/cuerpos-disidentes-del-mexico-imaginado-cultura-genero-etnia-y-nacion-mas-alla-del-proyecto-posrevolucionario\/","title":{"rendered":"Cuerpos disidentes del M\u00e9xico imaginado. Cultura, g\u00e9nero, etnia y naci\u00f3n m\u00e1s all\u00e1 del proyecto posrevolucionario"},"content":{"rendered":"<p>Cuerpos disidentes es el primer trabajo multidisciplinario que analiza no s\u00f3lo producciones literarias sino tambi\u00e9n nuevos medios formales a trav\u00e9s de los cuales las artistas contempor\u00e1neas est\u00e1n planteando sus intervenciones cr\u00edticas, dando \u00e9nfasis al cuerpo femenino como v\u00eda privilegiada de expresi\u00f3n y reconfiguraci\u00f3n de significados culturales: estrategias disidentes de intervenci\u00f3n e interpretaci\u00f3n cultural desde las voces de mujeres enmarcadas en el mapa cultural mexicano.<br \/>\nAnaliza la producci\u00f3n literaria, visual y de performance de mujeres artistas que, con sus propuestas, han creado, desde la d\u00e9cada de los ochenta hasta el d\u00eda de hoy, espacios de expresi\u00f3n y poder, as\u00ed como nuevos isgnificados culturales, reconfigurando los l\u00edmites de la \u00abcomunidad imaginada\u00bb mexicana posrevolucionaria. La autora desvela c\u00f3mo estas mujeres revisan las pr\u00e1cticas, rituales y sentimientso que cotidianamente se repiten para encarnar o desencarnar discursos reguladores de identidades en relaci\u00f3n a la naci\u00f3n, el g\u00e9nero o la etnia, entro otras figuras simb\u00f3licas.<br \/>\nRosana Blanco Cano es profesora de Lengua y Literatura modernas en Trinity University, San Antonio, Texas. Sus \u00e1reas de investigaci\u00f3n son estudios culturales, estudios de g\u00e9nero y performance del M\u00e9xico contempor\u00e1neo (trans)na-cional; cine latinoamericano y cine espa\u00f1ol.<br \/>\n\u00cdndice. Introducci\u00f3n. Cap\u00edtulo 1. Maternidad, arte y ciudadan\u00eda: proyecto \u00a1madres! del grupo Polvo de Gallina Negra (Maris Bustamante y M\u00f3nica Mayer).Cap\u00edtulo 2. De cuerpos e historias: el cabaret de Astrid Hadad y la narrativa de Carmen Boullosa. Cap\u00edtulo 3. Geograf\u00edas de poder y ciudadan\u00eda desde Chiapas: teatro y activismo social de Fortaleza de la Mujer Maya (FOMMA). Cap\u00edtulo 4. Negociaciones con la espectacularidad nacional Oaxaque\u00f1a en las producciones visuales de Martha Toledo y Yolanda Cruz. Reflexiones finales. Bibliograf\u00eda.<\/p>\n","protected":false},"excerpt":{"rendered":"<p>Blanco Cano, Rosana<\/p>\n","protected":false},"featured_media":1075,"comment_status":"closed","ping_status":"closed","template":"","meta":[],"product_brand":[],"product_cat":[66,72],"product_tag":[706],"class_list":{"0":"post-815","1":"product","2":"type-product","3":"status-publish","4":"has-post-thumbnail","6":"product_cat-arte","7":"product_cat-literatura","8":"product_tag-arte-y-literatura","10":"first","11":"instock","12":"shipping-taxable","13":"purchasable","14":"product-type-simple"},"jetpack_sharing_enabled":true,"_links":{"self":[{"href":"https:\/\/libreriabonilla.com.mx\/index.php\/wp-json\/wp\/v2\/product\/815","targetHints":{"allow":["GET"]}}],"collection":[{"href":"https:\/\/libreriabonilla.com.mx\/index.php\/wp-json\/wp\/v2\/product"}],"about":[{"href":"https:\/\/libreriabonilla.com.mx\/index.php\/wp-json\/wp\/v2\/types\/product"}],"replies":[{"embeddable":true,"href":"https:\/\/libreriabonilla.com.mx\/index.php\/wp-json\/wp\/v2\/comments?post=815"}],"wp:featuredmedia":[{"embeddable":true,"href":"https:\/\/libreriabonilla.com.mx\/index.php\/wp-json\/wp\/v2\/media\/1075"}],"wp:attachment":[{"href":"https:\/\/libreriabonilla.com.mx\/index.php\/wp-json\/wp\/v2\/media?parent=815"}],"wp:term":[{"taxonomy":"product_brand","embeddable":true,"href":"https:\/\/libreriabonilla.com.mx\/index.php\/wp-json\/wp\/v2\/product_brand?post=815"},{"taxonomy":"product_cat","embeddable":true,"href":"https:\/\/libreriabonilla.com.mx\/index.php\/wp-json\/wp\/v2\/product_cat?post=815"},{"taxonomy":"product_tag","embeddable":true,"href":"https:\/\/libreriabonilla.com.mx\/index.php\/wp-json\/wp\/v2\/product_tag?post=815"}],"curies":[{"name":"wp","href":"https:\/\/api.w.org\/{rel}","templated":true}]}}