{"id":814,"date":"2026-04-21T22:23:26","date_gmt":"2026-04-22T01:53:26","guid":{"rendered":"https:\/\/libreriabonilla.com.mx\/?post_type=product&#038;p=814"},"modified":"2026-04-22T16:59:22","modified_gmt":"2026-04-22T20:29:22","slug":"discreta-efusion-jorge-luis-borges-y-alfonso-reyes-epistolario-1923-1959","status":"publish","type":"product","link":"https:\/\/libreriabonilla.com.mx\/index.php\/producto\/discreta-efusion-jorge-luis-borges-y-alfonso-reyes-epistolario-1923-1959\/","title":{"rendered":"Discreta efusi\u00f3n. Jorge Luis Borges y Alfonso Reyes. Epistolario (1923-1959)"},"content":{"rendered":"<p>Esta edici\u00f3n es la \u00fanica que recoge todos los testimonios epistolares de la relaci\u00f3n entre Borges y Reyes (32 en total, en ambas direcciones). Adem\u00e1s, reproduce otras correspondencias argentinas de Alfonso Reyes, lo cual permite enmarcar el trato entre ambos en diversos contextos. Ello, a su vez, enriquece con ecos (a veces impensados) el intercambio epistolar. Entre esas correspondencias figura las que Reyes mantuvo con Evar M\u00e9ndez y Macedonio Fern\u00e1ndez.<br \/>\nCarlos Garc\u00eda se ha especializado en la edici\u00f3n de epistolarios de destacados escritores espa\u00f1oles y latinoamericanos de la primera mitad del siglo XX, como Guillermo de Torre, Federico Garc\u00eda Lorca, Ram\u00f3n G\u00f3mez de la Serna o Juan Ram\u00f3n Jim\u00e9nez.<br \/>\n\u00cdndice. Intencionario. Fuentes. Criterios de edici\u00f3n. Agradecimientos. Cr\u00f3nicas y cartas.<\/p>\n","protected":false},"excerpt":{"rendered":"<p>Garc\u00eda, Carlos<\/p>\n","protected":false},"featured_media":1088,"comment_status":"closed","ping_status":"closed","template":"","meta":[],"product_brand":[],"product_cat":[398],"product_tag":[708,707,605],"class_list":{"0":"post-814","1":"product","2":"type-product","3":"status-publish","4":"has-post-thumbnail","6":"product_cat-ensayo-literario","7":"product_tag-alfonso-reyes","8":"product_tag-jorge-luis-borges","9":"product_tag-literatura","11":"first","12":"instock","13":"shipping-taxable","14":"purchasable","15":"product-type-simple"},"jetpack_sharing_enabled":true,"_links":{"self":[{"href":"https:\/\/libreriabonilla.com.mx\/index.php\/wp-json\/wp\/v2\/product\/814","targetHints":{"allow":["GET"]}}],"collection":[{"href":"https:\/\/libreriabonilla.com.mx\/index.php\/wp-json\/wp\/v2\/product"}],"about":[{"href":"https:\/\/libreriabonilla.com.mx\/index.php\/wp-json\/wp\/v2\/types\/product"}],"replies":[{"embeddable":true,"href":"https:\/\/libreriabonilla.com.mx\/index.php\/wp-json\/wp\/v2\/comments?post=814"}],"wp:featuredmedia":[{"embeddable":true,"href":"https:\/\/libreriabonilla.com.mx\/index.php\/wp-json\/wp\/v2\/media\/1088"}],"wp:attachment":[{"href":"https:\/\/libreriabonilla.com.mx\/index.php\/wp-json\/wp\/v2\/media?parent=814"}],"wp:term":[{"taxonomy":"product_brand","embeddable":true,"href":"https:\/\/libreriabonilla.com.mx\/index.php\/wp-json\/wp\/v2\/product_brand?post=814"},{"taxonomy":"product_cat","embeddable":true,"href":"https:\/\/libreriabonilla.com.mx\/index.php\/wp-json\/wp\/v2\/product_cat?post=814"},{"taxonomy":"product_tag","embeddable":true,"href":"https:\/\/libreriabonilla.com.mx\/index.php\/wp-json\/wp\/v2\/product_tag?post=814"}],"curies":[{"name":"wp","href":"https:\/\/api.w.org\/{rel}","templated":true}]}}