{"id":813,"date":"2026-04-21T22:23:26","date_gmt":"2026-04-22T01:53:26","guid":{"rendered":"https:\/\/libreriabonilla.com.mx\/?post_type=product&#038;p=813"},"modified":"2026-04-22T17:23:13","modified_gmt":"2026-04-22T20:53:13","slug":"fray-diego-de-ocana-viaje-por-el-nuevo-mundo-de-guadalupe-a-potosi-1599-1605","status":"publish","type":"product","link":"https:\/\/libreriabonilla.com.mx\/index.php\/producto\/fray-diego-de-ocana-viaje-por-el-nuevo-mundo-de-guadalupe-a-potosi-1599-1605\/","title":{"rendered":"Fray Diego de Oca\u00f1a. Viaje por el nuevo mundo: de Guadalupe a Potos\u00ed, 1599-1605"},"content":{"rendered":"<p>El volumen que aqu\u00ed presentamos contiene una edici\u00f3n cr\u00edtica del relato del viaje que realiz\u00f3 fray Diego de Oca\u00f1a entre 1599 y 1605 a lo largo de la Am\u00e9rica del Sur. Dicha edici\u00f3n va acompa\u00f1ada de un estudio introductorio y de un conjunto de notas destinadas a explicar cada uno de los pormenores que se citan a lo largo de la relaci\u00f3n. Se trata de un texto muy complejo en el que se aglutinan diferentes g\u00e9neros literarios que van desde la relaci\u00f3n del viaje en prosa hasta una comedia en verso al estilo de las que se representan en Espa\u00f1a a finales del siglo xvi, pasando por relaciones de fiestas y sucesos, poemas religiosos, plegarias a la Virgen, etc. Es tambi\u00e9n de suma importancia la presencia de mapas y dibujos que intentan representar la realidad geogr\u00e1fica y las caracter\u00edsticas de los habitantes y colonizadores con los que entr\u00f3 en contacto el autor a lo largo de su viaje. Todo ello debido a la pluma de Oca\u00f1a.<\/p>\n","protected":false},"excerpt":{"rendered":"<p>L\u00f3pez de Mariscal Blanca; Madro\u00f1al Abraham<\/p>\n","protected":false},"featured_media":941,"comment_status":"closed","ping_status":"closed","template":"","meta":[],"product_brand":[],"product_cat":[70,331],"product_tag":[709],"class_list":{"0":"post-813","1":"product","2":"type-product","3":"status-publish","4":"has-post-thumbnail","6":"product_cat-historia","7":"product_cat-historia-de-mexico","8":"product_tag-historia-de-mexico","10":"first","11":"instock","12":"shipping-taxable","13":"purchasable","14":"product-type-simple"},"jetpack_sharing_enabled":true,"_links":{"self":[{"href":"https:\/\/libreriabonilla.com.mx\/index.php\/wp-json\/wp\/v2\/product\/813","targetHints":{"allow":["GET"]}}],"collection":[{"href":"https:\/\/libreriabonilla.com.mx\/index.php\/wp-json\/wp\/v2\/product"}],"about":[{"href":"https:\/\/libreriabonilla.com.mx\/index.php\/wp-json\/wp\/v2\/types\/product"}],"replies":[{"embeddable":true,"href":"https:\/\/libreriabonilla.com.mx\/index.php\/wp-json\/wp\/v2\/comments?post=813"}],"wp:featuredmedia":[{"embeddable":true,"href":"https:\/\/libreriabonilla.com.mx\/index.php\/wp-json\/wp\/v2\/media\/941"}],"wp:attachment":[{"href":"https:\/\/libreriabonilla.com.mx\/index.php\/wp-json\/wp\/v2\/media?parent=813"}],"wp:term":[{"taxonomy":"product_brand","embeddable":true,"href":"https:\/\/libreriabonilla.com.mx\/index.php\/wp-json\/wp\/v2\/product_brand?post=813"},{"taxonomy":"product_cat","embeddable":true,"href":"https:\/\/libreriabonilla.com.mx\/index.php\/wp-json\/wp\/v2\/product_cat?post=813"},{"taxonomy":"product_tag","embeddable":true,"href":"https:\/\/libreriabonilla.com.mx\/index.php\/wp-json\/wp\/v2\/product_tag?post=813"}],"curies":[{"name":"wp","href":"https:\/\/api.w.org\/{rel}","templated":true}]}}