{"id":812,"date":"2026-04-21T22:23:26","date_gmt":"2026-04-22T01:53:26","guid":{"rendered":"https:\/\/libreriabonilla.com.mx\/?post_type=product&#038;p=812"},"modified":"2026-04-22T17:25:32","modified_gmt":"2026-04-22T20:55:32","slug":"la-agenda-de-cooperacion-internacional-en-la-frontera-sur-de-mexico","status":"publish","type":"product","link":"https:\/\/libreriabonilla.com.mx\/index.php\/producto\/la-agenda-de-cooperacion-internacional-en-la-frontera-sur-de-mexico\/","title":{"rendered":"La agenda de cooperaci\u00f3n internacional: En la frontera sur de M\u00e9xico"},"content":{"rendered":"<p>A nivel general, la cooperaci\u00f3n internacional puede ser entendida como el conjunto de esfuerzos realizados entre diversos sujetos de la sociedad internacional, con miras a satisfacer intereses, necesidades y objetivos mutos por la v\u00eda de la negociaci\u00f3n y la acci\u00f3n directa entre estos, mediante una serie de acuerdos que conllevan un c\u00famulo de derechs y obligaciones. A partir de esta idea, se realiz\u00f3 una colaboraci\u00f3n entre diversos investigadores que abordan el tema de la cooperaci\u00f3n internacional desde \u00f3pticas distintas, para explicar tem\u00e1ticas que van desde el plano te\u00f3rico hasta el an\u00e1lisis de fen\u00f3menos concretos de la acci\u00f3n colaborativa en los planos nacional e internacional, a partir del proyecto de investigaci\u00f3n \u00abCooperaci\u00f3n internacional y desarrollo en Quintana Roo: acciones y retos\u00bb que se realiz\u00f3 en la Universidad de Quintana Roo. En este libro se hace una reflexi\u00f3n produnda sobre el concepto de cooperaci\u00f3n internacional y se ilustra como ejemplos m\u00faltiples pertenecientes al entorno inmediato de los catedr\u00e1ticos e investigadores sobre este tipo de cooperaci\u00f3n en la frontera sur de M\u00e9xico.<\/p>\n","protected":false},"excerpt":{"rendered":"<p>Romero Mayo, Rafael I<\/p>\n","protected":false},"featured_media":1037,"comment_status":"closed","ping_status":"closed","template":"","meta":[],"product_brand":[],"product_cat":[272,163,710],"product_tag":[712,711],"class_list":{"0":"post-812","1":"product","2":"type-product","3":"status-publish","4":"has-post-thumbnail","6":"product_cat-america-latina","7":"product_cat-economia","8":"product_cat-economia-y-negocios","9":"product_tag-economia-y-negocios","10":"product_tag-quintana-roo","12":"first","13":"instock","14":"shipping-taxable","15":"purchasable","16":"product-type-simple"},"jetpack_sharing_enabled":true,"_links":{"self":[{"href":"https:\/\/libreriabonilla.com.mx\/index.php\/wp-json\/wp\/v2\/product\/812","targetHints":{"allow":["GET"]}}],"collection":[{"href":"https:\/\/libreriabonilla.com.mx\/index.php\/wp-json\/wp\/v2\/product"}],"about":[{"href":"https:\/\/libreriabonilla.com.mx\/index.php\/wp-json\/wp\/v2\/types\/product"}],"replies":[{"embeddable":true,"href":"https:\/\/libreriabonilla.com.mx\/index.php\/wp-json\/wp\/v2\/comments?post=812"}],"wp:featuredmedia":[{"embeddable":true,"href":"https:\/\/libreriabonilla.com.mx\/index.php\/wp-json\/wp\/v2\/media\/1037"}],"wp:attachment":[{"href":"https:\/\/libreriabonilla.com.mx\/index.php\/wp-json\/wp\/v2\/media?parent=812"}],"wp:term":[{"taxonomy":"product_brand","embeddable":true,"href":"https:\/\/libreriabonilla.com.mx\/index.php\/wp-json\/wp\/v2\/product_brand?post=812"},{"taxonomy":"product_cat","embeddable":true,"href":"https:\/\/libreriabonilla.com.mx\/index.php\/wp-json\/wp\/v2\/product_cat?post=812"},{"taxonomy":"product_tag","embeddable":true,"href":"https:\/\/libreriabonilla.com.mx\/index.php\/wp-json\/wp\/v2\/product_tag?post=812"}],"curies":[{"name":"wp","href":"https:\/\/api.w.org\/{rel}","templated":true}]}}