{"id":811,"date":"2026-04-21T22:23:26","date_gmt":"2026-04-22T01:53:26","guid":{"rendered":"https:\/\/libreriabonilla.com.mx\/?post_type=product&#038;p=811"},"modified":"2026-04-22T17:26:17","modified_gmt":"2026-04-22T20:56:17","slug":"la-educacion-universitaria-y-el-empleo-algunos-casos-exitosos-de-administradores-y-fisicos-de-la-unam","status":"publish","type":"product","link":"https:\/\/libreriabonilla.com.mx\/index.php\/producto\/la-educacion-universitaria-y-el-empleo-algunos-casos-exitosos-de-administradores-y-fisicos-de-la-unam\/","title":{"rendered":"La educaci\u00f3n universitaria y el empleo: algunos casos exitosos de administradores y f\u00edsicos de la UNAM"},"content":{"rendered":"<p>El presente libro tiene como preocupaci\u00f3n central el conocimiento del papel de la educaci\u00f3n en el mercado de trabajo y, m\u00e1s espec\u00edficamente, de las relaciones que establecen entre la educaci\u00f3n, particularmente de nivel universitario, y el empleo. Como marco general a partir del cual se desarrolla la investigaci\u00f3n, y para explicar la relaci\u00f3n entre la educaci\u00f3n y el empleo, la autora se basa en la Teor\u00eda de la construcci\u00f3n social del mercado de trabajo, la cual establece que esta relaci\u00f3n no es ni mec\u00e1nica ni lineal, y que en ella participan de manera activa mediaciones diversas que la definen. En la parte emp\u00edrica del estudio, la autora basa su an\u00e1lisis en una muestra no representativa de profesionistas egresados de la UNAM, de las carreras de administraci\u00f3n y f\u00edsica, para tratar de responder cu\u00e1les y porque son exitosos, en terminos del logro laboral en el \u00faltimo empleo, en un contexto como el mexicano, en el que parecen volver a cobrar vigencia postulados que confieren un enorme peso explicativo a la escolaridad frente a los problemas del desempleo y el subempleo.<\/p>\n","protected":false},"excerpt":{"rendered":"<p>Valle Flores, \u00c1ngeles<\/p>\n","protected":false},"featured_media":1130,"comment_status":"closed","ping_status":"closed","template":"","meta":[],"product_brand":[],"product_cat":[22],"product_tag":[],"class_list":{"0":"post-811","1":"product","2":"type-product","3":"status-publish","4":"has-post-thumbnail","6":"product_cat-sin-categorizar","8":"first","9":"instock","10":"shipping-taxable","11":"purchasable","12":"product-type-simple"},"jetpack_sharing_enabled":true,"_links":{"self":[{"href":"https:\/\/libreriabonilla.com.mx\/index.php\/wp-json\/wp\/v2\/product\/811","targetHints":{"allow":["GET"]}}],"collection":[{"href":"https:\/\/libreriabonilla.com.mx\/index.php\/wp-json\/wp\/v2\/product"}],"about":[{"href":"https:\/\/libreriabonilla.com.mx\/index.php\/wp-json\/wp\/v2\/types\/product"}],"replies":[{"embeddable":true,"href":"https:\/\/libreriabonilla.com.mx\/index.php\/wp-json\/wp\/v2\/comments?post=811"}],"wp:featuredmedia":[{"embeddable":true,"href":"https:\/\/libreriabonilla.com.mx\/index.php\/wp-json\/wp\/v2\/media\/1130"}],"wp:attachment":[{"href":"https:\/\/libreriabonilla.com.mx\/index.php\/wp-json\/wp\/v2\/media?parent=811"}],"wp:term":[{"taxonomy":"product_brand","embeddable":true,"href":"https:\/\/libreriabonilla.com.mx\/index.php\/wp-json\/wp\/v2\/product_brand?post=811"},{"taxonomy":"product_cat","embeddable":true,"href":"https:\/\/libreriabonilla.com.mx\/index.php\/wp-json\/wp\/v2\/product_cat?post=811"},{"taxonomy":"product_tag","embeddable":true,"href":"https:\/\/libreriabonilla.com.mx\/index.php\/wp-json\/wp\/v2\/product_tag?post=811"}],"curies":[{"name":"wp","href":"https:\/\/api.w.org\/{rel}","templated":true}]}}