{"id":810,"date":"2026-04-21T22:23:26","date_gmt":"2026-04-22T01:53:26","guid":{"rendered":"https:\/\/libreriabonilla.com.mx\/?post_type=product&#038;p=810"},"modified":"2026-04-22T17:29:35","modified_gmt":"2026-04-22T20:59:35","slug":"la-revolucion-mexicana-en-el-oriente-de-mexico-1906-1940-2","status":"publish","type":"product","link":"https:\/\/libreriabonilla.com.mx\/index.php\/producto\/la-revolucion-mexicana-en-el-oriente-de-mexico-1906-1940-2\/","title":{"rendered":"La revoluci\u00f3n Mexicana en el oriente de M\u00e9xico 1906-1940"},"content":{"rendered":"<p>La construcci\u00f3n oficial de una Revoluci\u00f3n homog\u00e9nea y beneficiosa para todos los mexicanos, una Revoluci\u00f3n nacional con la contribuci\u00f3n de todos los estados, hace tiempo que se disolvi\u00f3. La Revoluci\u00f3n fue m\u00e1s bien una coyontura de cambio, fluida y con momentos de inicio, ritmos e intensidad diferentes en cada regi\u00f3n. En este volumen se analiza su desarrollo en una de las regiones clave en las luchas por el control pol\u00edtico-militar del pa\u00eds, la que forman los estados de Puebla, Tlaxcala y Veracruz.<br \/>\nRaymond Buve es profesor em\u00e9rito de Historia de Am\u00e9rica Latina y director del Departamento de Estudios Latinoamericanos de la Facultad de Humanidades (Universidad de Leiden).<br \/>\nHeather Fowler-Salamini es profesora em\u00e9rita de Bradley University, Peoria, Illinois.<br \/>\n\u00cdndice. Introducci\u00f3n Raymod Buve. I. La antesala de la Revoluci\u00f3n, 1906-1910. Entre el magonismo y el maderismo: la participaci\u00f3n de los popolucas de la Sierra de Soteapan, Veracruz, en la Revoluci\u00f3n mexicana. Emilia Vel\u00e1squez Hern\u00e1ndez. II. La Fase armada, 1910-1920. La revoluci\u00f3n en las f\u00e1bricas del corredor Pueblo-Tlaxcala. Industria textil y Revoluci\u00f3n en Tlaxcala: c\u00f3mo se mantuvo la empresa frente a las amenazas sociales y de guerra. Blanca Estela Santib\u00e1\u00f1ez Tijerina. Escuelas en tiempos de guerra: la educaci\u00f3n en el coraz\u00f3n de la Tlaxcala revolucionaria (1913-1918). H\u00e9lice Rockwell. Las escogedoras confrontan a los exportadores de caf\u00e9 y al estado revolucionario de Veracruz. Heather Fowler-Salamini. III La revoluci\u00f3n en las d\u00e9cadas de 1920-1940. La Revoluci\u00f3n en quiebra.: las finanzas p\u00fablicas en el estado de Puebla, 1917-1940. David G. LaFrance. Mas bien rojos que amarillos. Sindicalismo cromista y autonom\u00eda en Puebla y Veracruz 1918-1952. Leticia Gamba. \u00a1Que viva la Reina del Carnaval! Celebraciones p\u00fablicas y discurso posrevolucionario en Veracruz. Andrew G. Wood. Bibliograf\u00eda general. Sobre los autores.<\/p>\n","protected":false},"excerpt":{"rendered":"<p>Buve, Raymond<\/p>\n","protected":false},"featured_media":1048,"comment_status":"closed","ping_status":"closed","template":"","meta":[],"product_brand":[],"product_cat":[70,331],"product_tag":[709,713],"class_list":{"0":"post-810","1":"product","2":"type-product","3":"status-publish","4":"has-post-thumbnail","6":"product_cat-historia","7":"product_cat-historia-de-mexico","8":"product_tag-historia-de-mexico","9":"product_tag-revolucion-mexicana","11":"first","12":"instock","13":"shipping-taxable","14":"purchasable","15":"product-type-simple"},"jetpack_sharing_enabled":true,"_links":{"self":[{"href":"https:\/\/libreriabonilla.com.mx\/index.php\/wp-json\/wp\/v2\/product\/810","targetHints":{"allow":["GET"]}}],"collection":[{"href":"https:\/\/libreriabonilla.com.mx\/index.php\/wp-json\/wp\/v2\/product"}],"about":[{"href":"https:\/\/libreriabonilla.com.mx\/index.php\/wp-json\/wp\/v2\/types\/product"}],"replies":[{"embeddable":true,"href":"https:\/\/libreriabonilla.com.mx\/index.php\/wp-json\/wp\/v2\/comments?post=810"}],"wp:featuredmedia":[{"embeddable":true,"href":"https:\/\/libreriabonilla.com.mx\/index.php\/wp-json\/wp\/v2\/media\/1048"}],"wp:attachment":[{"href":"https:\/\/libreriabonilla.com.mx\/index.php\/wp-json\/wp\/v2\/media?parent=810"}],"wp:term":[{"taxonomy":"product_brand","embeddable":true,"href":"https:\/\/libreriabonilla.com.mx\/index.php\/wp-json\/wp\/v2\/product_brand?post=810"},{"taxonomy":"product_cat","embeddable":true,"href":"https:\/\/libreriabonilla.com.mx\/index.php\/wp-json\/wp\/v2\/product_cat?post=810"},{"taxonomy":"product_tag","embeddable":true,"href":"https:\/\/libreriabonilla.com.mx\/index.php\/wp-json\/wp\/v2\/product_tag?post=810"}],"curies":[{"name":"wp","href":"https:\/\/api.w.org\/{rel}","templated":true}]}}