{"id":807,"date":"2026-04-21T22:23:26","date_gmt":"2026-04-22T01:53:26","guid":{"rendered":"https:\/\/libreriabonilla.com.mx\/?post_type=product&#038;p=807"},"modified":"2026-04-26T14:48:58","modified_gmt":"2026-04-26T18:18:58","slug":"la-secularizacion-de-las-doctrinas-de-indios-en-la-nueva-espana","status":"publish","type":"product","link":"https:\/\/libreriabonilla.com.mx\/index.php\/producto\/la-secularizacion-de-las-doctrinas-de-indios-en-la-nueva-espana\/","title":{"rendered":"La secularizaci\u00f3n de las doctrinas de indios en la Nueva Espa\u00f1a"},"content":{"rendered":"<p>Margarita Menegus Bornemann doctora en Historia por la Universidad de Valencia, Espa\u00f1a. Es profesora de Historia en la Facultad de Filosof\u00eda y Letras de la UNAM e investigadora del IISUE. En 1991 recibi\u00f3 el premio Distinci\u00f3n Universidad Nacional para J\u00f3venes Investigadores en Humanidades. Sus principales l\u00edneas de investigaci\u00f3n comprenden la historia agraria de M\u00e9xico, siglos XVI al XIX, enfocada a la propiedad ind\u00edgena y su articulaci\u00f3n con la econom\u00eda colonial; tambi\u00e9n ha abordado el estudio de la cultura y la educaci\u00f3n ind\u00edgena en el periodo virreinal. Entre sus publicaciones est\u00e1n: La Mixteca Baja, de la Revoluci\u00f3n a la Reforma, Oaxaca, Universidad Aut\u00f3noma Benito Ju\u00e1rez \/ UNAM, 2009; y con R. Aguirre, Indios, sacerdocio y universidad, M\u00e9xico, Plaza y Vald\u00e9s, 2006.<\/p>\n","protected":false},"excerpt":{"rendered":"<p>Menegus Margarita<\/p>\n","protected":false},"featured_media":1131,"comment_status":"closed","ping_status":"closed","template":"","meta":[],"product_brand":[],"product_cat":[52,31,70],"product_tag":[677,446,709],"class_list":{"0":"post-807","1":"product","2":"type-product","3":"status-publish","4":"has-post-thumbnail","6":"product_cat-ciencias-sociales","7":"product_cat-ensayo","8":"product_cat-historia","9":"product_tag-hispanoamerica","10":"product_tag-historia","11":"product_tag-historia-de-mexico","13":"first","14":"instock","15":"shipping-taxable","16":"purchasable","17":"product-type-simple"},"jetpack_sharing_enabled":true,"_links":{"self":[{"href":"https:\/\/libreriabonilla.com.mx\/index.php\/wp-json\/wp\/v2\/product\/807","targetHints":{"allow":["GET"]}}],"collection":[{"href":"https:\/\/libreriabonilla.com.mx\/index.php\/wp-json\/wp\/v2\/product"}],"about":[{"href":"https:\/\/libreriabonilla.com.mx\/index.php\/wp-json\/wp\/v2\/types\/product"}],"replies":[{"embeddable":true,"href":"https:\/\/libreriabonilla.com.mx\/index.php\/wp-json\/wp\/v2\/comments?post=807"}],"wp:featuredmedia":[{"embeddable":true,"href":"https:\/\/libreriabonilla.com.mx\/index.php\/wp-json\/wp\/v2\/media\/1131"}],"wp:attachment":[{"href":"https:\/\/libreriabonilla.com.mx\/index.php\/wp-json\/wp\/v2\/media?parent=807"}],"wp:term":[{"taxonomy":"product_brand","embeddable":true,"href":"https:\/\/libreriabonilla.com.mx\/index.php\/wp-json\/wp\/v2\/product_brand?post=807"},{"taxonomy":"product_cat","embeddable":true,"href":"https:\/\/libreriabonilla.com.mx\/index.php\/wp-json\/wp\/v2\/product_cat?post=807"},{"taxonomy":"product_tag","embeddable":true,"href":"https:\/\/libreriabonilla.com.mx\/index.php\/wp-json\/wp\/v2\/product_tag?post=807"}],"curies":[{"name":"wp","href":"https:\/\/api.w.org\/{rel}","templated":true}]}}