{"id":806,"date":"2026-04-21T22:23:26","date_gmt":"2026-04-22T01:53:26","guid":{"rendered":"https:\/\/libreriabonilla.com.mx\/?post_type=product&#038;p=806"},"modified":"2026-04-26T14:50:57","modified_gmt":"2026-04-26T18:20:57","slug":"los-medios-en-la-educacion-la-cultura-y-la-politica","status":"publish","type":"product","link":"https:\/\/libreriabonilla.com.mx\/index.php\/producto\/los-medios-en-la-educacion-la-cultura-y-la-politica\/","title":{"rendered":"Los medios en la educaci\u00f3n, La cultura y la politica"},"content":{"rendered":"<p>Uno de los fen\u00f3menos que m\u00e1s impacto ha tenido en el mundo actual es el de los medios masivos de comunicaci\u00f3n. Su influencia ha llegado a una gran vardiedad de \u00e1mbitos; la educaci\u00f3n, la cultura, el arte, la pol\u00edtica, y ha hecho surgir un conjunto muy importante de procesos y productos: la cultura medi\u00e1tica. En M\u00e9xico, desde el siglo XVII con la prensa, han sido factor de aprendizaje y medio difusor de la ciencia y la cultura. Dada la importancia del tema, en 2005 se inaugur\u00f3 en el entonces CESU el Seminario. El Impacto de los Medios en la Educaci\u00f3n y la Cultura. Esta obra es fruto de aquel seminario y re\u00fane los trabajos de reconocidos especialistas en la mater\u00eda que reflexionan, con profundidad y agudeza, sobre conceptos centrales como impacto, cultura, educaci\u00f3n, medios, nuevas tecnolog\u00edas, consumo medi\u00e1tico, audiencias, cultura pol\u00edtica, arte. Sin duda, un libro que cualquier lector interesado en el tema debe tener en su biblioteca.<\/p>\n","protected":false},"excerpt":{"rendered":"<p>Toussaint Alcaraz, Florence<\/p>\n","protected":false},"featured_media":1121,"comment_status":"closed","ping_status":"closed","template":"","meta":[],"product_brand":[],"product_cat":[384,27],"product_tag":[684,177],"class_list":{"0":"post-806","1":"product","2":"type-product","3":"status-publish","4":"has-post-thumbnail","6":"product_cat-comunicacion","7":"product_cat-educacion","8":"product_tag-educacion","9":"product_tag-medios-masivos-de-comunicacion","11":"first","12":"instock","13":"shipping-taxable","14":"purchasable","15":"product-type-simple"},"jetpack_sharing_enabled":true,"_links":{"self":[{"href":"https:\/\/libreriabonilla.com.mx\/index.php\/wp-json\/wp\/v2\/product\/806","targetHints":{"allow":["GET"]}}],"collection":[{"href":"https:\/\/libreriabonilla.com.mx\/index.php\/wp-json\/wp\/v2\/product"}],"about":[{"href":"https:\/\/libreriabonilla.com.mx\/index.php\/wp-json\/wp\/v2\/types\/product"}],"replies":[{"embeddable":true,"href":"https:\/\/libreriabonilla.com.mx\/index.php\/wp-json\/wp\/v2\/comments?post=806"}],"wp:featuredmedia":[{"embeddable":true,"href":"https:\/\/libreriabonilla.com.mx\/index.php\/wp-json\/wp\/v2\/media\/1121"}],"wp:attachment":[{"href":"https:\/\/libreriabonilla.com.mx\/index.php\/wp-json\/wp\/v2\/media?parent=806"}],"wp:term":[{"taxonomy":"product_brand","embeddable":true,"href":"https:\/\/libreriabonilla.com.mx\/index.php\/wp-json\/wp\/v2\/product_brand?post=806"},{"taxonomy":"product_cat","embeddable":true,"href":"https:\/\/libreriabonilla.com.mx\/index.php\/wp-json\/wp\/v2\/product_cat?post=806"},{"taxonomy":"product_tag","embeddable":true,"href":"https:\/\/libreriabonilla.com.mx\/index.php\/wp-json\/wp\/v2\/product_tag?post=806"}],"curies":[{"name":"wp","href":"https:\/\/api.w.org\/{rel}","templated":true}]}}