{"id":805,"date":"2026-04-21T22:23:26","date_gmt":"2026-04-22T01:53:26","guid":{"rendered":"https:\/\/libreriabonilla.com.mx\/?post_type=product&#038;p=805"},"modified":"2026-04-26T14:52:35","modified_gmt":"2026-04-26T18:22:35","slug":"madres-obreras-amantes","status":"publish","type":"product","link":"https:\/\/libreriabonilla.com.mx\/index.php\/producto\/madres-obreras-amantes\/","title":{"rendered":"Madres, obreras, amantes\u2026"},"content":{"rendered":"<p>Evita, Rigoberta Mench\u00fa, las Madres de la Plaza de Mayo_ \u00bfEs casualidad que en las \u00faltimas d\u00e9cadas, precisamente en el continente considerado machista por antonomasia, tantas mujeres hayan alcanzado reconocimiento? Por otras parte, la lista de mujeres famosas de la \u00e9poca colonial y de los albores republicanos es tambi\u00e9n abundante: con la Malinche, Sor Juana In\u00e9s de la Cruz, Manuela S\u00e1enz_ A lo que hay que sumar tambi\u00e9n a an\u00f3nimas indias y esclavas, empleadas dom\u00e9sticas, obreras fabriles y madres de familia. \u00bfQu\u00e9 es lo que vincula entre s\u00ed a estas mujeres, por otra parte tan diferentes? Todas ellas encuentran en este libro su lugar y toman aqu\u00ed la palabra, pues, a pesar de las diferencias entre sus vidas, las une una historia latinoamericana espec\u00edfica, que se asienta, se expresa y se condensa en los roles de g\u00e9nero.<\/p>\n","protected":false},"excerpt":{"rendered":"<p>Potthast, B\u00e1rbara<\/p>\n","protected":false},"featured_media":1027,"comment_status":"closed","ping_status":"closed","template":"","meta":[],"product_brand":[],"product_cat":[31,715],"product_tag":[322,569,301,652],"class_list":{"0":"post-805","1":"product","2":"type-product","3":"status-publish","4":"has-post-thumbnail","6":"product_cat-ensayo","7":"product_cat-feminismo","8":"product_tag-feminismo","9":"product_tag-mujeres","10":"product_tag-mujeres-de-mexico","11":"product_tag-obreras","13":"first","14":"instock","15":"shipping-taxable","16":"purchasable","17":"product-type-simple"},"jetpack_sharing_enabled":true,"_links":{"self":[{"href":"https:\/\/libreriabonilla.com.mx\/index.php\/wp-json\/wp\/v2\/product\/805","targetHints":{"allow":["GET"]}}],"collection":[{"href":"https:\/\/libreriabonilla.com.mx\/index.php\/wp-json\/wp\/v2\/product"}],"about":[{"href":"https:\/\/libreriabonilla.com.mx\/index.php\/wp-json\/wp\/v2\/types\/product"}],"replies":[{"embeddable":true,"href":"https:\/\/libreriabonilla.com.mx\/index.php\/wp-json\/wp\/v2\/comments?post=805"}],"wp:featuredmedia":[{"embeddable":true,"href":"https:\/\/libreriabonilla.com.mx\/index.php\/wp-json\/wp\/v2\/media\/1027"}],"wp:attachment":[{"href":"https:\/\/libreriabonilla.com.mx\/index.php\/wp-json\/wp\/v2\/media?parent=805"}],"wp:term":[{"taxonomy":"product_brand","embeddable":true,"href":"https:\/\/libreriabonilla.com.mx\/index.php\/wp-json\/wp\/v2\/product_brand?post=805"},{"taxonomy":"product_cat","embeddable":true,"href":"https:\/\/libreriabonilla.com.mx\/index.php\/wp-json\/wp\/v2\/product_cat?post=805"},{"taxonomy":"product_tag","embeddable":true,"href":"https:\/\/libreriabonilla.com.mx\/index.php\/wp-json\/wp\/v2\/product_tag?post=805"}],"curies":[{"name":"wp","href":"https:\/\/api.w.org\/{rel}","templated":true}]}}