{"id":804,"date":"2026-04-21T22:23:26","date_gmt":"2026-04-22T01:53:26","guid":{"rendered":"https:\/\/libreriabonilla.com.mx\/?post_type=product&#038;p=804"},"modified":"2026-04-26T14:55:18","modified_gmt":"2026-04-26T18:25:18","slug":"nuevos-hispanismo-interdisciplinario-y-trasatlanticos","status":"publish","type":"product","link":"https:\/\/libreriabonilla.com.mx\/index.php\/producto\/nuevos-hispanismo-interdisciplinario-y-trasatlanticos\/","title":{"rendered":"Nuevos hispanismo interdisciplinario y trasatl\u00e1nticos"},"content":{"rendered":"<p>Los ensayos reunidos en este volumen definen el panorama actual del hispanismo internacional, que se define no como la preponderancia de una naci\u00f3n si no como el escenario interdisciplinario de di\u00e1logo trasatl\u00e1ntico entre las culturas del mundo hispanof\u00f3nico. Un importante grupo de hispanistas de Espa\u00f1a, Am\u00e9rica Latina, Estados Unidos y Alemania explora en este libro los nuevos espacios interdisciplinarios, relee los campos tradicionales del hispanismo, reformulando sus modos operativos, y propone un primer escenario del trabajo en marcha. Algunos de las cuestiones revisadas son el cosmopolitismo, los derechos humanos, la construcci\u00f3n hist\u00f3rica del hispanismo, la literatura de viajes, cuestiones \u00e9ticas, el di\u00e1logo con la ciencia, etc. Es \u00e9ste el quincuag\u00e9simo libro que editamos en Espa\u00f1a y el mil\u00e9simo en total. Lo entendemos como program\u00e1tico, y est\u00e1n previstos otros que definir\u00e1n el \u00abNuevo hispanismo\u00bb.<\/p>\n<p>Julio Ortega es catedr\u00e1tico de Literaturas Hisp\u00e1nicas en Brown University. Investigador, poeta y novelista con m\u00e1s de 15 libros escritos. Ha tenido a su cargo numerosas ediciones cr\u00edticas de autores can\u00f3nicos iberoamericanos. Durante la \u00faltima d\u00e9cada se ha dedicado a promover el desarrollo de los Estudios Trasatl\u00e1nticos<\/p>\n","protected":false},"excerpt":{"rendered":"<p>Ortega, Julio<\/p>\n","protected":false},"featured_media":894,"comment_status":"closed","ping_status":"closed","template":"","meta":[],"product_brand":[],"product_cat":[272,511,70],"product_tag":[639,677],"class_list":{"0":"post-804","1":"product","2":"type-product","3":"status-publish","4":"has-post-thumbnail","6":"product_cat-america-latina","7":"product_cat-hispanoamerica","8":"product_cat-historia","9":"product_tag-america-latina","10":"product_tag-hispanoamerica","12":"first","13":"instock","14":"shipping-taxable","15":"purchasable","16":"product-type-simple"},"jetpack_sharing_enabled":true,"_links":{"self":[{"href":"https:\/\/libreriabonilla.com.mx\/index.php\/wp-json\/wp\/v2\/product\/804","targetHints":{"allow":["GET"]}}],"collection":[{"href":"https:\/\/libreriabonilla.com.mx\/index.php\/wp-json\/wp\/v2\/product"}],"about":[{"href":"https:\/\/libreriabonilla.com.mx\/index.php\/wp-json\/wp\/v2\/types\/product"}],"replies":[{"embeddable":true,"href":"https:\/\/libreriabonilla.com.mx\/index.php\/wp-json\/wp\/v2\/comments?post=804"}],"wp:featuredmedia":[{"embeddable":true,"href":"https:\/\/libreriabonilla.com.mx\/index.php\/wp-json\/wp\/v2\/media\/894"}],"wp:attachment":[{"href":"https:\/\/libreriabonilla.com.mx\/index.php\/wp-json\/wp\/v2\/media?parent=804"}],"wp:term":[{"taxonomy":"product_brand","embeddable":true,"href":"https:\/\/libreriabonilla.com.mx\/index.php\/wp-json\/wp\/v2\/product_brand?post=804"},{"taxonomy":"product_cat","embeddable":true,"href":"https:\/\/libreriabonilla.com.mx\/index.php\/wp-json\/wp\/v2\/product_cat?post=804"},{"taxonomy":"product_tag","embeddable":true,"href":"https:\/\/libreriabonilla.com.mx\/index.php\/wp-json\/wp\/v2\/product_tag?post=804"}],"curies":[{"name":"wp","href":"https:\/\/api.w.org\/{rel}","templated":true}]}}