{"id":803,"date":"2026-04-21T22:23:26","date_gmt":"2026-04-22T01:53:26","guid":{"rendered":"https:\/\/libreriabonilla.com.mx\/?post_type=product&#038;p=803"},"modified":"2026-04-22T16:23:24","modified_gmt":"2026-04-22T19:53:24","slug":"si-bebe-agua-de-este-pozo-nunca-saldra-del-pueblo","status":"publish","type":"product","link":"https:\/\/libreriabonilla.com.mx\/index.php\/producto\/si-bebe-agua-de-este-pozo-nunca-saldra-del-pueblo\/","title":{"rendered":"Si bebe agua de este pozo nunca saldr\u00e1 del pueblo"},"content":{"rendered":"<p>El libro que tiene en sus manos se refiere a VIAJE A MEXICO. ENSAYOS, CRONICAS Y RETRATOS ( Iberoamericana, Editorial vervuert en Bonilla Artigas Editores, Madrid\/M\u00e9xico 2008).<br \/>\nLos textos que se incluyen fueron casi todos le\u00eddos en voz alta ante grupos de personas que celebraron con sus autores a Adolfo Casta\u00f1\u00f3n (1952): en primer momento por la aparici\u00f3n del libro y, despu\u00e9s, por el reconocimiento a la calidad de sus ensayos, cr\u00f3nicas y retratos con el Premio Xavier Villaurrutia 2008&#8230;<\/p>\n","protected":false},"excerpt":{"rendered":"<p>Casta\u00f1on, Adolfo<\/p>\n","protected":false},"featured_media":983,"comment_status":"closed","ping_status":"closed","template":"","meta":[],"product_brand":[],"product_cat":[272,131],"product_tag":[316,701],"class_list":{"0":"post-803","1":"product","2":"type-product","3":"status-publish","4":"has-post-thumbnail","6":"product_cat-america-latina","7":"product_cat-ensayos","8":"product_tag-adolfo-castanon","9":"product_tag-ensayos","11":"first","12":"instock","13":"shipping-taxable","14":"purchasable","15":"product-type-simple"},"jetpack_sharing_enabled":true,"_links":{"self":[{"href":"https:\/\/libreriabonilla.com.mx\/index.php\/wp-json\/wp\/v2\/product\/803","targetHints":{"allow":["GET"]}}],"collection":[{"href":"https:\/\/libreriabonilla.com.mx\/index.php\/wp-json\/wp\/v2\/product"}],"about":[{"href":"https:\/\/libreriabonilla.com.mx\/index.php\/wp-json\/wp\/v2\/types\/product"}],"replies":[{"embeddable":true,"href":"https:\/\/libreriabonilla.com.mx\/index.php\/wp-json\/wp\/v2\/comments?post=803"}],"wp:featuredmedia":[{"embeddable":true,"href":"https:\/\/libreriabonilla.com.mx\/index.php\/wp-json\/wp\/v2\/media\/983"}],"wp:attachment":[{"href":"https:\/\/libreriabonilla.com.mx\/index.php\/wp-json\/wp\/v2\/media?parent=803"}],"wp:term":[{"taxonomy":"product_brand","embeddable":true,"href":"https:\/\/libreriabonilla.com.mx\/index.php\/wp-json\/wp\/v2\/product_brand?post=803"},{"taxonomy":"product_cat","embeddable":true,"href":"https:\/\/libreriabonilla.com.mx\/index.php\/wp-json\/wp\/v2\/product_cat?post=803"},{"taxonomy":"product_tag","embeddable":true,"href":"https:\/\/libreriabonilla.com.mx\/index.php\/wp-json\/wp\/v2\/product_tag?post=803"}],"curies":[{"name":"wp","href":"https:\/\/api.w.org\/{rel}","templated":true}]}}