{"id":802,"date":"2026-04-21T22:23:26","date_gmt":"2026-04-22T01:53:26","guid":{"rendered":"https:\/\/libreriabonilla.com.mx\/?post_type=product&#038;p=802"},"modified":"2026-04-22T16:43:13","modified_gmt":"2026-04-22T20:13:13","slug":"testimonio-sobre-la-politica-de-la-verdad","status":"publish","type":"product","link":"https:\/\/libreriabonilla.com.mx\/index.php\/producto\/testimonio-sobre-la-politica-de-la-verdad\/","title":{"rendered":"Testimonio: sobre la politica de la verdad"},"content":{"rendered":"<p>Los ensayos que conforman el presente volumen documentan una larga y profunda reflexi\u00f3n cr\u00edtica sobre el testimonio latinoamericano. Desde el fin de la Guerra Fr\u00eda hasta el actual \u00abgiro neoconservador\u00bb, en este libro, como lo expresa el propio autor, \u00abel lector podr\u00e1 ver mi trabajo sobre el testimonio como un proceso evolutivo y abierto, dependiente, como la forma misma, de las vicisitudes de la historia. Y es que, como se podr\u00e1 constatar [_], yo tambi\u00e9n soy parte de esa historia\u00bb.<\/p>\n<p>La lucidez y la claridad con que han sido escritos los textos incluidos en Testimonio: sobre la pol\u00edtica de la verdad llevar\u00e1n al p\u00fablico que se acerca por primera vez a sus temas por uno de los itinerarios intelectuales m\u00e1s importantes en la definici\u00f3n del debate cultural en nuestro continente. Para el lector familiarizado con la obra de Beverley, el presente libro representar\u00e1, sin duda, un fuerte est\u00edmulo para continuar el debate en torno a la compleja relaci\u00f3n que existe entre la literatura y la pol\u00edtica.<\/p>\n<p>Publicado originalmente en ingl\u00e9s, Testimonio: sobre la pol\u00edtica de la verdad se presenta ahora al p\u00fablico de habla hispana acompa\u00f1ado de un nuevo ensayo, \u00abLa cr\u00edtica del testimonio y el giro neoconservador\u00bb, con el cual se pone al d\u00eda la discusi\u00f3n en torno al testimonio en Am\u00e9rica Latina.<\/p>\n<p>Ante las nuevas hegemon\u00edas geopol\u00edticas norteamericanas, la historia parece haberse encogido. La verdad se ha vuelto un material cocinado por las empresas propietarias del aparato de informaci\u00f3n; es indispensable una pol\u00edtica de la cr\u00edtica y un ejercicio permanente de resistencia. En nuestra Am\u00e9rica, la resistencia se nutre del testimonio; esto es, de las lecturas y debates que los individuos de los nuevos movimientos sociales intercambian entre s\u00ed, construyendo a la par de estos intercambios novedosos el arribo del futuro justo. John Beverley contribuye al debate y -de paso- ofrece una teor\u00eda del testimonio latinoamericano donde \u00e9ste se nos aparece con toda la fuerza de la verdad de las v\u00edctimas sociales.<br \/>\nAna Mar\u00eda Mart\u00ednez de la Escalera<\/p>\n","protected":false},"excerpt":{"rendered":"<p>Beverley, John<\/p>\n","protected":false},"featured_media":1074,"comment_status":"closed","ping_status":"closed","template":"","meta":[],"product_brand":[],"product_cat":[31,70,115,72],"product_tag":[702,446],"class_list":{"0":"post-802","1":"product","2":"type-product","3":"status-publish","4":"has-post-thumbnail","6":"product_cat-ensayo","7":"product_cat-historia","8":"product_cat-historia-universal","9":"product_cat-literatura","10":"product_tag-guerra-fria","11":"product_tag-historia","13":"first","14":"instock","15":"shipping-taxable","16":"purchasable","17":"product-type-simple"},"jetpack_sharing_enabled":true,"_links":{"self":[{"href":"https:\/\/libreriabonilla.com.mx\/index.php\/wp-json\/wp\/v2\/product\/802","targetHints":{"allow":["GET"]}}],"collection":[{"href":"https:\/\/libreriabonilla.com.mx\/index.php\/wp-json\/wp\/v2\/product"}],"about":[{"href":"https:\/\/libreriabonilla.com.mx\/index.php\/wp-json\/wp\/v2\/types\/product"}],"replies":[{"embeddable":true,"href":"https:\/\/libreriabonilla.com.mx\/index.php\/wp-json\/wp\/v2\/comments?post=802"}],"wp:featuredmedia":[{"embeddable":true,"href":"https:\/\/libreriabonilla.com.mx\/index.php\/wp-json\/wp\/v2\/media\/1074"}],"wp:attachment":[{"href":"https:\/\/libreriabonilla.com.mx\/index.php\/wp-json\/wp\/v2\/media?parent=802"}],"wp:term":[{"taxonomy":"product_brand","embeddable":true,"href":"https:\/\/libreriabonilla.com.mx\/index.php\/wp-json\/wp\/v2\/product_brand?post=802"},{"taxonomy":"product_cat","embeddable":true,"href":"https:\/\/libreriabonilla.com.mx\/index.php\/wp-json\/wp\/v2\/product_cat?post=802"},{"taxonomy":"product_tag","embeddable":true,"href":"https:\/\/libreriabonilla.com.mx\/index.php\/wp-json\/wp\/v2\/product_tag?post=802"}],"curies":[{"name":"wp","href":"https:\/\/api.w.org\/{rel}","templated":true}]}}