{"id":801,"date":"2026-04-21T22:23:25","date_gmt":"2026-04-22T01:53:25","guid":{"rendered":"https:\/\/libreriabonilla.com.mx\/?post_type=product&#038;p=801"},"modified":"2026-04-27T13:22:53","modified_gmt":"2026-04-27T16:52:53","slug":"circulaciones-trayectorias-del-texto-literario","status":"publish","type":"product","link":"https:\/\/libreriabonilla.com.mx\/index.php\/producto\/circulaciones-trayectorias-del-texto-literario\/","title":{"rendered":"Circulaciones: trayectorias del texto literario"},"content":{"rendered":"<p>El libro colectivo Circulaciones: trayectorias del texto literario re\u00fane un conjunto de articulos que tienen como hilo conductor el concepto de \u00abcirculaci\u00f3n\u00bb , sugerido tanto por el Ensayo sobre el don, de Marcel Mauss, como por su introducci\u00f3n, a cargo de Claude Levi-Strauss.<br \/>\nEn estos textos fundacionales de la etnolog\u00eda francesa, la vida social aparece constituida por m\u00faltiples formas de intercambio (de dones, bienes, palabras, entre otras), articuladas en los diversos sist\u00e9mas simb\u00f3licos que la rigen: las reglas de matrimonio, las relaciones econ\u00f3micas, la religi\u00f3n, el arte, la ciencia.<\/p>\n<p>As\u00ed, el planteamiento sugerido tanto por Mauss como por Levi-Strauss sirvi\u00f3 de punto de partida para reflexionar sobre el texto literario y sus diversos modos de circulaci\u00f3n e intercambio, ya sea en su dimensi\u00f3n social, como interacci\u00f3n entre lector y texto particulares, o bien como motivo literario propiamente dicho. El objetivo principal de este libro es ofrecer a los lectores una serie de textos te\u00f3ricos que aporten una perspectiva actualizada sobre diversos aspectos relacionados con este complejo tema -como los son la materia del texto, la producci\u00f3n de sentido, los g\u00e9neros literarios, el papel del autor y la traducci\u00f3n, entre otros- para explicarlos, problematizarlos y brindar bibliograf\u00eda, pero tambi\u00e9n proponer algunos textos cr\u00edticos en los que se ofrecen v\u00edas de lectura, an\u00e1lisis e interpretaci\u00f3n de textos particulares, desde una perspectiva tem\u00e1tica relacionada con la circulaci\u00f3n y el intercambio.<\/p>\n<p>es. Estamos seguros de que los lectores se van a llevar una grata sorpresa con el contenido de los cap\u00edtulos de este libro.<\/p>\n","protected":false},"excerpt":{"rendered":"<p>De Teresa Ochoa, Adriana<\/p>\n","protected":false},"featured_media":994,"comment_status":"closed","ping_status":"closed","template":"","meta":[],"product_brand":[],"product_cat":[52,31],"product_tag":[717,719,128,718],"class_list":{"0":"post-801","1":"product","2":"type-product","3":"status-publish","4":"has-post-thumbnail","6":"product_cat-ciencias-sociales","7":"product_cat-ensayo","8":"product_tag-ciencias-sociales","9":"product_tag-claude-levi-strauss","10":"product_tag-ensayo","11":"product_tag-marcel-mauss","13":"first","14":"instock","15":"shipping-taxable","16":"purchasable","17":"product-type-simple"},"jetpack_sharing_enabled":true,"_links":{"self":[{"href":"https:\/\/libreriabonilla.com.mx\/index.php\/wp-json\/wp\/v2\/product\/801","targetHints":{"allow":["GET"]}}],"collection":[{"href":"https:\/\/libreriabonilla.com.mx\/index.php\/wp-json\/wp\/v2\/product"}],"about":[{"href":"https:\/\/libreriabonilla.com.mx\/index.php\/wp-json\/wp\/v2\/types\/product"}],"replies":[{"embeddable":true,"href":"https:\/\/libreriabonilla.com.mx\/index.php\/wp-json\/wp\/v2\/comments?post=801"}],"wp:featuredmedia":[{"embeddable":true,"href":"https:\/\/libreriabonilla.com.mx\/index.php\/wp-json\/wp\/v2\/media\/994"}],"wp:attachment":[{"href":"https:\/\/libreriabonilla.com.mx\/index.php\/wp-json\/wp\/v2\/media?parent=801"}],"wp:term":[{"taxonomy":"product_brand","embeddable":true,"href":"https:\/\/libreriabonilla.com.mx\/index.php\/wp-json\/wp\/v2\/product_brand?post=801"},{"taxonomy":"product_cat","embeddable":true,"href":"https:\/\/libreriabonilla.com.mx\/index.php\/wp-json\/wp\/v2\/product_cat?post=801"},{"taxonomy":"product_tag","embeddable":true,"href":"https:\/\/libreriabonilla.com.mx\/index.php\/wp-json\/wp\/v2\/product_tag?post=801"}],"curies":[{"name":"wp","href":"https:\/\/api.w.org\/{rel}","templated":true}]}}