{"id":799,"date":"2026-04-21T22:23:25","date_gmt":"2026-04-22T01:53:25","guid":{"rendered":"https:\/\/libreriabonilla.com.mx\/?post_type=product&#038;p=799"},"modified":"2026-04-27T13:10:25","modified_gmt":"2026-04-27T16:40:25","slug":"deseables-o-inconvenientes-las-fronteras-de-la-extranjeria-en-el-mexico-posrevolucionario","status":"publish","type":"product","link":"https:\/\/libreriabonilla.com.mx\/index.php\/producto\/deseables-o-inconvenientes-las-fronteras-de-la-extranjeria-en-el-mexico-posrevolucionario\/","title":{"rendered":"\u00bfDeseables o inconvenientes? Las fronteras de la Extranjer\u00eda en el M\u00e9xico posrevolucionario"},"content":{"rendered":"<p>Este libro est\u00e1 fundado en la certeza de que las pol\u00edticas de inmigraci\u00f3n constituyen un extraordinario mirador para estudiar la manera en que una naci\u00f3n se ve a si misma, y por tanto mira y entiende su relaci\u00f3n con el resto del mundo. Se parte de la premisa de que inmigraci\u00f3n y naci\u00f3n conforman una d\u00edada que permite definir un \u00abnosotros\u00bb necesariamente excluyente, ante unos \u00abotros\u00bb valorados como ajenos de la comunidad nacional.<\/p>\n<p>En el contexto internacional de la primera mitad del siglo pasado, la conducta restrictiva de M\u00e9xico en materia migratoria no fue excepcional, lo particular en todo caso fueron las razones de esas pol\u00edticas y la manera en que se implementaron. En atenci\u00f3n a esas razones y a esa manera fue pensado este libro. El lector encontrar\u00e1 una investigaci\u00f3n acuciosa sobre los comportamientos pol\u00edticos, las acciones sociales y las coyunturas hist\u00f3ricas que explican el dilema de considerar a los inmigrantes como deseables o inconvenientes. Para ello, se examinan dos cuestiones b\u00e1sicas: el entramado pol\u00edtico e institucional de las pol\u00edticas migratorias, y los mecanismos de expresi\u00f3n de la indeseabilidad durante los a\u00f1os de la posrevoluci\u00f3n.<\/p>\n<p>La dimensi\u00f3n y complejidad del actual problema migratorio no admite comparaci\u00f3n con lo que sucedi\u00f3 hace siete u ocho d\u00e9cadas. Sin embargo, el lector podr\u00e1 detectar l\u00edneas de continuidad en la formulaci\u00f3n de pol\u00edticas migratorias y en la relaci\u00f3n entre ellas y las formas en que la sociedad nacional ha procesado l a convivencia con extranjeros. En este sentido, adem\u00e1s de la impecable reconstrucci\u00f3n hist\u00f3rica sobre asuntos escasamente conocidos del pasado nacional, \u00bfDeseables o inconvenientes? Las fronteras de la extranjer\u00eda en el M\u00e9xico posrevolucionario constituye un imprescindible antecedente para acercarse al actual debate sobre la inmigraci\u00f3n<\/p>\n","protected":false},"excerpt":{"rendered":"<p>Yankelevich, Pablo<\/p>\n","protected":false},"featured_media":899,"comment_status":"closed","ping_status":"closed","template":"","meta":[],"product_brand":[],"product_cat":[52,417,530,437],"product_tag":[531,716],"class_list":{"0":"post-799","1":"product","2":"type-product","3":"status-publish","4":"has-post-thumbnail","6":"product_cat-ciencias-sociales","7":"product_cat-humanidades","8":"product_cat-migracion","9":"product_cat-migracion-e-inmigracion","10":"product_tag-migracion","11":"product_tag-inmigracion","13":"first","14":"instock","15":"shipping-taxable","16":"purchasable","17":"product-type-simple"},"jetpack_sharing_enabled":true,"_links":{"self":[{"href":"https:\/\/libreriabonilla.com.mx\/index.php\/wp-json\/wp\/v2\/product\/799","targetHints":{"allow":["GET"]}}],"collection":[{"href":"https:\/\/libreriabonilla.com.mx\/index.php\/wp-json\/wp\/v2\/product"}],"about":[{"href":"https:\/\/libreriabonilla.com.mx\/index.php\/wp-json\/wp\/v2\/types\/product"}],"replies":[{"embeddable":true,"href":"https:\/\/libreriabonilla.com.mx\/index.php\/wp-json\/wp\/v2\/comments?post=799"}],"wp:featuredmedia":[{"embeddable":true,"href":"https:\/\/libreriabonilla.com.mx\/index.php\/wp-json\/wp\/v2\/media\/899"}],"wp:attachment":[{"href":"https:\/\/libreriabonilla.com.mx\/index.php\/wp-json\/wp\/v2\/media?parent=799"}],"wp:term":[{"taxonomy":"product_brand","embeddable":true,"href":"https:\/\/libreriabonilla.com.mx\/index.php\/wp-json\/wp\/v2\/product_brand?post=799"},{"taxonomy":"product_cat","embeddable":true,"href":"https:\/\/libreriabonilla.com.mx\/index.php\/wp-json\/wp\/v2\/product_cat?post=799"},{"taxonomy":"product_tag","embeddable":true,"href":"https:\/\/libreriabonilla.com.mx\/index.php\/wp-json\/wp\/v2\/product_tag?post=799"}],"curies":[{"name":"wp","href":"https:\/\/api.w.org\/{rel}","templated":true}]}}