{"id":798,"date":"2026-04-21T22:23:25","date_gmt":"2026-04-22T01:53:25","guid":{"rendered":"https:\/\/libreriabonilla.com.mx\/?post_type=product&#038;p=798"},"modified":"2026-04-27T21:15:32","modified_gmt":"2026-04-28T00:45:32","slug":"evaluar-para-controlar-o-para-mejorar-valoracion-del-desempeno-docente-en-las-universidades","status":"publish","type":"product","link":"https:\/\/libreriabonilla.com.mx\/index.php\/producto\/evaluar-para-controlar-o-para-mejorar-valoracion-del-desempeno-docente-en-las-universidades\/","title":{"rendered":"\u00bfEvaluar para controlar o para mejorar? Valoraci\u00f3n del desempe\u00f1o docente en las universidades"},"content":{"rendered":"<p>En Am\u00e9rica Latina y Espa\u00f1a, la evaluaci\u00f3n docente es una pr\u00e1ctica relativamente reciente que comparte algunas especificidades: pocos instrumentos confiables para la recolecci\u00f3n de informaci\u00f3n que contribuya a la mejora de la docencia; deficiente involucramiento y responsabilidad de los distintos actores implicados en los procesos de ense\u00f1anza-aprendizaje; se piensa que la evaluaci\u00f3n del desempe\u00f1o del docente est\u00e1 principalmente dirigida a cumplir las funciones de control y fiscalizaci\u00f3n gubernamental y social, y que poco contribuye al perfeccionamiento profesional de los docentes.<br \/>\nEn M\u00e9xico, la experiencia de evaluar la docencia es muy reciente, no ha sido institucionalizada en la mayor\u00eda de las instituciones de educaci\u00f3n superior y arrastra los problemas antes descritos m\u00e1s los end\u00e9micos al sistema educativo mexicano. Ante este panorama, los miembros de la RIED elaboraron el presente libro para contar con una diagn\u00f3stico de la evaluaci\u00f3n del desempe\u00f1o docente en las universidades p\u00fablicas del pa\u00eds. Este estudio es, pues, un libro-mapa imprescindible para conocer las entra\u00f1as de una parte del gran aparato de la educaci\u00f3n en el M\u00e9xico contempor\u00e1neo.<\/p>\n","protected":false},"excerpt":{"rendered":"<p>Rueda Beltr\u00e1n, Mario<\/p>\n","protected":false},"featured_media":1087,"comment_status":"closed","ping_status":"closed","template":"","meta":[],"product_brand":[],"product_cat":[27],"product_tag":[684],"class_list":{"0":"post-798","1":"product","2":"type-product","3":"status-publish","4":"has-post-thumbnail","6":"product_cat-educacion","7":"product_tag-educacion","9":"first","10":"instock","11":"shipping-taxable","12":"purchasable","13":"product-type-simple"},"jetpack_sharing_enabled":true,"_links":{"self":[{"href":"https:\/\/libreriabonilla.com.mx\/index.php\/wp-json\/wp\/v2\/product\/798","targetHints":{"allow":["GET"]}}],"collection":[{"href":"https:\/\/libreriabonilla.com.mx\/index.php\/wp-json\/wp\/v2\/product"}],"about":[{"href":"https:\/\/libreriabonilla.com.mx\/index.php\/wp-json\/wp\/v2\/types\/product"}],"replies":[{"embeddable":true,"href":"https:\/\/libreriabonilla.com.mx\/index.php\/wp-json\/wp\/v2\/comments?post=798"}],"wp:featuredmedia":[{"embeddable":true,"href":"https:\/\/libreriabonilla.com.mx\/index.php\/wp-json\/wp\/v2\/media\/1087"}],"wp:attachment":[{"href":"https:\/\/libreriabonilla.com.mx\/index.php\/wp-json\/wp\/v2\/media?parent=798"}],"wp:term":[{"taxonomy":"product_brand","embeddable":true,"href":"https:\/\/libreriabonilla.com.mx\/index.php\/wp-json\/wp\/v2\/product_brand?post=798"},{"taxonomy":"product_cat","embeddable":true,"href":"https:\/\/libreriabonilla.com.mx\/index.php\/wp-json\/wp\/v2\/product_cat?post=798"},{"taxonomy":"product_tag","embeddable":true,"href":"https:\/\/libreriabonilla.com.mx\/index.php\/wp-json\/wp\/v2\/product_tag?post=798"}],"curies":[{"name":"wp","href":"https:\/\/api.w.org\/{rel}","templated":true}]}}