{"id":797,"date":"2026-04-21T22:23:25","date_gmt":"2026-04-22T01:53:25","guid":{"rendered":"https:\/\/libreriabonilla.com.mx\/?post_type=product&#038;p=797"},"modified":"2026-04-27T21:17:23","modified_gmt":"2026-04-28T00:47:23","slug":"constitucion-poder-y-representacion","status":"publish","type":"product","link":"https:\/\/libreriabonilla.com.mx\/index.php\/producto\/constitucion-poder-y-representacion\/","title":{"rendered":"Constituci\u00f3n, poder y representaci\u00f3n"},"content":{"rendered":"<p>Los rituales desempe\u00f1an un papel vital en el orden de una sociedad y el poder pol\u00edtico sin una adecuada puesta en escena resulta sencillamente inimaginable. Desde esa idea, el presente tomo aborda la discusi\u00f3n sobre la independencia mexicana y el proceso de formaci\u00f3n de un Estado independiente y nacional integrando una perspectiva cultural. A partir de la segunda mitad del siglo XVIII, M\u00e9xico vivi\u00f3 un per\u00edodo de cambios trascendentales que desembocaron en la ca\u00edda del Antiguo R\u00e9gimen y el nacimiento de un Estado nacional. En este proceso de transformaci\u00f3n pol\u00edtica profunda las actuaciones y representaciones simb\u00f3licas desempe\u00f1aron un papel fundamental, y es que los actos simb\u00f3licos ejercen influencia sobre las observaciones de los actores hist\u00f3ricos y los orientan, lo que, a su vez, influye en la formaci\u00f3n concreta del orden pol\u00edtico.<\/p>\n","protected":false},"excerpt":{"rendered":"<p>Hensel, Silke<\/p>\n","protected":false},"featured_media":1057,"comment_status":"closed","ping_status":"closed","template":"","meta":[],"product_brand":[],"product_cat":[720,31,70],"product_tag":[722,721],"class_list":{"0":"post-797","1":"product","2":"type-product","3":"status-publish","4":"has-post-thumbnail","6":"product_cat-derecho","7":"product_cat-ensayo","8":"product_cat-historia","9":"product_tag-constitucion-politica","10":"product_tag-derecho","12":"first","13":"instock","14":"shipping-taxable","15":"purchasable","16":"product-type-simple"},"jetpack_sharing_enabled":true,"_links":{"self":[{"href":"https:\/\/libreriabonilla.com.mx\/index.php\/wp-json\/wp\/v2\/product\/797","targetHints":{"allow":["GET"]}}],"collection":[{"href":"https:\/\/libreriabonilla.com.mx\/index.php\/wp-json\/wp\/v2\/product"}],"about":[{"href":"https:\/\/libreriabonilla.com.mx\/index.php\/wp-json\/wp\/v2\/types\/product"}],"replies":[{"embeddable":true,"href":"https:\/\/libreriabonilla.com.mx\/index.php\/wp-json\/wp\/v2\/comments?post=797"}],"wp:featuredmedia":[{"embeddable":true,"href":"https:\/\/libreriabonilla.com.mx\/index.php\/wp-json\/wp\/v2\/media\/1057"}],"wp:attachment":[{"href":"https:\/\/libreriabonilla.com.mx\/index.php\/wp-json\/wp\/v2\/media?parent=797"}],"wp:term":[{"taxonomy":"product_brand","embeddable":true,"href":"https:\/\/libreriabonilla.com.mx\/index.php\/wp-json\/wp\/v2\/product_brand?post=797"},{"taxonomy":"product_cat","embeddable":true,"href":"https:\/\/libreriabonilla.com.mx\/index.php\/wp-json\/wp\/v2\/product_cat?post=797"},{"taxonomy":"product_tag","embeddable":true,"href":"https:\/\/libreriabonilla.com.mx\/index.php\/wp-json\/wp\/v2\/product_tag?post=797"}],"curies":[{"name":"wp","href":"https:\/\/api.w.org\/{rel}","templated":true}]}}