{"id":796,"date":"2026-04-21T22:23:25","date_gmt":"2026-04-22T01:53:25","guid":{"rendered":"https:\/\/libreriabonilla.com.mx\/?post_type=product&#038;p=796"},"modified":"2026-04-27T21:20:02","modified_gmt":"2026-04-28T00:50:02","slug":"el-exilio-republicano-espanol-en-mexico-y-argentina","status":"publish","type":"product","link":"https:\/\/libreriabonilla.com.mx\/index.php\/producto\/el-exilio-republicano-espanol-en-mexico-y-argentina\/","title":{"rendered":"El exilio republicano espa\u00f1ol en M\u00e9xico y Argentina"},"content":{"rendered":"<p>Partiendo del estado actual de los estudios sobre el exilio republicano espa\u00f1ol en Am\u00e9rica Latina, se revisan posiciones afianzadas de la cr\u00edtica, e iluminan aspectos que no hab\u00edan sido tenidos en cuenta hasta el momento, poniendo el acento en los soportes materiales e institucionales de la cultura.<\/p>\n","protected":false},"excerpt":{"rendered":"<p>Pagni, Andrea<\/p>\n","protected":false},"featured_media":1102,"comment_status":"closed","ping_status":"closed","template":"","meta":[],"product_brand":[],"product_cat":[272,309,217],"product_tag":[723,725,724,531],"class_list":{"0":"post-796","1":"product","2":"type-product","3":"status-publish","4":"has-post-thumbnail","6":"product_cat-america-latina","7":"product_cat-ciencia-politica","8":"product_cat-emigracion-e-inmigracion","9":"product_tag-exilio-espanol","10":"product_tag-franquismo","11":"product_tag-guerra-civil-espanola","12":"product_tag-migracion","14":"first","15":"instock","16":"shipping-taxable","17":"purchasable","18":"product-type-simple"},"jetpack_sharing_enabled":true,"_links":{"self":[{"href":"https:\/\/libreriabonilla.com.mx\/index.php\/wp-json\/wp\/v2\/product\/796","targetHints":{"allow":["GET"]}}],"collection":[{"href":"https:\/\/libreriabonilla.com.mx\/index.php\/wp-json\/wp\/v2\/product"}],"about":[{"href":"https:\/\/libreriabonilla.com.mx\/index.php\/wp-json\/wp\/v2\/types\/product"}],"replies":[{"embeddable":true,"href":"https:\/\/libreriabonilla.com.mx\/index.php\/wp-json\/wp\/v2\/comments?post=796"}],"wp:featuredmedia":[{"embeddable":true,"href":"https:\/\/libreriabonilla.com.mx\/index.php\/wp-json\/wp\/v2\/media\/1102"}],"wp:attachment":[{"href":"https:\/\/libreriabonilla.com.mx\/index.php\/wp-json\/wp\/v2\/media?parent=796"}],"wp:term":[{"taxonomy":"product_brand","embeddable":true,"href":"https:\/\/libreriabonilla.com.mx\/index.php\/wp-json\/wp\/v2\/product_brand?post=796"},{"taxonomy":"product_cat","embeddable":true,"href":"https:\/\/libreriabonilla.com.mx\/index.php\/wp-json\/wp\/v2\/product_cat?post=796"},{"taxonomy":"product_tag","embeddable":true,"href":"https:\/\/libreriabonilla.com.mx\/index.php\/wp-json\/wp\/v2\/product_tag?post=796"}],"curies":[{"name":"wp","href":"https:\/\/api.w.org\/{rel}","templated":true}]}}