{"id":794,"date":"2026-04-21T22:23:25","date_gmt":"2026-04-22T01:53:25","guid":{"rendered":"https:\/\/libreriabonilla.com.mx\/?post_type=product&#038;p=794"},"modified":"2026-05-11T21:28:52","modified_gmt":"2026-05-12T00:58:52","slug":"entre-artes-entre-actos-ecfrasis-e-intermedialidad","status":"publish","type":"product","link":"https:\/\/libreriabonilla.com.mx\/index.php\/producto\/entre-artes-entre-actos-ecfrasis-e-intermedialidad\/","title":{"rendered":"Entre artes, entre actos. \u00c9cfrasis e intermedialidad"},"content":{"rendered":"<p>Se dice que la literatura nos transporta a otros mundos, pero en el caso de esta obra es la zona intermediaria entre las artes, la que despierta los sentidos, permite colorear poemas, narrar sinfon\u00edas, tocar palabras, escuchar cuadros, teatralizar canciones. Las relaciones entre las representaciones verbales, musicales y visuales que existen son inimaginables y en el libro Entre artes, entre actos. Ecfrasis e intermedialidad, podemos encontrar una muestra de ellas.<br \/>\nAqu\u00ed se re\u00fane una compilaci\u00f3n de art\u00edculos relacionados con el concepto de ecfrasis. Los textos de Valerie Robillard y Siglind Bruhn que se encuentran al inicio de este libro son los referentes indispensables para poder comprender la teor\u00eda en torno a la cual gira la tem\u00e1tica de los art\u00edculos y el punto de partida de la reflexi\u00f3n.<br \/>\nEl objetivo principal de esta obra es ofrecer a los lectores tanto textos te\u00f3ricos como pragm\u00e1ticos que presentan aspectos relacionados con la ecfrasis y la intermedialidad, que explican, brindan bibliograf\u00eda y diferentes v\u00edas de lectura, an\u00e1lisis e interpretaci\u00f3n de muy diversas expresiones art\u00edsticas.<\/p>\n","protected":false},"excerpt":{"rendered":"<p>Gonz\u00e1lez Aktories, Susana,2011<\/p>\n","protected":false},"featured_media":1103,"comment_status":"closed","ping_status":"closed","template":"","meta":[],"product_brand":[],"product_cat":[72],"product_tag":[706,605],"class_list":{"0":"post-794","1":"product","2":"type-product","3":"status-publish","4":"has-post-thumbnail","6":"product_cat-literatura","7":"product_tag-arte-y-literatura","8":"product_tag-literatura","10":"first","11":"instock","12":"shipping-taxable","13":"purchasable","14":"product-type-simple"},"jetpack_sharing_enabled":true,"_links":{"self":[{"href":"https:\/\/libreriabonilla.com.mx\/index.php\/wp-json\/wp\/v2\/product\/794","targetHints":{"allow":["GET"]}}],"collection":[{"href":"https:\/\/libreriabonilla.com.mx\/index.php\/wp-json\/wp\/v2\/product"}],"about":[{"href":"https:\/\/libreriabonilla.com.mx\/index.php\/wp-json\/wp\/v2\/types\/product"}],"replies":[{"embeddable":true,"href":"https:\/\/libreriabonilla.com.mx\/index.php\/wp-json\/wp\/v2\/comments?post=794"}],"wp:featuredmedia":[{"embeddable":true,"href":"https:\/\/libreriabonilla.com.mx\/index.php\/wp-json\/wp\/v2\/media\/1103"}],"wp:attachment":[{"href":"https:\/\/libreriabonilla.com.mx\/index.php\/wp-json\/wp\/v2\/media?parent=794"}],"wp:term":[{"taxonomy":"product_brand","embeddable":true,"href":"https:\/\/libreriabonilla.com.mx\/index.php\/wp-json\/wp\/v2\/product_brand?post=794"},{"taxonomy":"product_cat","embeddable":true,"href":"https:\/\/libreriabonilla.com.mx\/index.php\/wp-json\/wp\/v2\/product_cat?post=794"},{"taxonomy":"product_tag","embeddable":true,"href":"https:\/\/libreriabonilla.com.mx\/index.php\/wp-json\/wp\/v2\/product_tag?post=794"}],"curies":[{"name":"wp","href":"https:\/\/api.w.org\/{rel}","templated":true}]}}