{"id":793,"date":"2026-04-21T22:23:25","date_gmt":"2026-04-22T01:53:25","guid":{"rendered":"https:\/\/libreriabonilla.com.mx\/?post_type=product&#038;p=793"},"modified":"2026-04-27T21:23:47","modified_gmt":"2026-04-28T00:53:47","slug":"grupos-marginados-de-la-educacion-siglos-xix-y-xx","status":"publish","type":"product","link":"https:\/\/libreriabonilla.com.mx\/index.php\/producto\/grupos-marginados-de-la-educacion-siglos-xix-y-xx\/","title":{"rendered":"Grupos marginados de la educaci\u00f3n (siglos XIX y XX)"},"content":{"rendered":"<p>Grupo marginados de la educaci\u00f3n (siglos XIX y XX) ofrece un conjunto de trabajos sobre los sectores sociales que a lo largo de la historia han sido marginados de la educaci\u00f3n institucional, o han tenido acceso a ella de manera restringida, como son los artesanos, las mujeres, las personas con capacidades especiales, los ind\u00edgenas y aun aquellos j\u00f3venes que en diversas etapas del pasado no ten\u00edan acceso a estudios universitarios.<br \/>\nResultado de una convocatoria realizada a especialistas en la materia, el texto re\u00fane trabajos sobre la realidad mexicana, aunque incluye un par de casos correspondientes a otros pa\u00edses latinoamericanos, los cuales dan idea de las coincidencias y diferencias que en este tema caracterizan los variados entornos de la regi\u00f3n. Se trata de un primer esfuerzo, rico por las diversas perspectivas y actores que abarca, por ubicar en el centro del debate acad\u00e9mico una realidad por dem\u00e1s presente: la de los grupos marginados de la educaci\u00f3n<\/p>\n","protected":false},"excerpt":{"rendered":"<p>Alvarado, Mar\u00eda de Lourdes<\/p>\n","protected":false},"featured_media":1108,"comment_status":"closed","ping_status":"closed","template":"","meta":[],"product_brand":[],"product_cat":[52,27,31],"product_tag":[684,128,726],"class_list":{"0":"post-793","1":"product","2":"type-product","3":"status-publish","4":"has-post-thumbnail","6":"product_cat-ciencias-sociales","7":"product_cat-educacion","8":"product_cat-ensayo","9":"product_tag-educacion","10":"product_tag-ensayo","11":"product_tag-grupos-sociales","13":"first","14":"instock","15":"shipping-taxable","16":"purchasable","17":"product-type-simple"},"jetpack_sharing_enabled":true,"_links":{"self":[{"href":"https:\/\/libreriabonilla.com.mx\/index.php\/wp-json\/wp\/v2\/product\/793","targetHints":{"allow":["GET"]}}],"collection":[{"href":"https:\/\/libreriabonilla.com.mx\/index.php\/wp-json\/wp\/v2\/product"}],"about":[{"href":"https:\/\/libreriabonilla.com.mx\/index.php\/wp-json\/wp\/v2\/types\/product"}],"replies":[{"embeddable":true,"href":"https:\/\/libreriabonilla.com.mx\/index.php\/wp-json\/wp\/v2\/comments?post=793"}],"wp:featuredmedia":[{"embeddable":true,"href":"https:\/\/libreriabonilla.com.mx\/index.php\/wp-json\/wp\/v2\/media\/1108"}],"wp:attachment":[{"href":"https:\/\/libreriabonilla.com.mx\/index.php\/wp-json\/wp\/v2\/media?parent=793"}],"wp:term":[{"taxonomy":"product_brand","embeddable":true,"href":"https:\/\/libreriabonilla.com.mx\/index.php\/wp-json\/wp\/v2\/product_brand?post=793"},{"taxonomy":"product_cat","embeddable":true,"href":"https:\/\/libreriabonilla.com.mx\/index.php\/wp-json\/wp\/v2\/product_cat?post=793"},{"taxonomy":"product_tag","embeddable":true,"href":"https:\/\/libreriabonilla.com.mx\/index.php\/wp-json\/wp\/v2\/product_tag?post=793"}],"curies":[{"name":"wp","href":"https:\/\/api.w.org\/{rel}","templated":true}]}}