{"id":792,"date":"2026-04-21T22:23:25","date_gmt":"2026-04-22T01:53:25","guid":{"rendered":"https:\/\/libreriabonilla.com.mx\/?post_type=product&#038;p=792"},"modified":"2026-04-27T21:25:31","modified_gmt":"2026-04-28T00:55:31","slug":"historia-region-y-frontera-norte-de-mexico","status":"publish","type":"product","link":"https:\/\/libreriabonilla.com.mx\/index.php\/producto\/historia-region-y-frontera-norte-de-mexico\/","title":{"rendered":"Historia, regi\u00f3n y frontera norte de M\u00e9xico"},"content":{"rendered":"<p>El territorio norte\u00f1o del actual M\u00e9xico ha sido desde tiempos anteriores a la existencia del propio pa\u00eds una zona de m\u00faltiples fronteras geogr\u00e1ficas, culturales, econ\u00f3micas, pol\u00edticas y demogr\u00e1ficas; pero al mismo tiempo ha sido una zona de contacto, mestizaje, intercambio y coyunturas. Un espacio territorial heterog\u00e9neo cuyo com\u00fan denominador ha sido su apropiaci\u00f3n material y simb\u00f3lica por el ser humano.<br \/>\nEl amplio norte y su franja fronteriza conforman una extraordinaria complejidad, no es una regi\u00f3n sino muchas, tantas como la \u00f3ptica del que la mira es capaz de descubrir o imaginar, lo cual no es raro si consideramos que las regiones son pretextos para explicar la realidad de un espacio determinado y sobre el que tenemos un inter\u00e9s espec\u00edfico. Tan avasallante heterogeneidad dentro de una imaginada homogeneidad s\u00f3lo es pensable si se atribuye una pretendida esencia norte\u00f1a, misma que definir\u00eda a sus habitantes. En ese sentido se puede parafrasear a Edmundo O&#8217;Gorman y hablar de \u00abla invenci\u00f3n del norte de M\u00e9xico\u00bb. Sin embargo, la \u00abesencia\u00bb es una categor\u00eda poco \u00fatil al historiador contempor\u00e1neo, quien se siente m\u00e1s c\u00f3modo al estudiar o explicar la particular, lo espec\u00edfico. De ah\u00ed que a los ojos del historiador la historia del norte de M\u00e9xico y su frontera es la de muchos norte y de una frontera multidimensional.<br \/>\nLo anterior se ve reflejado en Historia, regi\u00f3n y frontera norte de M\u00e9xico el cual incluye estudios que abarcan desde la prehistoria y los primeros habitantes que ocuparon las m\u00e1rgenes del r\u00edo Bravo, pasando por la descripci\u00f3n del avance colonial espa\u00f1ol sobre el septentri\u00f3n novohispano entre los siglos XVI y XVIII, por las complicadas pr\u00e1cticas de recaudaci\u00f3n hacendaria y aduanera en la frontera norte durante las primeras d\u00e9cadas del M\u00e9xico independiente y por las h\u00e1biles estrategias de desarrollo agroindustrial de los empresarios norte\u00f1os del siglo XX, hasta llegar a las concepciones del siglo XXI sobre la frontera y el ser fronterizo derivadas de los planteamientos de la historia cultural.<\/p>\n","protected":false},"excerpt":{"rendered":"<p>Lara Cisneros, Gerardo<\/p>\n","protected":false},"featured_media":888,"comment_status":"closed","ping_status":"closed","template":"","meta":[],"product_brand":[],"product_cat":[70,331],"product_tag":[727,709],"class_list":{"0":"post-792","1":"product","2":"type-product","3":"status-publish","4":"has-post-thumbnail","6":"product_cat-historia","7":"product_cat-historia-de-mexico","8":"product_tag-frontera-norte","9":"product_tag-historia-de-mexico","11":"first","12":"instock","13":"shipping-taxable","14":"purchasable","15":"product-type-simple"},"jetpack_sharing_enabled":true,"_links":{"self":[{"href":"https:\/\/libreriabonilla.com.mx\/index.php\/wp-json\/wp\/v2\/product\/792","targetHints":{"allow":["GET"]}}],"collection":[{"href":"https:\/\/libreriabonilla.com.mx\/index.php\/wp-json\/wp\/v2\/product"}],"about":[{"href":"https:\/\/libreriabonilla.com.mx\/index.php\/wp-json\/wp\/v2\/types\/product"}],"replies":[{"embeddable":true,"href":"https:\/\/libreriabonilla.com.mx\/index.php\/wp-json\/wp\/v2\/comments?post=792"}],"wp:featuredmedia":[{"embeddable":true,"href":"https:\/\/libreriabonilla.com.mx\/index.php\/wp-json\/wp\/v2\/media\/888"}],"wp:attachment":[{"href":"https:\/\/libreriabonilla.com.mx\/index.php\/wp-json\/wp\/v2\/media?parent=792"}],"wp:term":[{"taxonomy":"product_brand","embeddable":true,"href":"https:\/\/libreriabonilla.com.mx\/index.php\/wp-json\/wp\/v2\/product_brand?post=792"},{"taxonomy":"product_cat","embeddable":true,"href":"https:\/\/libreriabonilla.com.mx\/index.php\/wp-json\/wp\/v2\/product_cat?post=792"},{"taxonomy":"product_tag","embeddable":true,"href":"https:\/\/libreriabonilla.com.mx\/index.php\/wp-json\/wp\/v2\/product_tag?post=792"}],"curies":[{"name":"wp","href":"https:\/\/api.w.org\/{rel}","templated":true}]}}