{"id":791,"date":"2026-04-21T22:23:15","date_gmt":"2026-04-22T01:53:15","guid":{"rendered":"https:\/\/libreriabonilla.com.mx\/?post_type=product&#038;p=791"},"modified":"2026-04-27T21:27:39","modified_gmt":"2026-04-28T00:57:39","slug":"los-cuentos-del-predicador","status":"publish","type":"product","link":"https:\/\/libreriabonilla.com.mx\/index.php\/producto\/los-cuentos-del-predicador\/","title":{"rendered":"Los cuentos del predicador"},"content":{"rendered":"<p>Luz de verdades cat\u00f3licas es un libro de \u00abpl\u00e1ticas\u00bb que, no obstante ser ahora bastante desconocido, se trata de una de las obras religiosas m\u00e1s le\u00eddas desde fines del siglo XVII y hasta inicios del XIX. De hecho, en la Historia de la provincia de la Compa\u00f1\u00eda [_], de Francisco Javier Alegre, se llega a decir que ha tenido m\u00e1s ediciones que ning\u00fan otro libro mexicano.<br \/>\nPara el estudio de los relatos ejemplares usados en esta colecci\u00f3n de pl\u00e1ticas se ha seguido un riguroso an\u00e1lisis ret\u00f3rico, mismo que ha permitido no s\u00f3lo su lectura en un contexto persuasivo sino tambi\u00e9n la consideraci\u00f3n de los mismos como instrumentos forjadores de cultura y ciudadan\u00eda. Y es que un estudio completo de la argumentaci\u00f3n ejemplar implica, adem\u00e1s de la consideraci\u00f3n de los instrumentos para la ilustraci\u00f3n de la doctrina, la formulaci\u00f3n de hip\u00f3tesis sobre su articulaci\u00f3n para cumplir diversas funciones sociales, culturales y aun pol\u00edticas, en el sentido en que suelen funcionar las piezas de oratoria humilde.<\/p>\n<p>MANUEL PEREZ: Doctor en Literatura Hisp\u00e1nica por El Colegio de M\u00e9xico. Ha publicado estudios sobre literatura novohispana y de los Siglos de Oro, ret\u00f3rica, literatura ejemplar y literatura popular. Ha sido profesor visitante en Brown University, investigador visitante en El Colegio de Sonora (M\u00e9xico) y actualmente es profesor-investigador en la Universidad Aut\u00f3noma de San Luis Potos\u00ed (M\u00e9xico).<\/p>\n","protected":false},"excerpt":{"rendered":"<p>P\u00e9rez, Manuel<\/p>\n","protected":false},"featured_media":909,"comment_status":"closed","ping_status":"closed","template":"","meta":[],"product_brand":[],"product_cat":[72],"product_tag":[605,584],"class_list":{"0":"post-791","1":"product","2":"type-product","3":"status-publish","4":"has-post-thumbnail","6":"product_cat-literatura","7":"product_tag-literatura","8":"product_tag-literatura-mexicana","10":"first","11":"instock","12":"shipping-taxable","13":"purchasable","14":"product-type-simple"},"jetpack_sharing_enabled":true,"_links":{"self":[{"href":"https:\/\/libreriabonilla.com.mx\/index.php\/wp-json\/wp\/v2\/product\/791","targetHints":{"allow":["GET"]}}],"collection":[{"href":"https:\/\/libreriabonilla.com.mx\/index.php\/wp-json\/wp\/v2\/product"}],"about":[{"href":"https:\/\/libreriabonilla.com.mx\/index.php\/wp-json\/wp\/v2\/types\/product"}],"replies":[{"embeddable":true,"href":"https:\/\/libreriabonilla.com.mx\/index.php\/wp-json\/wp\/v2\/comments?post=791"}],"wp:featuredmedia":[{"embeddable":true,"href":"https:\/\/libreriabonilla.com.mx\/index.php\/wp-json\/wp\/v2\/media\/909"}],"wp:attachment":[{"href":"https:\/\/libreriabonilla.com.mx\/index.php\/wp-json\/wp\/v2\/media?parent=791"}],"wp:term":[{"taxonomy":"product_brand","embeddable":true,"href":"https:\/\/libreriabonilla.com.mx\/index.php\/wp-json\/wp\/v2\/product_brand?post=791"},{"taxonomy":"product_cat","embeddable":true,"href":"https:\/\/libreriabonilla.com.mx\/index.php\/wp-json\/wp\/v2\/product_cat?post=791"},{"taxonomy":"product_tag","embeddable":true,"href":"https:\/\/libreriabonilla.com.mx\/index.php\/wp-json\/wp\/v2\/product_tag?post=791"}],"curies":[{"name":"wp","href":"https:\/\/api.w.org\/{rel}","templated":true}]}}