{"id":789,"date":"2026-04-21T22:23:15","date_gmt":"2026-04-22T01:53:15","guid":{"rendered":"https:\/\/libreriabonilla.com.mx\/?post_type=product&#038;p=789"},"modified":"2026-04-27T21:31:25","modified_gmt":"2026-04-28T01:01:25","slug":"pertenencia-y-alteridad","status":"publish","type":"product","link":"https:\/\/libreriabonilla.com.mx\/index.php\/producto\/pertenencia-y-alteridad\/","title":{"rendered":"Pertenencia y alteridad"},"content":{"rendered":"<p>Pertenencia y alteridad -esfuerzo colectivo en el que participan treinta reconocidos investigadores e intelectuales de las Am\u00e9ricas, Europa e Israel- examina desde diversas disciplinas acad\u00e9micas los procesos de cambio que han transformado la vida y la cultura de los jud\u00edos en Am\u00e9rica Latina durante los \u00faltimos cuarenta a\u00f1os. \u00bfQu\u00e9 modificaciones acaecidas en los pa\u00edses de la regi\u00f3n legitiman la pertenencia y la diversidad en la sociedad civil y la esfera p\u00fablica, y cu\u00e1les son sus l\u00edmites?\u00bfC\u00f3mo interact\u00faan las adscripciones \u00e9tnicas y c\u00edvicas en la conformaci\u00f3n de identidades nacionales?, etc\u00e9tera. Los ensayos buscan indagar pautas distintivas dentro de la heterogeneidad de Am\u00e9rica Latina, junto con otras propias de las dimensiones nacionales, al tiempo que analizan la perspectiva global del pueblo jud\u00edo y sus v\u00ednculos con Israel. El creciente inter\u00e9s en las di\u00e1sporas etno-nacionales y religiosas se enriquece con reflexiones tem\u00e1ticas y epistemol\u00f3gicas y nuevos paradigmas en el campo del juda\u00edsmo contempor\u00e1neo, que tambi\u00e9n aportan miradas originales a la comprensi\u00f3n de la diversidad<\/p>\n","protected":false},"excerpt":{"rendered":"<p>Avni, Haim<\/p>\n","protected":false},"featured_media":1011,"comment_status":"closed","ping_status":"closed","template":"","meta":[],"product_brand":[],"product_cat":[31],"product_tag":[639,128,728],"class_list":{"0":"post-789","1":"product","2":"type-product","3":"status-publish","4":"has-post-thumbnail","6":"product_cat-ensayo","7":"product_tag-america-latina","8":"product_tag-ensayo","9":"product_tag-judaismo","11":"first","12":"instock","13":"shipping-taxable","14":"purchasable","15":"product-type-simple"},"jetpack_sharing_enabled":true,"_links":{"self":[{"href":"https:\/\/libreriabonilla.com.mx\/index.php\/wp-json\/wp\/v2\/product\/789","targetHints":{"allow":["GET"]}}],"collection":[{"href":"https:\/\/libreriabonilla.com.mx\/index.php\/wp-json\/wp\/v2\/product"}],"about":[{"href":"https:\/\/libreriabonilla.com.mx\/index.php\/wp-json\/wp\/v2\/types\/product"}],"replies":[{"embeddable":true,"href":"https:\/\/libreriabonilla.com.mx\/index.php\/wp-json\/wp\/v2\/comments?post=789"}],"wp:featuredmedia":[{"embeddable":true,"href":"https:\/\/libreriabonilla.com.mx\/index.php\/wp-json\/wp\/v2\/media\/1011"}],"wp:attachment":[{"href":"https:\/\/libreriabonilla.com.mx\/index.php\/wp-json\/wp\/v2\/media?parent=789"}],"wp:term":[{"taxonomy":"product_brand","embeddable":true,"href":"https:\/\/libreriabonilla.com.mx\/index.php\/wp-json\/wp\/v2\/product_brand?post=789"},{"taxonomy":"product_cat","embeddable":true,"href":"https:\/\/libreriabonilla.com.mx\/index.php\/wp-json\/wp\/v2\/product_cat?post=789"},{"taxonomy":"product_tag","embeddable":true,"href":"https:\/\/libreriabonilla.com.mx\/index.php\/wp-json\/wp\/v2\/product_tag?post=789"}],"curies":[{"name":"wp","href":"https:\/\/api.w.org\/{rel}","templated":true}]}}