{"id":788,"date":"2026-04-21T22:23:15","date_gmt":"2026-04-22T01:53:15","guid":{"rendered":"https:\/\/libreriabonilla.com.mx\/?post_type=product&#038;p=788"},"modified":"2026-04-27T23:05:35","modified_gmt":"2026-04-28T02:35:35","slug":"red-de-autores","status":"publish","type":"product","link":"https:\/\/libreriabonilla.com.mx\/index.php\/producto\/red-de-autores\/","title":{"rendered":"Red de autores"},"content":{"rendered":"<p>La corriente del Delta del Orinoco es la red por la que fluyen y se conectan siglos, naciones, novelistas, cuentistas, cantantes, pintores, poetas; y en ella el pescador Jos\u00e9 Balza nos lleva a trav\u00e9s de im\u00e1genes, paisajes, versos y boleros. Consta de cuatro partes: en la primera, Baltasar Graci\u00e1n, El Lunajero, Hernando Dom\u00ednguez Camargo y fray Juan Antonio de Navarrete nos recrean el Siglo de Oro y la Colonia; en la segunda Jos\u00e9 Balza nos introduce y explica su pa\u00eds natal a trav\u00e9s del ensayo \u00abPensar a Venezuela\u00bb, para despu\u00e9s presentarnos algunas voces m\u00e1s reconocidas: Jos\u00e9 Antonio Ramos Sucre, Silda Cordoliani, Julio Garmendia, Gustavo Guerrero, Rafael Cadenas, Jos\u00fa Landa&#8230; En la tercera parte nos lleva por un recorrido a lo largo de la literatura hispanoamericana de la segunda mitad del siglo XX festejando, disfrutando y comparti\u00e9ndonos sus hallazgos en las creaciones de Octavio Paz, Sergio Pitol, Alejandro Rossi, Julio Ortega, Eduardo Mil\u00e1n y Adolfo Casta\u00f1on, entre otros. En la cuarta y \u00faltima parte de esta red, el navegante Balza nos cuenta sobre la historia y las luminarias de un ritmo tan \u00edntimo como lo es el bolero.<\/p>\n","protected":false},"excerpt":{"rendered":"<p>Balza, Jos\u00e9<\/p>\n","protected":false},"featured_media":1098,"comment_status":"closed","ping_status":"closed","template":"","meta":[],"product_brand":[],"product_cat":[31,72],"product_tag":[729,605],"class_list":{"0":"post-788","1":"product","2":"type-product","3":"status-publish","4":"has-post-thumbnail","6":"product_cat-ensayo","7":"product_cat-literatura","8":"product_tag-autores-latinoamericanos","9":"product_tag-literatura","11":"first","12":"instock","13":"shipping-taxable","14":"purchasable","15":"product-type-simple"},"jetpack_sharing_enabled":true,"_links":{"self":[{"href":"https:\/\/libreriabonilla.com.mx\/index.php\/wp-json\/wp\/v2\/product\/788","targetHints":{"allow":["GET"]}}],"collection":[{"href":"https:\/\/libreriabonilla.com.mx\/index.php\/wp-json\/wp\/v2\/product"}],"about":[{"href":"https:\/\/libreriabonilla.com.mx\/index.php\/wp-json\/wp\/v2\/types\/product"}],"replies":[{"embeddable":true,"href":"https:\/\/libreriabonilla.com.mx\/index.php\/wp-json\/wp\/v2\/comments?post=788"}],"wp:featuredmedia":[{"embeddable":true,"href":"https:\/\/libreriabonilla.com.mx\/index.php\/wp-json\/wp\/v2\/media\/1098"}],"wp:attachment":[{"href":"https:\/\/libreriabonilla.com.mx\/index.php\/wp-json\/wp\/v2\/media?parent=788"}],"wp:term":[{"taxonomy":"product_brand","embeddable":true,"href":"https:\/\/libreriabonilla.com.mx\/index.php\/wp-json\/wp\/v2\/product_brand?post=788"},{"taxonomy":"product_cat","embeddable":true,"href":"https:\/\/libreriabonilla.com.mx\/index.php\/wp-json\/wp\/v2\/product_cat?post=788"},{"taxonomy":"product_tag","embeddable":true,"href":"https:\/\/libreriabonilla.com.mx\/index.php\/wp-json\/wp\/v2\/product_tag?post=788"}],"curies":[{"name":"wp","href":"https:\/\/api.w.org\/{rel}","templated":true}]}}