{"id":787,"date":"2026-04-21T22:23:15","date_gmt":"2026-04-22T01:53:15","guid":{"rendered":"https:\/\/libreriabonilla.com.mx\/?post_type=product&#038;p=787"},"modified":"2026-04-27T23:07:02","modified_gmt":"2026-04-28T02:37:02","slug":"repensar-las-artes-culturas-educacion-y-cruce-de-itinerarios","status":"publish","type":"product","link":"https:\/\/libreriabonilla.com.mx\/index.php\/producto\/repensar-las-artes-culturas-educacion-y-cruce-de-itinerarios\/","title":{"rendered":"Repensar las artes. Culturas, educacion y cruce de itinerarios"},"content":{"rendered":"<p>La obra representa un abordaje interesante y original- que se extiende por varias \u00e9pocas y lugares- de las distintas facetas de la educaci\u00f3n y la formaci\u00f3n art\u00edstica. Constituye una aportaci\u00f3n singular en la medida en que ilumina zonas y \u00e1mbitos poco atendidos y otorga jerarqu\u00eda a pr\u00e1cticas muchas veces marginadas del tratamiento de la historia de la educaci\u00f3n formal, no s\u00f3lo en lo que se refiere a la educaci\u00f3n art\u00edstica sino tambi\u00e9n en cuanto que atiende a los \u00e1mbitos artesanal, etnogr\u00e1fico y urbano contempor\u00e1neo, esto es, a un tipo de educaci\u00f3n que se da en espacios no reconocidos por la ense\u00f1anza formal. Los trabajos, respaldados por un concienzudo trabajo heur\u00edstico y hermen\u00e9utico, y organizados en tres ejes (\u00abMirar el ethos\u00bb, \u00abConfigurar el tiempo\u00bb, \u00abRememorar los ecos\u00bb). Son propicios, en efecto, para repensar la educaci\u00f3n art\u00edstica.<br \/>\nPor su pertinencia, este libro no s\u00f3lo ser\u00e1 de utilidad a los especialistas en sociolog\u00eda, historia o educaci\u00f3n, sino tambi\u00e9n a los simples interesados en adentrarse en el tema.<\/p>\n","protected":false},"excerpt":{"rendered":"<p>Aguirre Lora, Maria Esther<\/p>\n","protected":false},"featured_media":1129,"comment_status":"closed","ping_status":"closed","template":"","meta":[],"product_brand":[],"product_cat":[66,31],"product_tag":[704,730],"class_list":{"0":"post-787","1":"product","2":"type-product","3":"status-publish","4":"has-post-thumbnail","6":"product_cat-arte","7":"product_cat-ensayo","8":"product_tag-arte","9":"product_tag-arte-y-cultura","11":"first","12":"instock","13":"shipping-taxable","14":"purchasable","15":"product-type-simple"},"jetpack_sharing_enabled":true,"_links":{"self":[{"href":"https:\/\/libreriabonilla.com.mx\/index.php\/wp-json\/wp\/v2\/product\/787","targetHints":{"allow":["GET"]}}],"collection":[{"href":"https:\/\/libreriabonilla.com.mx\/index.php\/wp-json\/wp\/v2\/product"}],"about":[{"href":"https:\/\/libreriabonilla.com.mx\/index.php\/wp-json\/wp\/v2\/types\/product"}],"replies":[{"embeddable":true,"href":"https:\/\/libreriabonilla.com.mx\/index.php\/wp-json\/wp\/v2\/comments?post=787"}],"wp:featuredmedia":[{"embeddable":true,"href":"https:\/\/libreriabonilla.com.mx\/index.php\/wp-json\/wp\/v2\/media\/1129"}],"wp:attachment":[{"href":"https:\/\/libreriabonilla.com.mx\/index.php\/wp-json\/wp\/v2\/media?parent=787"}],"wp:term":[{"taxonomy":"product_brand","embeddable":true,"href":"https:\/\/libreriabonilla.com.mx\/index.php\/wp-json\/wp\/v2\/product_brand?post=787"},{"taxonomy":"product_cat","embeddable":true,"href":"https:\/\/libreriabonilla.com.mx\/index.php\/wp-json\/wp\/v2\/product_cat?post=787"},{"taxonomy":"product_tag","embeddable":true,"href":"https:\/\/libreriabonilla.com.mx\/index.php\/wp-json\/wp\/v2\/product_tag?post=787"}],"curies":[{"name":"wp","href":"https:\/\/api.w.org\/{rel}","templated":true}]}}