{"id":786,"date":"2026-04-21T22:23:14","date_gmt":"2026-04-22T01:53:14","guid":{"rendered":"https:\/\/libreriabonilla.com.mx\/?post_type=product&#038;p=786"},"modified":"2026-04-27T23:08:44","modified_gmt":"2026-04-28T02:38:44","slug":"el-patrimonio-cultural-de-espana-y-mexico","status":"publish","type":"product","link":"https:\/\/libreriabonilla.com.mx\/index.php\/producto\/el-patrimonio-cultural-de-espana-y-mexico\/","title":{"rendered":"El patrimonio cultural de Espa\u00f1a y M\u00e9xico"},"content":{"rendered":"<p>A pesar de que existe consenso en llamar patrimonio cultural a los bienes hist\u00f3ricos, naturales, culturales o art\u00edsticos vinculados al pasado y a la identidad de un pueblo, la verdad es que la definici\u00f3n de patrimonio es un asunto en el que los especialistas no han alcanzado a construir un acuerdo universal.<br \/>\nLa idea de patrimonio se encuentra en permanente construcci\u00f3n, pues al igual que la idea de la historia, es un rubro que precisamente por involucrar al pasado, se define desde el presente; es decir, desde valores y perspectivas contempor\u00e1neas. No obstante, como se ver\u00e1 en varios cap\u00edtulos que integran la presente obra, no siempre los criterios oficiales o legales sobre el patrimonio corresponden a la realidad social y a las diferentes problem\u00e1ticas sociales, econ\u00f3micas, pol\u00edticas, ecol\u00f3gicas, culturales y acad\u00e9micas que envuelven a la clasificaci\u00f3n, la investigaci\u00f3n, el resguardo, el cuidado, la conservaci\u00f3n, el uso y el goce del patrimonio en cualquiera de sus diferentes manifestaciones.<br \/>\nEn esta obra, acad\u00e9micos de la Universidad de C\u00f3rdoba, Espa\u00f1a, y del Instituto de Investigaciones Hist\u00f3ricas de la Universidad Aut\u00f3noma de Tamaulipas, M\u00e9xico, despu\u00e9s de haber desarrollado el proyecto de investigaci\u00f3n: \u00abPatrimonio hist\u00f3rico de la Sierra de Tamaulipas (M\u00e9xico): bases para una gesti\u00f3n integrada cultural y ambiental\u00bb, bajo los auspicios de ambas universidades y de la Agencia Espa\u00f1ola de Cooperaci\u00f3n Internacional para el Desarrollo (AECID), nos comparten sus hallazgos y conclusiones en El Patrimonio cultural de Espa\u00f1a y M\u00e9xico: definiciones y problemas desde Andaluc\u00eda y Tamaulipas<\/p>\n","protected":false},"excerpt":{"rendered":"<p>Lara Cisneros, Gerardo<\/p>\n","protected":false},"featured_media":871,"comment_status":"closed","ping_status":"closed","template":"","meta":[],"product_brand":[],"product_cat":[272,326,66,31,70,72],"product_tag":[730,731],"class_list":{"0":"post-786","1":"product","2":"type-product","3":"status-publish","4":"has-post-thumbnail","6":"product_cat-america-latina","7":"product_cat-arquitectura","8":"product_cat-arte","9":"product_cat-ensayo","10":"product_cat-historia","11":"product_cat-literatura","12":"product_tag-arte-y-cultura","13":"product_tag-historia-del-arte","15":"first","16":"instock","17":"shipping-taxable","18":"purchasable","19":"product-type-simple"},"jetpack_sharing_enabled":true,"_links":{"self":[{"href":"https:\/\/libreriabonilla.com.mx\/index.php\/wp-json\/wp\/v2\/product\/786","targetHints":{"allow":["GET"]}}],"collection":[{"href":"https:\/\/libreriabonilla.com.mx\/index.php\/wp-json\/wp\/v2\/product"}],"about":[{"href":"https:\/\/libreriabonilla.com.mx\/index.php\/wp-json\/wp\/v2\/types\/product"}],"replies":[{"embeddable":true,"href":"https:\/\/libreriabonilla.com.mx\/index.php\/wp-json\/wp\/v2\/comments?post=786"}],"wp:featuredmedia":[{"embeddable":true,"href":"https:\/\/libreriabonilla.com.mx\/index.php\/wp-json\/wp\/v2\/media\/871"}],"wp:attachment":[{"href":"https:\/\/libreriabonilla.com.mx\/index.php\/wp-json\/wp\/v2\/media?parent=786"}],"wp:term":[{"taxonomy":"product_brand","embeddable":true,"href":"https:\/\/libreriabonilla.com.mx\/index.php\/wp-json\/wp\/v2\/product_brand?post=786"},{"taxonomy":"product_cat","embeddable":true,"href":"https:\/\/libreriabonilla.com.mx\/index.php\/wp-json\/wp\/v2\/product_cat?post=786"},{"taxonomy":"product_tag","embeddable":true,"href":"https:\/\/libreriabonilla.com.mx\/index.php\/wp-json\/wp\/v2\/product_tag?post=786"}],"curies":[{"name":"wp","href":"https:\/\/api.w.org\/{rel}","templated":true}]}}