{"id":785,"date":"2026-04-21T22:23:14","date_gmt":"2026-04-22T01:53:14","guid":{"rendered":"https:\/\/libreriabonilla.com.mx\/?post_type=product&#038;p=785"},"modified":"2026-04-27T23:11:38","modified_gmt":"2026-04-28T02:41:38","slug":"creencias-pedagogicas-y-tecnologia-educativa","status":"publish","type":"product","link":"https:\/\/libreriabonilla.com.mx\/index.php\/producto\/creencias-pedagogicas-y-tecnologia-educativa\/","title":{"rendered":"Creencias pedag\u00f3gicas y tecnolog\u00eda educativa"},"content":{"rendered":"<p>En este libro encontrar\u00e1 un an\u00e1lisis del uso que los profesores universitarios hacen de la tecnolog\u00eda educativa y su relaci\u00f3n con las creencias pedag\u00f3gicas. La inquietdu que origin\u00f3 este trabajo fue el hecho de percibir en las universidades la presencia cada vez mas importante de equipamiento tecnol\u00f3gico y el surgimiento de programas cuyo objetivo es alentar el uso de la tecnolog\u00eda en el proceso de aprendizaje.<\/p>\n","protected":false},"excerpt":{"rendered":"<p>Reyes Cruz, Mar\u00eda del Rosario<\/p>\n","protected":false},"featured_media":1081,"comment_status":"closed","ping_status":"closed","template":"","meta":[],"product_brand":[],"product_cat":[27,732],"product_tag":[684,734,733],"class_list":{"0":"post-785","1":"product","2":"type-product","3":"status-publish","4":"has-post-thumbnail","6":"product_cat-educacion","7":"product_cat-pedagogia","8":"product_tag-educacion","9":"product_tag-nuevas-tecnologias","10":"product_tag-pedagogia","12":"first","13":"instock","14":"shipping-taxable","15":"purchasable","16":"product-type-simple"},"jetpack_sharing_enabled":true,"_links":{"self":[{"href":"https:\/\/libreriabonilla.com.mx\/index.php\/wp-json\/wp\/v2\/product\/785","targetHints":{"allow":["GET"]}}],"collection":[{"href":"https:\/\/libreriabonilla.com.mx\/index.php\/wp-json\/wp\/v2\/product"}],"about":[{"href":"https:\/\/libreriabonilla.com.mx\/index.php\/wp-json\/wp\/v2\/types\/product"}],"replies":[{"embeddable":true,"href":"https:\/\/libreriabonilla.com.mx\/index.php\/wp-json\/wp\/v2\/comments?post=785"}],"wp:featuredmedia":[{"embeddable":true,"href":"https:\/\/libreriabonilla.com.mx\/index.php\/wp-json\/wp\/v2\/media\/1081"}],"wp:attachment":[{"href":"https:\/\/libreriabonilla.com.mx\/index.php\/wp-json\/wp\/v2\/media?parent=785"}],"wp:term":[{"taxonomy":"product_brand","embeddable":true,"href":"https:\/\/libreriabonilla.com.mx\/index.php\/wp-json\/wp\/v2\/product_brand?post=785"},{"taxonomy":"product_cat","embeddable":true,"href":"https:\/\/libreriabonilla.com.mx\/index.php\/wp-json\/wp\/v2\/product_cat?post=785"},{"taxonomy":"product_tag","embeddable":true,"href":"https:\/\/libreriabonilla.com.mx\/index.php\/wp-json\/wp\/v2\/product_tag?post=785"}],"curies":[{"name":"wp","href":"https:\/\/api.w.org\/{rel}","templated":true}]}}