{"id":784,"date":"2026-04-21T22:23:14","date_gmt":"2026-04-22T01:53:14","guid":{"rendered":"https:\/\/libreriabonilla.com.mx\/?post_type=product&#038;p=784"},"modified":"2026-04-27T23:12:54","modified_gmt":"2026-04-28T02:42:54","slug":"geopolitica-relaciones-internacionales-y-etnicidad","status":"publish","type":"product","link":"https:\/\/libreriabonilla.com.mx\/index.php\/producto\/geopolitica-relaciones-internacionales-y-etnicidad\/","title":{"rendered":"Geopol\u00edtica, relaciones internacionales y etnicidad"},"content":{"rendered":"<p>Geopol\u00edtica, relaciones internacionales y etnicidad. Aspectos de la construcci\u00f3n del Estado en Am\u00e9rica Latina durante los siglos XIX y XX, es un libro colectivo en el que se incluyen investigaciones elaboradas por un grupo de acad\u00e9micos de distintas universidades y entidades de educaci\u00f3n superior dedicadas al amplio estudio de temas hist\u00f3ricos y de relaciones internacionales en Am\u00e9rica Latina y el Caribe. De esta manera, este esfuerzo tambi\u00e9n es producto de la colaboraci\u00f3n de diversas entidades de investigaci\u00f3n y educativas de M\u00e9xico, Centro y Sudam\u00e9rica.<br \/>\nLos trabajos aqu\u00ed reunidos tienen como elemento com\u00fan hacer un examen cr\u00edtico sobre el proceso de independencia gestado en el siglo XIX en determinados territorios coloniales del llamado Nuevo Mundo. A la par se analiza c\u00f3mo una vez conseguida la independencia pol\u00edtica, se comenzaron a desarrollar una serie de pugnas y luchas internas en los nuevos pa\u00edses que alcanzaron soberan\u00eda, y c\u00f3mo emerge el dilema de la construcci\u00f3n de los diferentes Estados nacionales.<\/p>\n","protected":false},"excerpt":{"rendered":"<p>Ben\u00edtez Lopez, Jazm\u00edn<\/p>\n","protected":false},"featured_media":1032,"comment_status":"closed","ping_status":"closed","template":"","meta":[],"product_brand":[],"product_cat":[433],"product_tag":[635,633],"class_list":{"0":"post-784","1":"product","2":"type-product","3":"status-publish","4":"has-post-thumbnail","6":"product_cat-politica-exterior","7":"product_tag-caribe","8":"product_tag-gepolitica","10":"first","11":"instock","12":"shipping-taxable","13":"purchasable","14":"product-type-simple"},"jetpack_sharing_enabled":true,"_links":{"self":[{"href":"https:\/\/libreriabonilla.com.mx\/index.php\/wp-json\/wp\/v2\/product\/784","targetHints":{"allow":["GET"]}}],"collection":[{"href":"https:\/\/libreriabonilla.com.mx\/index.php\/wp-json\/wp\/v2\/product"}],"about":[{"href":"https:\/\/libreriabonilla.com.mx\/index.php\/wp-json\/wp\/v2\/types\/product"}],"replies":[{"embeddable":true,"href":"https:\/\/libreriabonilla.com.mx\/index.php\/wp-json\/wp\/v2\/comments?post=784"}],"wp:featuredmedia":[{"embeddable":true,"href":"https:\/\/libreriabonilla.com.mx\/index.php\/wp-json\/wp\/v2\/media\/1032"}],"wp:attachment":[{"href":"https:\/\/libreriabonilla.com.mx\/index.php\/wp-json\/wp\/v2\/media?parent=784"}],"wp:term":[{"taxonomy":"product_brand","embeddable":true,"href":"https:\/\/libreriabonilla.com.mx\/index.php\/wp-json\/wp\/v2\/product_brand?post=784"},{"taxonomy":"product_cat","embeddable":true,"href":"https:\/\/libreriabonilla.com.mx\/index.php\/wp-json\/wp\/v2\/product_cat?post=784"},{"taxonomy":"product_tag","embeddable":true,"href":"https:\/\/libreriabonilla.com.mx\/index.php\/wp-json\/wp\/v2\/product_tag?post=784"}],"curies":[{"name":"wp","href":"https:\/\/api.w.org\/{rel}","templated":true}]}}