{"id":783,"date":"2026-04-21T22:23:14","date_gmt":"2026-04-22T01:53:14","guid":{"rendered":"https:\/\/libreriabonilla.com.mx\/?post_type=product&#038;p=783"},"modified":"2026-04-27T23:14:22","modified_gmt":"2026-04-28T02:44:22","slug":"analisis-del-discurso-estrategias-y-propuestas-de-lectura","status":"publish","type":"product","link":"https:\/\/libreriabonilla.com.mx\/index.php\/producto\/analisis-del-discurso-estrategias-y-propuestas-de-lectura\/","title":{"rendered":"An\u00e1lisis del discurso: estrategias y propuestas de lectura"},"content":{"rendered":"<p>Una breve ojeada a la investigaci\u00f3n sobre el an\u00e1lisis del discurso en la actualidad nos muestra que esta disciplina se est\u00e1 convirtiendo en un campo de muy r\u00e1pido crecimiento y de muy variada aplicaci\u00f3n; se encuentra en la intersecci\u00f3n de muchas disciplinas y en cada una de ellas tiene un prop\u00f3sito espec\u00edfico, por lo que la expresi\u00f3n misma del an\u00e1lisis del discurso tiene much\u00edsimas connotaciones.<br \/>\nEl libro An\u00e1lisis del discurso: estrategias y propuestas de lectura es un ejemplo de todo lo anterior: comprende diez art\u00edculos, escritos por especialistas, en los que se enfoca el discurso desde las perspectivas filos\u00f3fica, ret\u00f3rica, cr\u00edtica, literaria, sem\u00e1ntica, estil\u00edstica, gr\u00e1fica y del lenguaje de se\u00f1as.<br \/>\nCada art\u00edculo trata de elucidar c\u00f3mo un texto o un conjunto de textos revela, a trav\u00e9s de su estructura particular, la intenci\u00f3n o la funci\u00f3n para la que fue producido. De ah\u00ed que el libro, en conjunto, se perfile como una serie de propuestas de lectura que parten desde la atalaya experimental de diversas estrategias (inter\/multi)disciplinares.<\/p>\n","protected":false},"excerpt":{"rendered":"<p>Fenoglio Lim\u00f3n, Irene<\/p>\n","protected":false},"featured_media":1054,"comment_status":"closed","ping_status":"closed","template":"","meta":[],"product_brand":[],"product_cat":[72],"product_tag":[572,584],"class_list":{"0":"post-783","1":"product","2":"type-product","3":"status-publish","4":"has-post-thumbnail","6":"product_cat-literatura","7":"product_tag-analisis-del-discurso","8":"product_tag-literatura-mexicana","10":"first","11":"instock","12":"shipping-taxable","13":"purchasable","14":"product-type-simple"},"jetpack_sharing_enabled":true,"_links":{"self":[{"href":"https:\/\/libreriabonilla.com.mx\/index.php\/wp-json\/wp\/v2\/product\/783","targetHints":{"allow":["GET"]}}],"collection":[{"href":"https:\/\/libreriabonilla.com.mx\/index.php\/wp-json\/wp\/v2\/product"}],"about":[{"href":"https:\/\/libreriabonilla.com.mx\/index.php\/wp-json\/wp\/v2\/types\/product"}],"replies":[{"embeddable":true,"href":"https:\/\/libreriabonilla.com.mx\/index.php\/wp-json\/wp\/v2\/comments?post=783"}],"wp:featuredmedia":[{"embeddable":true,"href":"https:\/\/libreriabonilla.com.mx\/index.php\/wp-json\/wp\/v2\/media\/1054"}],"wp:attachment":[{"href":"https:\/\/libreriabonilla.com.mx\/index.php\/wp-json\/wp\/v2\/media?parent=783"}],"wp:term":[{"taxonomy":"product_brand","embeddable":true,"href":"https:\/\/libreriabonilla.com.mx\/index.php\/wp-json\/wp\/v2\/product_brand?post=783"},{"taxonomy":"product_cat","embeddable":true,"href":"https:\/\/libreriabonilla.com.mx\/index.php\/wp-json\/wp\/v2\/product_cat?post=783"},{"taxonomy":"product_tag","embeddable":true,"href":"https:\/\/libreriabonilla.com.mx\/index.php\/wp-json\/wp\/v2\/product_tag?post=783"}],"curies":[{"name":"wp","href":"https:\/\/api.w.org\/{rel}","templated":true}]}}