{"id":781,"date":"2026-04-21T22:23:14","date_gmt":"2026-04-22T01:53:14","guid":{"rendered":"https:\/\/libreriabonilla.com.mx\/?post_type=product&#038;p=781"},"modified":"2026-04-27T23:17:25","modified_gmt":"2026-04-28T02:47:25","slug":"democracia-conocimiento-y-cultura","status":"publish","type":"product","link":"https:\/\/libreriabonilla.com.mx\/index.php\/producto\/democracia-conocimiento-y-cultura\/","title":{"rendered":"Democracia, conocimiento y cultura"},"content":{"rendered":"<p>En el marco del 80 Aniversario del Instituto de Investigaciones Sociales de la UNAM se celebr\u00f3 el Simposio \u00abPensar el mundo desde las Ciencias Sociales, hoy\u00bb. durante el cual se analiz\u00f3 y discuti\u00f3, en seis mesas magistrales, desde diversas perspectivas anal\u00edticas, los aspectos prioritarios y los principales problemas del mundo sobre esas t\u00e9maticas, en un ambiente de pluralidad de posiciones, enfoques, marcos conceptuales, dimensiones y abordajes.<br \/>\nEn este libro se integran diecisiete trabajos que fueron revisados por sus autores a la luz de las discusiones e intercambios que se generaron durante el Simposio. Est\u00e1 organizado en tres secciones: \u00abSociedad, desigualdad y democracia\u00bb, \u00abConocimiento, sociedad y universidad\u00bb e \u00abIdentidad, cultura y multiculturalidad\u00bb.<\/p>\n","protected":false},"excerpt":{"rendered":"<p>Casas Guerrero, Rosalba<\/p>\n","protected":false},"featured_media":1050,"comment_status":"closed","ping_status":"closed","template":"","meta":[],"product_brand":[],"product_cat":[143,52,163,31],"product_tag":[717,692,737,128],"class_list":{"0":"post-781","1":"product","2":"type-product","3":"status-publish","4":"has-post-thumbnail","6":"product_cat-ciencias-politicas","7":"product_cat-ciencias-sociales","8":"product_cat-economia","9":"product_cat-ensayo","10":"product_tag-ciencias-sociales","11":"product_tag-cultura","12":"product_tag-democracia","13":"product_tag-ensayo","15":"first","16":"instock","17":"shipping-taxable","18":"purchasable","19":"product-type-simple"},"jetpack_sharing_enabled":true,"_links":{"self":[{"href":"https:\/\/libreriabonilla.com.mx\/index.php\/wp-json\/wp\/v2\/product\/781","targetHints":{"allow":["GET"]}}],"collection":[{"href":"https:\/\/libreriabonilla.com.mx\/index.php\/wp-json\/wp\/v2\/product"}],"about":[{"href":"https:\/\/libreriabonilla.com.mx\/index.php\/wp-json\/wp\/v2\/types\/product"}],"replies":[{"embeddable":true,"href":"https:\/\/libreriabonilla.com.mx\/index.php\/wp-json\/wp\/v2\/comments?post=781"}],"wp:featuredmedia":[{"embeddable":true,"href":"https:\/\/libreriabonilla.com.mx\/index.php\/wp-json\/wp\/v2\/media\/1050"}],"wp:attachment":[{"href":"https:\/\/libreriabonilla.com.mx\/index.php\/wp-json\/wp\/v2\/media?parent=781"}],"wp:term":[{"taxonomy":"product_brand","embeddable":true,"href":"https:\/\/libreriabonilla.com.mx\/index.php\/wp-json\/wp\/v2\/product_brand?post=781"},{"taxonomy":"product_cat","embeddable":true,"href":"https:\/\/libreriabonilla.com.mx\/index.php\/wp-json\/wp\/v2\/product_cat?post=781"},{"taxonomy":"product_tag","embeddable":true,"href":"https:\/\/libreriabonilla.com.mx\/index.php\/wp-json\/wp\/v2\/product_tag?post=781"}],"curies":[{"name":"wp","href":"https:\/\/api.w.org\/{rel}","templated":true}]}}