{"id":780,"date":"2026-04-21T22:23:14","date_gmt":"2026-04-22T01:53:14","guid":{"rendered":"https:\/\/libreriabonilla.com.mx\/?post_type=product&#038;p=780"},"modified":"2026-04-27T23:19:11","modified_gmt":"2026-04-28T02:49:11","slug":"la-risa-en-la-literatura-mexicana-apuntes-de-poetica","status":"publish","type":"product","link":"https:\/\/libreriabonilla.com.mx\/index.php\/producto\/la-risa-en-la-literatura-mexicana-apuntes-de-poetica\/","title":{"rendered":"La risa en la literatura mexicana (apuntes de po\u00e9tica)"},"content":{"rendered":"<p>La risa en la literatura mexicana (apuntes de po\u00e9tica) es una propuesta de relectura de la tradici\u00f3n literaria mexicana que, a contracorriente de la cr\u00edtica empe\u00f1ada en ver s\u00f3lo el lado melanc\u00f3lico y tr\u00e1gico en el perfil de la cultura mexicana, busca develar las formas en las que la risa ha sido la fuerza organizadora de g\u00e9neros y obras fundamentales.<br \/>\nEn este estudio se explora la vida de lo sat\u00edrico, lo grotesco, lo l\u00fadico para comprender de una manera renovada los di\u00e1logos y pugnas entre distintos proyectos est\u00e9ticos que han convivido en M\u00e9xico.<\/p>\n","protected":false},"excerpt":{"rendered":"<p>Mungu\u00eda, Martha Elena<\/p>\n","protected":false},"featured_media":1009,"comment_status":"closed","ping_status":"closed","template":"","meta":[],"product_brand":[],"product_cat":[72,85],"product_tag":[584],"class_list":{"0":"post-780","1":"product","2":"type-product","3":"status-publish","4":"has-post-thumbnail","6":"product_cat-literatura","7":"product_cat-poesia","8":"product_tag-literatura-mexicana","10":"first","11":"instock","12":"shipping-taxable","13":"purchasable","14":"product-type-simple"},"jetpack_sharing_enabled":true,"_links":{"self":[{"href":"https:\/\/libreriabonilla.com.mx\/index.php\/wp-json\/wp\/v2\/product\/780","targetHints":{"allow":["GET"]}}],"collection":[{"href":"https:\/\/libreriabonilla.com.mx\/index.php\/wp-json\/wp\/v2\/product"}],"about":[{"href":"https:\/\/libreriabonilla.com.mx\/index.php\/wp-json\/wp\/v2\/types\/product"}],"replies":[{"embeddable":true,"href":"https:\/\/libreriabonilla.com.mx\/index.php\/wp-json\/wp\/v2\/comments?post=780"}],"wp:featuredmedia":[{"embeddable":true,"href":"https:\/\/libreriabonilla.com.mx\/index.php\/wp-json\/wp\/v2\/media\/1009"}],"wp:attachment":[{"href":"https:\/\/libreriabonilla.com.mx\/index.php\/wp-json\/wp\/v2\/media?parent=780"}],"wp:term":[{"taxonomy":"product_brand","embeddable":true,"href":"https:\/\/libreriabonilla.com.mx\/index.php\/wp-json\/wp\/v2\/product_brand?post=780"},{"taxonomy":"product_cat","embeddable":true,"href":"https:\/\/libreriabonilla.com.mx\/index.php\/wp-json\/wp\/v2\/product_cat?post=780"},{"taxonomy":"product_tag","embeddable":true,"href":"https:\/\/libreriabonilla.com.mx\/index.php\/wp-json\/wp\/v2\/product_tag?post=780"}],"curies":[{"name":"wp","href":"https:\/\/api.w.org\/{rel}","templated":true}]}}