{"id":779,"date":"2026-04-21T22:23:14","date_gmt":"2026-04-22T01:53:14","guid":{"rendered":"https:\/\/libreriabonilla.com.mx\/?post_type=product&#038;p=779"},"modified":"2026-04-27T23:20:06","modified_gmt":"2026-04-28T02:50:06","slug":"la-risa-luces-y-sombras-estudios-disciplinarios","status":"publish","type":"product","link":"https:\/\/libreriabonilla.com.mx\/index.php\/producto\/la-risa-luces-y-sombras-estudios-disciplinarios\/","title":{"rendered":"La risa: luces y sombras. Estudios disciplinarios"},"content":{"rendered":"<p>El libro que el lector tiene en sus manos busca arrojar un poco de luz sobre la risa y el humor en las artes y, en particular, en la literatura. Se privilegia la diversidad de horizontes, intentando construir &#8211;con el conjunto de las aportaciones&#8211; una perspectiva amplia sobre este fen\u00f3meno tan enigm\u00e1tico como presente en la vida y la cultura.<\/p>\n<p>Es una invitaci\u00f3n a la reflexi\u00f3n y el di\u00e1logo desde distintas disciplinas, de ah\u00ed que el lector encuentre estudios de algunas manifestaciones de la risa en obras literarias de muy variados momentos hist\u00f3ricos, as\u00ed como en la pintura, la antropolog\u00eda, la m\u00fasica y la ciencia, entre otros.<\/p>\n","protected":false},"excerpt":{"rendered":"<p>Gidi, Claudia<\/p>\n","protected":false},"featured_media":1051,"comment_status":"closed","ping_status":"closed","template":"","meta":[],"product_brand":[],"product_cat":[72],"product_tag":[584],"class_list":{"0":"post-779","1":"product","2":"type-product","3":"status-publish","4":"has-post-thumbnail","6":"product_cat-literatura","7":"product_tag-literatura-mexicana","9":"first","10":"instock","11":"shipping-taxable","12":"purchasable","13":"product-type-simple"},"jetpack_sharing_enabled":true,"_links":{"self":[{"href":"https:\/\/libreriabonilla.com.mx\/index.php\/wp-json\/wp\/v2\/product\/779","targetHints":{"allow":["GET"]}}],"collection":[{"href":"https:\/\/libreriabonilla.com.mx\/index.php\/wp-json\/wp\/v2\/product"}],"about":[{"href":"https:\/\/libreriabonilla.com.mx\/index.php\/wp-json\/wp\/v2\/types\/product"}],"replies":[{"embeddable":true,"href":"https:\/\/libreriabonilla.com.mx\/index.php\/wp-json\/wp\/v2\/comments?post=779"}],"wp:featuredmedia":[{"embeddable":true,"href":"https:\/\/libreriabonilla.com.mx\/index.php\/wp-json\/wp\/v2\/media\/1051"}],"wp:attachment":[{"href":"https:\/\/libreriabonilla.com.mx\/index.php\/wp-json\/wp\/v2\/media?parent=779"}],"wp:term":[{"taxonomy":"product_brand","embeddable":true,"href":"https:\/\/libreriabonilla.com.mx\/index.php\/wp-json\/wp\/v2\/product_brand?post=779"},{"taxonomy":"product_cat","embeddable":true,"href":"https:\/\/libreriabonilla.com.mx\/index.php\/wp-json\/wp\/v2\/product_cat?post=779"},{"taxonomy":"product_tag","embeddable":true,"href":"https:\/\/libreriabonilla.com.mx\/index.php\/wp-json\/wp\/v2\/product_tag?post=779"}],"curies":[{"name":"wp","href":"https:\/\/api.w.org\/{rel}","templated":true}]}}