{"id":777,"date":"2026-04-21T22:23:14","date_gmt":"2026-04-22T01:53:14","guid":{"rendered":"https:\/\/libreriabonilla.com.mx\/?post_type=product&#038;p=777"},"modified":"2026-04-27T23:23:12","modified_gmt":"2026-04-28T02:53:12","slug":"mexico-migraciones-culturales-topografias-trasatlanticas","status":"publish","type":"product","link":"https:\/\/libreriabonilla.com.mx\/index.php\/producto\/mexico-migraciones-culturales-topografias-trasatlanticas\/","title":{"rendered":"M\u00e9xico: migraciones culturales-topograf\u00edas trasatl\u00e1nticas"},"content":{"rendered":"<p>Las migraciones generalmente tratadas en clave sociol\u00f3gica, se van transformando en un paradigma de productividad cultural. Eso nos demuestra la necesidad de repensar la cultura desde el movimiento, pues el movimiento produce innovaciones y transformaciones. Adem\u00e1s, los contactos entre culturas y lenguas favorecen las interrelaciones y dan lugar a otras percepciones espacio-temporales. El presente tomo aborda el potencial de las migraciones culturales en el \u00e1rea transatl\u00e1ntica que relaciona a M\u00e9xico con Europa a nivel hist\u00f3rico y sistem\u00e1tico en relaci\u00f3n a distintos medios.<\/p>\n","protected":false},"excerpt":{"rendered":"<p>Bors\u00f3, Vittoria<\/p>\n","protected":false},"featured_media":901,"comment_status":"closed","ping_status":"closed","template":"","meta":[],"product_brand":[],"product_cat":[422],"product_tag":[128,531,696],"class_list":{"0":"post-777","1":"product","2":"type-product","3":"status-publish","4":"has-post-thumbnail","6":"product_cat-sociologia","7":"product_tag-ensayo","8":"product_tag-migracion","9":"product_tag-sociologia","11":"first","12":"instock","13":"shipping-taxable","14":"purchasable","15":"product-type-simple"},"jetpack_sharing_enabled":true,"_links":{"self":[{"href":"https:\/\/libreriabonilla.com.mx\/index.php\/wp-json\/wp\/v2\/product\/777","targetHints":{"allow":["GET"]}}],"collection":[{"href":"https:\/\/libreriabonilla.com.mx\/index.php\/wp-json\/wp\/v2\/product"}],"about":[{"href":"https:\/\/libreriabonilla.com.mx\/index.php\/wp-json\/wp\/v2\/types\/product"}],"replies":[{"embeddable":true,"href":"https:\/\/libreriabonilla.com.mx\/index.php\/wp-json\/wp\/v2\/comments?post=777"}],"wp:featuredmedia":[{"embeddable":true,"href":"https:\/\/libreriabonilla.com.mx\/index.php\/wp-json\/wp\/v2\/media\/901"}],"wp:attachment":[{"href":"https:\/\/libreriabonilla.com.mx\/index.php\/wp-json\/wp\/v2\/media?parent=777"}],"wp:term":[{"taxonomy":"product_brand","embeddable":true,"href":"https:\/\/libreriabonilla.com.mx\/index.php\/wp-json\/wp\/v2\/product_brand?post=777"},{"taxonomy":"product_cat","embeddable":true,"href":"https:\/\/libreriabonilla.com.mx\/index.php\/wp-json\/wp\/v2\/product_cat?post=777"},{"taxonomy":"product_tag","embeddable":true,"href":"https:\/\/libreriabonilla.com.mx\/index.php\/wp-json\/wp\/v2\/product_tag?post=777"}],"curies":[{"name":"wp","href":"https:\/\/api.w.org\/{rel}","templated":true}]}}