{"id":775,"date":"2026-04-21T22:23:14","date_gmt":"2026-04-22T01:53:14","guid":{"rendered":"https:\/\/libreriabonilla.com.mx\/?post_type=product&#038;p=775"},"modified":"2026-04-27T23:26:38","modified_gmt":"2026-04-28T02:56:38","slug":"xicotencatl","status":"publish","type":"product","link":"https:\/\/libreriabonilla.com.mx\/index.php\/producto\/xicotencatl\/","title":{"rendered":"Xicotencatl"},"content":{"rendered":"<p>Xicotencatl es considerada la primera novela hist\u00f3rica escrita en lengua espa\u00f1ola. En ella se recrea el \u201cpaso\u201d de Hern\u00e1n Cort\u00e9s por la rep\u00fablica de Tlaxcala, lo que permite despu\u00e9s obtener el triunfo en M\u00e9xico-Tenochtitlan, coraz\u00f3n del imperio azteca. Con personajes hist\u00f3ricos como el propio Cort\u00e9s, la Malinche, el h\u00e9roe tlaxcalteca Xicotencatl y senadores como Maxiscatzin y Xicotencatl padre, sustenta la tesis de que la conquista espa\u00f1ola en Am\u00e9rica obedeci\u00f3 m\u00e1s a las divisiones internas de los indigenas que al genio de los invasores. Para ilustrarla, el autor reconstruye los sucesos ocurridos en Tlaxcala entre 1519 y 1521, y da su propio veredicto hist\u00f3rico.<\/p>\n<p>Esta edici\u00f3n se basa en un facs\u00edmil de la primera -publicada por Guillermo Stavelly, en Filadelfia, en el a\u00f1o 1826- cotejado con la versi\u00f3n de Antonio Castro Leal y con la de Luis Leal y Rodolfo J. Cortina.. A diferencia de esta \u00faltima, que adjudica la obra a F\u00e9lix Varela, y a ediciones posteriores de la UNAM y Planeta DeAgostini, que lo hacen a Jos\u00e9 Mar\u00eda Heredia, se ha querido aqu\u00ed respetar el anonimato del autor. El ensayo \u201cEl origen de la novela hist\u00f3rica en Am\u00e9rica Latina: Xicotencatl y la doctrina de la predestinaci\u00f3n de la naci\u00f3n mexicana\u201d. que sirve de introducci\u00f3n establece la relaci\u00f3n entre la novela.<\/p>\n","protected":false},"excerpt":{"rendered":"<p>An\u00f3nimo<\/p>\n","protected":false},"featured_media":1381,"comment_status":"closed","ping_status":"closed","template":"","meta":[],"product_brand":[],"product_cat":[72,126],"product_tag":[605,739],"class_list":{"0":"post-775","1":"product","2":"type-product","3":"status-publish","4":"has-post-thumbnail","6":"product_cat-literatura","7":"product_cat-literatura-latinoamericana","8":"product_tag-literatura","9":"product_tag-novela","11":"first","12":"instock","13":"shipping-taxable","14":"purchasable","15":"product-type-simple"},"jetpack_sharing_enabled":true,"_links":{"self":[{"href":"https:\/\/libreriabonilla.com.mx\/index.php\/wp-json\/wp\/v2\/product\/775","targetHints":{"allow":["GET"]}}],"collection":[{"href":"https:\/\/libreriabonilla.com.mx\/index.php\/wp-json\/wp\/v2\/product"}],"about":[{"href":"https:\/\/libreriabonilla.com.mx\/index.php\/wp-json\/wp\/v2\/types\/product"}],"replies":[{"embeddable":true,"href":"https:\/\/libreriabonilla.com.mx\/index.php\/wp-json\/wp\/v2\/comments?post=775"}],"wp:featuredmedia":[{"embeddable":true,"href":"https:\/\/libreriabonilla.com.mx\/index.php\/wp-json\/wp\/v2\/media\/1381"}],"wp:attachment":[{"href":"https:\/\/libreriabonilla.com.mx\/index.php\/wp-json\/wp\/v2\/media?parent=775"}],"wp:term":[{"taxonomy":"product_brand","embeddable":true,"href":"https:\/\/libreriabonilla.com.mx\/index.php\/wp-json\/wp\/v2\/product_brand?post=775"},{"taxonomy":"product_cat","embeddable":true,"href":"https:\/\/libreriabonilla.com.mx\/index.php\/wp-json\/wp\/v2\/product_cat?post=775"},{"taxonomy":"product_tag","embeddable":true,"href":"https:\/\/libreriabonilla.com.mx\/index.php\/wp-json\/wp\/v2\/product_tag?post=775"}],"curies":[{"name":"wp","href":"https:\/\/api.w.org\/{rel}","templated":true}]}}