{"id":773,"date":"2026-04-21T22:23:14","date_gmt":"2026-04-22T01:53:14","guid":{"rendered":"https:\/\/libreriabonilla.com.mx\/?post_type=product&#038;p=773"},"modified":"2026-04-27T23:36:15","modified_gmt":"2026-04-28T03:06:15","slug":"analisis-del-ser-del-mexicano-y-otros-escritos-sobre-la-filosofia-de-lo-mexicano-1949-1952","status":"publish","type":"product","link":"https:\/\/libreriabonilla.com.mx\/index.php\/producto\/analisis-del-ser-del-mexicano-y-otros-escritos-sobre-la-filosofia-de-lo-mexicano-1949-1952\/","title":{"rendered":"An\u00e1lisis del ser del Mexicano y otros escritos sobre la filosof\u00eda de lo mexicano (1949-1952)"},"content":{"rendered":"<p>Con la presente edici\u00f3n del An\u00e1lisis del ser del mexicano de Emilio Uranga en la colecci\u00f3n Las semanas del jard\u00edn se pone al alcance del lector contempor\u00e1neo una obra fundamental en la reflexi\u00f3n en torno a lo mexicano, tema que no ha dejado de estar presente en las reflexiones de los intelectuales del pa\u00eds desde mediados del siglo pasado, pero que por azares librescos y literarios no ha sido accesible para el p\u00fablico en general.<br \/>\nEn An\u00e1lisis del ser del mexicano y otros escritos sobre la filosof\u00eda de lo mexicano (1949-1952) se recogen todos los textos publicados por Uranga relacionados con este tema, tanto en revistas acad\u00e9micas como en los suplementos culturales de la prensa.<br \/>\nNinguna reflexi\u00f3n profunda que se haga sobre M\u00e9xico y lo mexicano hoy en d\u00eda puede dejar de tomar en cuenta, aunque sea como antecedente, la p\u00e1ginas l\u00facidas y provocadoras que el joven Emilio Uranga escribi\u00f3sobre el tema entre 1949 y 1952<\/p>\n","protected":false},"excerpt":{"rendered":"<p>Uranga, Emilio<\/p>\n","protected":false},"featured_media":916,"comment_status":"closed","ping_status":"closed","template":"","meta":[],"product_brand":[],"product_cat":[183,31,72],"product_tag":[703],"class_list":{"0":"post-773","1":"product","2":"type-product","3":"status-publish","4":"has-post-thumbnail","6":"product_cat-antropologia","7":"product_cat-ensayo","8":"product_cat-literatura","9":"product_tag-antropologia-social","11":"first","12":"instock","13":"shipping-taxable","14":"purchasable","15":"product-type-simple"},"jetpack_sharing_enabled":true,"_links":{"self":[{"href":"https:\/\/libreriabonilla.com.mx\/index.php\/wp-json\/wp\/v2\/product\/773","targetHints":{"allow":["GET"]}}],"collection":[{"href":"https:\/\/libreriabonilla.com.mx\/index.php\/wp-json\/wp\/v2\/product"}],"about":[{"href":"https:\/\/libreriabonilla.com.mx\/index.php\/wp-json\/wp\/v2\/types\/product"}],"replies":[{"embeddable":true,"href":"https:\/\/libreriabonilla.com.mx\/index.php\/wp-json\/wp\/v2\/comments?post=773"}],"wp:featuredmedia":[{"embeddable":true,"href":"https:\/\/libreriabonilla.com.mx\/index.php\/wp-json\/wp\/v2\/media\/916"}],"wp:attachment":[{"href":"https:\/\/libreriabonilla.com.mx\/index.php\/wp-json\/wp\/v2\/media?parent=773"}],"wp:term":[{"taxonomy":"product_brand","embeddable":true,"href":"https:\/\/libreriabonilla.com.mx\/index.php\/wp-json\/wp\/v2\/product_brand?post=773"},{"taxonomy":"product_cat","embeddable":true,"href":"https:\/\/libreriabonilla.com.mx\/index.php\/wp-json\/wp\/v2\/product_cat?post=773"},{"taxonomy":"product_tag","embeddable":true,"href":"https:\/\/libreriabonilla.com.mx\/index.php\/wp-json\/wp\/v2\/product_tag?post=773"}],"curies":[{"name":"wp","href":"https:\/\/api.w.org\/{rel}","templated":true}]}}