{"id":772,"date":"2026-04-21T22:23:14","date_gmt":"2026-04-22T01:53:14","guid":{"rendered":"https:\/\/libreriabonilla.com.mx\/?post_type=product&#038;p=772"},"modified":"2026-04-27T23:37:28","modified_gmt":"2026-04-28T03:07:28","slug":"el-largo-proceso-historico-de-particion-territorial","status":"publish","type":"product","link":"https:\/\/libreriabonilla.com.mx\/index.php\/producto\/el-largo-proceso-historico-de-particion-territorial\/","title":{"rendered":"El largo proceso hist\u00f3rico de partici\u00f3n territorial"},"content":{"rendered":"<p>En la actualidad presenciamos un cambio profundo en las concepciones del territorio, las fronteras y los l\u00edmites -nociones que fueron construidad a finales del siglo XIX y fortalecidas durante la mayor parte del siglo XX-. Sin embargo, cabe preguntar \u00bftales cambios conducen invariablemente a la desaparici\u00f3n futura de las fronteras y los l\u00edmites territoriales?, o, por el contrario, \u00bfacaso se trata de la continuaci\u00f3n de un mismo proceso hist\u00f3rico de reconfiguraciones de los espacios territoriales y, en consecuencia, de los l\u00edmites y las fronteras?; sobre todo \u00bfcu\u00e1les son los factores que determinan los cambios en la configuraci\u00f3n del territorio y en la instalaci\u00f3n de fronteras y l\u00edmites?<br \/>\nEn las p\u00e1ginas de este libro, Juan Carlos Arriaga sostiene que no hay desaparici\u00f3n de las fronteras y los l\u00edmites territoriales ni su sustituci\u00f3n por aquellas anunciadas por la mundializaci\u00f3n (fronteras abiertas de la globalizaci\u00f3n), sino que se trata de un fen\u00f3meno al que denomina crisis de las fronteras hist\u00f3ricas. Las fronteras hist\u00f3ricas son aquellas pregonadas por los gobiernos de la regi\u00f3n a finales del siglo XIX y principios del siglo XX, declar\u00e1ndolas como definitivas, fijas y que cumplen funciones precisas que no var\u00edan con el tiempo. La crisis es una situaci\u00f3n de redefinici\u00f3n de las concepciones y las funciones de las fronteras y l\u00edmites.<\/p>\n","protected":false},"excerpt":{"rendered":"<p>Arriaga Rodr\u00edguez, Juan Carlos<\/p>\n","protected":false},"featured_media":1068,"comment_status":"closed","ping_status":"closed","template":"","meta":[],"product_brand":[],"product_cat":[31,70],"product_tag":[625,128],"class_list":{"0":"post-772","1":"product","2":"type-product","3":"status-publish","4":"has-post-thumbnail","6":"product_cat-ensayo","7":"product_cat-historia","8":"product_tag-america-latina-y-caribe","9":"product_tag-ensayo","11":"first","12":"instock","13":"shipping-taxable","14":"purchasable","15":"product-type-simple"},"jetpack_sharing_enabled":true,"_links":{"self":[{"href":"https:\/\/libreriabonilla.com.mx\/index.php\/wp-json\/wp\/v2\/product\/772","targetHints":{"allow":["GET"]}}],"collection":[{"href":"https:\/\/libreriabonilla.com.mx\/index.php\/wp-json\/wp\/v2\/product"}],"about":[{"href":"https:\/\/libreriabonilla.com.mx\/index.php\/wp-json\/wp\/v2\/types\/product"}],"replies":[{"embeddable":true,"href":"https:\/\/libreriabonilla.com.mx\/index.php\/wp-json\/wp\/v2\/comments?post=772"}],"wp:featuredmedia":[{"embeddable":true,"href":"https:\/\/libreriabonilla.com.mx\/index.php\/wp-json\/wp\/v2\/media\/1068"}],"wp:attachment":[{"href":"https:\/\/libreriabonilla.com.mx\/index.php\/wp-json\/wp\/v2\/media?parent=772"}],"wp:term":[{"taxonomy":"product_brand","embeddable":true,"href":"https:\/\/libreriabonilla.com.mx\/index.php\/wp-json\/wp\/v2\/product_brand?post=772"},{"taxonomy":"product_cat","embeddable":true,"href":"https:\/\/libreriabonilla.com.mx\/index.php\/wp-json\/wp\/v2\/product_cat?post=772"},{"taxonomy":"product_tag","embeddable":true,"href":"https:\/\/libreriabonilla.com.mx\/index.php\/wp-json\/wp\/v2\/product_tag?post=772"}],"curies":[{"name":"wp","href":"https:\/\/api.w.org\/{rel}","templated":true}]}}